{"id":299209,"date":"2024-10-24T15:01:32","date_gmt":"2024-10-24T13:01:32","guid":{"rendered":"https:\/\/glandine.com\/product\/dolce-gabbana-black-white-polka-dot-ascot-collar-midi-dress\/"},"modified":"2024-12-12T08:57:38","modified_gmt":"2024-12-12T07:57:38","slug":"dolce-gabbana-black-white-polka-dot-ascot-collar-midi-dress","status":"publish","type":"product","link":"https:\/\/tpmadalina42.supserv.cozmoslabs.com\/fi\/tuote-2\/dolce-gabbana-black-white-polka-dot-ascot-collar-midi-dress\/","title":{"rendered":"Dolce &amp; Gabbana mustavalkoinen Polka Dot Ascot -kaulusmidimekko"},"content":{"rendered":"<p>DOLCE &amp; GABBANA<\/p>\n<p>Wundersch\u00f6nes, 100% authentisches Dolce &amp; Gabbana Lang\u00e4rmeliges gepunktetes Midikleid in schwarz.<br \/>\nModell: Lang\u00e4rmeliges Midikleid<br \/>\nFarbe: Schwarz, Wei\u00df<br \/>\nMateriaali: 100% silkki<br \/>\nNapin sulkeminen<br \/>\nLogon yksityiskohdat<br \/>\nValmistettu Italiassa<br \/>\nEritt\u00e4in eksklusiivinen ja korkea ammattitaito<\/p>\n<p><strong>Dieser Artikel hat einen kleinen Fehler, es gibt Verf\u00e4rbungen auf der Vorderseite (siehe Bilder f\u00fcr Details). <\/strong><\/p>","protected":false},"excerpt":{"rendered":"<p>DOLCE &amp; GABBANA Wundersch\u00f6nes, 100% authentisches Dolce &amp; Gabbana Lang\u00e4rmeliges gepunktetes Midikleid in schwarz. Modell: Lang\u00e4rmeliges Midikleid Farbe: Schwarz, Wei\u00df Material: 100% Seide Knopfverschluss Logo-Details In Italien hergestellt Sehr exklusiv und hohe Handwerkskunst Dieser Artikel hat einen kleinen Fehler, es gibt Verf\u00e4rbungen auf der Vorderseite (siehe Bilder f\u00fcr Details).<\/p>","protected":false},"featured_media":299201,"template":"","meta":[],"product_brand":[1620],"product_cat":[1637,1659,1623],"product_tag":[],"class_list":{"0":"post-299209","1":"product","2":"type-product","3":"status-publish","4":"has-post-thumbnail","6":"product_brand-dolce-gabbana","7":"product_cat-frauen-kleidung","8":"product_cat-kleider","9":"product_cat-kleidung","11":"first","12":"instock","13":"sale","14":"taxable","15":"shipping-taxable","16":"purchasable","17":"product-type-variable"},"_links":{"self":[{"href":"https:\/\/tpmadalina42.supserv.cozmoslabs.com\/fi\/wp-json\/wp\/v2\/product\/299209","targetHints":{"allow":["GET"]}}],"collection":[{"href":"https:\/\/tpmadalina42.supserv.cozmoslabs.com\/fi\/wp-json\/wp\/v2\/product"}],"about":[{"href":"https:\/\/tpmadalina42.supserv.cozmoslabs.com\/fi\/wp-json\/wp\/v2\/types\/product"}],"wp:featuredmedia":[{"embeddable":true,"href":"https:\/\/tpmadalina42.supserv.cozmoslabs.com\/fi\/wp-json\/wp\/v2\/media\/299201"}],"wp:attachment":[{"href":"https:\/\/tpmadalina42.supserv.cozmoslabs.com\/fi\/wp-json\/wp\/v2\/media?parent=299209"}],"wp:term":[{"taxonomy":"product_brand","embeddable":true,"href":"https:\/\/tpmadalina42.supserv.cozmoslabs.com\/fi\/wp-json\/wp\/v2\/product_brand?post=299209"},{"taxonomy":"product_cat","embeddable":true,"href":"https:\/\/tpmadalina42.supserv.cozmoslabs.com\/fi\/wp-json\/wp\/v2\/product_cat?post=299209"},{"taxonomy":"product_tag","embeddable":true,"href":"https:\/\/tpmadalina42.supserv.cozmoslabs.com\/fi\/wp-json\/wp\/v2\/product_tag?post=299209"}],"curies":[{"name":"wp","href":"https:\/\/api.w.org\/{rel}","templated":true}]}}