{"id":299220,"date":"2024-10-24T16:00:42","date_gmt":"2024-10-24T14:00:42","guid":{"rendered":"https:\/\/glandine.com\/product\/dolce-gabbana-blue-mesh-trim-ruched-tulle-sheath-dress\/"},"modified":"2024-12-12T08:57:59","modified_gmt":"2024-12-12T07:57:59","slug":"dolce-gabbana-blue-mesh-trim-ruched-tulle-sheath-dress","status":"publish","type":"product","link":"https:\/\/tpmadalina42.supserv.cozmoslabs.com\/fi\/tuote-2\/dolce-gabbana-blue-mesh-trim-ruched-tulle-sheath-dress\/","title":{"rendered":"Dolce &amp; Gabbana sininen mesh-reunus, rypytetty tylli tuppimekko"},"content":{"rendered":"<p>DOLCE &amp; GABBANA<\/p>\n<p>Wundersch\u00f6nes, 100% authentisches Dolce &amp; Gabbana Blaues ger\u00fcschtes T\u00fcll-\u00c4rmelloses Bodycon Midikleid.<br \/>\nModell: Midi-Bodycon-Kleid<br \/>\nV\u00e4ri: Sininen<br \/>\nMaterial: 50% Baumwolle 25% Nylon 20% Elastan 5% Seide<br \/>\nFutter: 65% Acetat 29% Nylon 6% Elastan<br \/>\nVetoketju<br \/>\nLogon yksityiskohdat<br \/>\nValmistettu Italiassa<br \/>\nEritt\u00e4in eksklusiivinen ja korkea ammattitaito<\/p>\n<p><strong>Dieser Artikel hat einen kleinen Fehler, es gibt reparierte Risse auf der Vorderseite und gezogene F\u00e4den auf der R\u00fcckseite (siehe Bilder f\u00fcr Details). <\/strong><\/p>","protected":false},"excerpt":{"rendered":"<p>DOLCE &amp; GABBANA Wundersch\u00f6nes, 100% authentisches Dolce &amp; Gabbana Blaues ger\u00fcschtes T\u00fcll-\u00c4rmelloses Bodycon Midikleid. Modell: Midi-Bodycon-Kleid Farbe: Blau Material: 50% Baumwolle 25% Nylon 20% Elastan 5% Seide Futter: 65% Acetat 29% Nylon 6% Elastan Reissverschluss Logo-Details In Italien hergestellt Sehr exklusiv und hohe Handwerkskunst Dieser Artikel hat einen kleinen Fehler, es gibt reparierte Risse auf [&hellip;]<\/p>","protected":false},"featured_media":299212,"template":"","meta":[],"product_brand":[1620],"product_cat":[1637,1659,1623],"product_tag":[],"class_list":{"0":"post-299220","1":"product","2":"type-product","3":"status-publish","4":"has-post-thumbnail","6":"product_brand-dolce-gabbana","7":"product_cat-frauen-kleidung","8":"product_cat-kleider","9":"product_cat-kleidung","11":"first","12":"instock","13":"sale","14":"taxable","15":"shipping-taxable","16":"purchasable","17":"product-type-variable"},"_links":{"self":[{"href":"https:\/\/tpmadalina42.supserv.cozmoslabs.com\/fi\/wp-json\/wp\/v2\/product\/299220","targetHints":{"allow":["GET"]}}],"collection":[{"href":"https:\/\/tpmadalina42.supserv.cozmoslabs.com\/fi\/wp-json\/wp\/v2\/product"}],"about":[{"href":"https:\/\/tpmadalina42.supserv.cozmoslabs.com\/fi\/wp-json\/wp\/v2\/types\/product"}],"wp:featuredmedia":[{"embeddable":true,"href":"https:\/\/tpmadalina42.supserv.cozmoslabs.com\/fi\/wp-json\/wp\/v2\/media\/299212"}],"wp:attachment":[{"href":"https:\/\/tpmadalina42.supserv.cozmoslabs.com\/fi\/wp-json\/wp\/v2\/media?parent=299220"}],"wp:term":[{"taxonomy":"product_brand","embeddable":true,"href":"https:\/\/tpmadalina42.supserv.cozmoslabs.com\/fi\/wp-json\/wp\/v2\/product_brand?post=299220"},{"taxonomy":"product_cat","embeddable":true,"href":"https:\/\/tpmadalina42.supserv.cozmoslabs.com\/fi\/wp-json\/wp\/v2\/product_cat?post=299220"},{"taxonomy":"product_tag","embeddable":true,"href":"https:\/\/tpmadalina42.supserv.cozmoslabs.com\/fi\/wp-json\/wp\/v2\/product_tag?post=299220"}],"curies":[{"name":"wp","href":"https:\/\/api.w.org\/{rel}","templated":true}]}}