{"id":299230,"date":"2024-10-24T16:05:34","date_gmt":"2024-10-24T14:05:34","guid":{"rendered":"https:\/\/glandine.com\/product\/dolce-gabbana-glossy-pink-cotton-high-waist-mini-skirt\/"},"modified":"2024-12-12T08:58:19","modified_gmt":"2024-12-12T07:58:19","slug":"dolce-gabbana-glossy-pink-cotton-high-waist-mini-skirt","status":"publish","type":"product","link":"https:\/\/tpmadalina42.supserv.cozmoslabs.com\/fi\/tuote-2\/dolce-gabbana-glossy-pink-cotton-high-waist-mini-skirt\/","title":{"rendered":"Dolce &amp; Gabbana kiilt\u00e4v\u00e4 vaaleanpunainen korkeavy\u00f6t\u00e4r\u00f6inen minihame"},"content":{"rendered":"<p>DOLCE &amp; GABBANA<\/p>\n<p>Wundersch\u00f6ner, 100% authentischer DOLCE &amp; GABBANA Minirock mit hoher Taille.<br \/>\nModell: Mini, hohe Taille<br \/>\nV\u00e4ri: Pinkki<br \/>\nMateriaali: 100% puuvilla<br \/>\nFutter: 94% Seide 6% Elastan<br \/>\nVetoketjukiinnitys<br \/>\nLogon yksityiskohdat<br \/>\nValmistettu Italiassa<\/p>\n<p><strong>Dieser Artikel hat einen kleinen Fehler, es gibt Falten auf der Vorder- und R\u00fcckseite (siehe Bilder f\u00fcr Details). <\/strong><\/p>","protected":false},"excerpt":{"rendered":"<p>DOLCE &amp; GABBANA Wundersch\u00f6ner, 100% authentischer DOLCE &amp; GABBANA Minirock mit hoher Taille. Modell: Mini, hohe Taille Farbe: Rosa Material: 100% Baumwolle Futter: 94% Seide 6% Elastan Verschluss mit Rei\u00dfverschluss Logo-Details Hergestellt in Italien Dieser Artikel hat einen kleinen Fehler, es gibt Falten auf der Vorder- und R\u00fcckseite (siehe Bilder f\u00fcr Details).<\/p>","protected":false},"featured_media":299223,"template":"","meta":[],"product_brand":[1620],"product_cat":[1637,1623,1699],"product_tag":[],"class_list":{"0":"post-299230","1":"product","2":"type-product","3":"status-publish","4":"has-post-thumbnail","6":"product_brand-dolce-gabbana","7":"product_cat-frauen-kleidung","8":"product_cat-kleidung","9":"product_cat-roecke","11":"first","12":"instock","13":"sale","14":"taxable","15":"shipping-taxable","16":"purchasable","17":"product-type-variable"},"_links":{"self":[{"href":"https:\/\/tpmadalina42.supserv.cozmoslabs.com\/fi\/wp-json\/wp\/v2\/product\/299230","targetHints":{"allow":["GET"]}}],"collection":[{"href":"https:\/\/tpmadalina42.supserv.cozmoslabs.com\/fi\/wp-json\/wp\/v2\/product"}],"about":[{"href":"https:\/\/tpmadalina42.supserv.cozmoslabs.com\/fi\/wp-json\/wp\/v2\/types\/product"}],"wp:featuredmedia":[{"embeddable":true,"href":"https:\/\/tpmadalina42.supserv.cozmoslabs.com\/fi\/wp-json\/wp\/v2\/media\/299223"}],"wp:attachment":[{"href":"https:\/\/tpmadalina42.supserv.cozmoslabs.com\/fi\/wp-json\/wp\/v2\/media?parent=299230"}],"wp:term":[{"taxonomy":"product_brand","embeddable":true,"href":"https:\/\/tpmadalina42.supserv.cozmoslabs.com\/fi\/wp-json\/wp\/v2\/product_brand?post=299230"},{"taxonomy":"product_cat","embeddable":true,"href":"https:\/\/tpmadalina42.supserv.cozmoslabs.com\/fi\/wp-json\/wp\/v2\/product_cat?post=299230"},{"taxonomy":"product_tag","embeddable":true,"href":"https:\/\/tpmadalina42.supserv.cozmoslabs.com\/fi\/wp-json\/wp\/v2\/product_tag?post=299230"}],"curies":[{"name":"wp","href":"https:\/\/api.w.org\/{rel}","templated":true}]}}