{"id":300733,"date":"2024-10-31T13:24:03","date_gmt":"2024-10-31T12:24:03","guid":{"rendered":"https:\/\/glandine.com\/product\/cristinaeffe-gruene-kunstleder-crossbody-tasche\/"},"modified":"2024-12-01T18:25:26","modified_gmt":"2024-12-01T17:25:26","slug":"cristinaeffe-gruene-kunstleder-crossbody-tasche","status":"publish","type":"product","link":"https:\/\/tpmadalina42.supserv.cozmoslabs.com\/fi\/tuote-2\/cristinaeffe-gruene-kunstleder-crossbody-tasche\/","title":{"rendered":"CRISTINAEFFE vihre\u00e4 keinonahkainen Crossbody laukku"},"content":{"rendered":"<p>Cristina Effe Umh\u00e4ngetasche aus Kunstleder in Petrolgr\u00fcn, mit Markenlogo auf der Vorderseite.<\/p>","protected":false},"excerpt":{"rendered":"<p>Cristina Effe Umh\u00e4ngetasche aus Kunstleder in Petrolgr\u00fcn, mit Markenlogo auf der Vorderseite.<\/p>","protected":false},"featured_media":300730,"template":"","meta":[],"product_brand":[2441],"product_cat":[1731,1630],"product_tag":[],"class_list":{"0":"post-300733","1":"product","2":"type-product","3":"status-publish","4":"has-post-thumbnail","6":"product_brand-cristinaeffe","7":"product_cat-crossbody-taschen","8":"product_cat-frauen","10":"first","11":"instock","12":"sale","13":"taxable","14":"shipping-taxable","15":"purchasable","16":"product-type-simple"},"_links":{"self":[{"href":"https:\/\/tpmadalina42.supserv.cozmoslabs.com\/fi\/wp-json\/wp\/v2\/product\/300733","targetHints":{"allow":["GET"]}}],"collection":[{"href":"https:\/\/tpmadalina42.supserv.cozmoslabs.com\/fi\/wp-json\/wp\/v2\/product"}],"about":[{"href":"https:\/\/tpmadalina42.supserv.cozmoslabs.com\/fi\/wp-json\/wp\/v2\/types\/product"}],"wp:featuredmedia":[{"embeddable":true,"href":"https:\/\/tpmadalina42.supserv.cozmoslabs.com\/fi\/wp-json\/wp\/v2\/media\/300730"}],"wp:attachment":[{"href":"https:\/\/tpmadalina42.supserv.cozmoslabs.com\/fi\/wp-json\/wp\/v2\/media?parent=300733"}],"wp:term":[{"taxonomy":"product_brand","embeddable":true,"href":"https:\/\/tpmadalina42.supserv.cozmoslabs.com\/fi\/wp-json\/wp\/v2\/product_brand?post=300733"},{"taxonomy":"product_cat","embeddable":true,"href":"https:\/\/tpmadalina42.supserv.cozmoslabs.com\/fi\/wp-json\/wp\/v2\/product_cat?post=300733"},{"taxonomy":"product_tag","embeddable":true,"href":"https:\/\/tpmadalina42.supserv.cozmoslabs.com\/fi\/wp-json\/wp\/v2\/product_tag?post=300733"}],"curies":[{"name":"wp","href":"https:\/\/api.w.org\/{rel}","templated":true}]}}