{"id":301088,"date":"2024-11-06T14:23:28","date_gmt":"2024-11-06T13:23:28","guid":{"rendered":"https:\/\/glandine.com\/product\/malo-grauer-kaschmir-pullover-3\/"},"modified":"2024-12-10T21:50:30","modified_gmt":"2024-12-10T20:50:30","slug":"malo-grauer-kaschmir-pullover-3","status":"publish","type":"product","link":"https:\/\/tpmadalina42.supserv.cozmoslabs.com\/fi\/tuote-2\/malo-harmaa-kashmirpusero-3\/","title":{"rendered":"Malo harmaa kashmirpusero"},"content":{"rendered":"<p>Malo naisten kashmirpipo, jossa on py\u00f6re\u00e4 p\u00e4\u00e4ntie, uurrettu hihansuu, kaulus ja helma.<\/p>","protected":false},"excerpt":{"rendered":"<p>Malo naisten kashmirpipo, jossa on py\u00f6re\u00e4 p\u00e4\u00e4ntie, uurrettu hihansuu, kaulus ja helma.<\/p>","protected":false},"featured_media":301087,"template":"","meta":[],"product_brand":[2353],"product_cat":[1637,1623],"product_tag":[],"class_list":{"0":"post-301088","1":"product","2":"type-product","3":"status-publish","4":"has-post-thumbnail","6":"product_brand-malo","7":"product_cat-frauen-kleidung","8":"product_cat-kleidung","10":"first","11":"instock","12":"sale","13":"taxable","14":"shipping-taxable","15":"purchasable","16":"product-type-variable"},"_links":{"self":[{"href":"https:\/\/tpmadalina42.supserv.cozmoslabs.com\/fi\/wp-json\/wp\/v2\/product\/301088","targetHints":{"allow":["GET"]}}],"collection":[{"href":"https:\/\/tpmadalina42.supserv.cozmoslabs.com\/fi\/wp-json\/wp\/v2\/product"}],"about":[{"href":"https:\/\/tpmadalina42.supserv.cozmoslabs.com\/fi\/wp-json\/wp\/v2\/types\/product"}],"wp:featuredmedia":[{"embeddable":true,"href":"https:\/\/tpmadalina42.supserv.cozmoslabs.com\/fi\/wp-json\/wp\/v2\/media\/301087"}],"wp:attachment":[{"href":"https:\/\/tpmadalina42.supserv.cozmoslabs.com\/fi\/wp-json\/wp\/v2\/media?parent=301088"}],"wp:term":[{"taxonomy":"product_brand","embeddable":true,"href":"https:\/\/tpmadalina42.supserv.cozmoslabs.com\/fi\/wp-json\/wp\/v2\/product_brand?post=301088"},{"taxonomy":"product_cat","embeddable":true,"href":"https:\/\/tpmadalina42.supserv.cozmoslabs.com\/fi\/wp-json\/wp\/v2\/product_cat?post=301088"},{"taxonomy":"product_tag","embeddable":true,"href":"https:\/\/tpmadalina42.supserv.cozmoslabs.com\/fi\/wp-json\/wp\/v2\/product_tag?post=301088"}],"curies":[{"name":"wp","href":"https:\/\/api.w.org\/{rel}","templated":true}]}}