{"id":301200,"date":"2024-11-06T14:54:36","date_gmt":"2024-11-06T13:54:36","guid":{"rendered":"https:\/\/glandine.com\/product\/pompei-donatella-schwarze-leder-damen-crossbody-tasche-4\/"},"modified":"2024-11-29T15:27:37","modified_gmt":"2024-11-29T14:27:37","slug":"pompei-donatella-schwarze-leder-damen-crossbody-tasche-4","status":"publish","type":"product","link":"https:\/\/tpmadalina42.supserv.cozmoslabs.com\/fi\/tuote-2\/pompei-donatella-schwarze-leder-damen-crossbody-tasche-4\/","title":{"rendered":"Pompei Donatella musta nahkainen naisten crossbody-laukku"},"content":{"rendered":"<p>G\u00f6nnen Sie sich den Inbegriff von Raffinesse mit der Pompei Donatella Crossbody Bag aus Leder. Aus feinstem italienischem Leder gefertigt, ist dieses schicke Accessoire ein Beweis f\u00fcr zeitlose Eleganz. Mit ihrem eleganten schwarzen Farbton und ihrer raffinierten Form strahlt sie einen Hauch von unaufdringlichem Luxus aus &#8211; perfekt f\u00fcr die Frau, die Stil mit Pfiff zu sch\u00e4tzen wei\u00df. Das Innere ist mit dem Markenlogo ausgekleidet und wird mit einem Staubbeutel geliefert, der f\u00fcr exquisiten Schutz sorgt. Mit dem markanten Pompei Donatella-Logo ist diese Tasche ein echtes Statement f\u00fcr modisches Prestige.<\/p>\n<p>V\u00e4ri: Musta<br \/>\nMateriaali: 100% nahka<br \/>\nAlkuper\u00e4maa: IT<\/p>","protected":false},"excerpt":{"rendered":"<p>G\u00f6nnen Sie sich den Inbegriff von Raffinesse mit der Pompei Donatella Crossbody Bag aus Leder. Aus feinstem italienischem Leder gefertigt, ist dieses schicke Accessoire ein Beweis f\u00fcr zeitlose Eleganz. Mit ihrem eleganten schwarzen Farbton und ihrer raffinierten Form strahlt sie einen Hauch von unaufdringlichem Luxus aus &#8211; perfekt f\u00fcr die Frau, die Stil mit Pfiff [&hellip;]<\/p>","protected":false},"featured_media":301195,"template":"","meta":[],"product_brand":[1967],"product_cat":[1731,1630],"product_tag":[],"class_list":{"0":"post-301200","1":"product","2":"type-product","3":"status-publish","4":"has-post-thumbnail","6":"product_brand-pompei-donatella","7":"product_cat-crossbody-taschen","8":"product_cat-frauen","10":"first","11":"instock","12":"sale","13":"taxable","14":"shipping-taxable","15":"purchasable","16":"product-type-simple"},"_links":{"self":[{"href":"https:\/\/tpmadalina42.supserv.cozmoslabs.com\/fi\/wp-json\/wp\/v2\/product\/301200","targetHints":{"allow":["GET"]}}],"collection":[{"href":"https:\/\/tpmadalina42.supserv.cozmoslabs.com\/fi\/wp-json\/wp\/v2\/product"}],"about":[{"href":"https:\/\/tpmadalina42.supserv.cozmoslabs.com\/fi\/wp-json\/wp\/v2\/types\/product"}],"wp:featuredmedia":[{"embeddable":true,"href":"https:\/\/tpmadalina42.supserv.cozmoslabs.com\/fi\/wp-json\/wp\/v2\/media\/301195"}],"wp:attachment":[{"href":"https:\/\/tpmadalina42.supserv.cozmoslabs.com\/fi\/wp-json\/wp\/v2\/media?parent=301200"}],"wp:term":[{"taxonomy":"product_brand","embeddable":true,"href":"https:\/\/tpmadalina42.supserv.cozmoslabs.com\/fi\/wp-json\/wp\/v2\/product_brand?post=301200"},{"taxonomy":"product_cat","embeddable":true,"href":"https:\/\/tpmadalina42.supserv.cozmoslabs.com\/fi\/wp-json\/wp\/v2\/product_cat?post=301200"},{"taxonomy":"product_tag","embeddable":true,"href":"https:\/\/tpmadalina42.supserv.cozmoslabs.com\/fi\/wp-json\/wp\/v2\/product_tag?post=301200"}],"curies":[{"name":"wp","href":"https:\/\/api.w.org\/{rel}","templated":true}]}}