{"id":301346,"date":"2024-11-07T10:49:09","date_gmt":"2024-11-07T09:49:09","guid":{"rendered":"https:\/\/glandine.com\/product\/made-in-italy-black-leather-lace-up-mid-calf-boots-shoes\/"},"modified":"2024-12-12T08:18:33","modified_gmt":"2024-12-12T07:18:33","slug":"made-in-italy-black-leather-lace-up-mid-calf-boots-shoes","status":"publish","type":"product","link":"https:\/\/tpmadalina42.supserv.cozmoslabs.com\/fi\/tuote-2\/made-in-italy-black-leather-lace-up-mid-calf-boots-shoes\/","title":{"rendered":"Made in Italy Black Leather Lace Up Mid Calf Boots Shoes"},"content":{"rendered":"<p>MADE IN ITALY<\/p>\n<p>Wundersch\u00f6ne, 100% authentische MADE IN ITALY Herrenstiefel Schuhe mit Schn\u00fcrverschluss.<br \/>\nModell: Halbwadenstiefel<br \/>\nV\u00e4ri: Musta<br \/>\nMateriaali: 100% nahka<br \/>\nLaufsohle: Leder<br \/>\nPitsikiinnitys<br \/>\nLogon yksityiskohdat<br \/>\nValmistettu Italiassa<\/p>\n<p><strong>Dieser Artikel hat einen kleinen Defekt, es gibt einen Riss im Leder am rechten Schuh (siehe Bilder f\u00fcr Details).<\/strong><\/p>","protected":false},"excerpt":{"rendered":"<p>MADE IN ITALY Wundersch\u00f6ne, 100% authentische MADE IN ITALY Herrenstiefel Schuhe mit Schn\u00fcrverschluss. Modell: Halbwadenstiefel Farbe: Schwarz Material: 100% Leder Laufsohle: Leder Schn\u00fcrverschluss Logo-Details Hergestellt in Italien Dieser Artikel hat einen kleinen Defekt, es gibt einen Riss im Leder am rechten Schuh (siehe Bilder f\u00fcr Details).<\/p>","protected":false},"featured_media":301338,"template":"","meta":[],"product_brand":[2245],"product_cat":[1634,1624,1654],"product_tag":[],"class_list":{"0":"post-301346","1":"product","2":"type-product","3":"status-publish","4":"has-post-thumbnail","6":"product_brand-made-in-italy","7":"product_cat-maenner-schuhe","8":"product_cat-schuhe","9":"product_cat-stiefel","11":"first","12":"instock","13":"sale","14":"taxable","15":"shipping-taxable","16":"purchasable","17":"product-type-variable"},"_links":{"self":[{"href":"https:\/\/tpmadalina42.supserv.cozmoslabs.com\/fi\/wp-json\/wp\/v2\/product\/301346","targetHints":{"allow":["GET"]}}],"collection":[{"href":"https:\/\/tpmadalina42.supserv.cozmoslabs.com\/fi\/wp-json\/wp\/v2\/product"}],"about":[{"href":"https:\/\/tpmadalina42.supserv.cozmoslabs.com\/fi\/wp-json\/wp\/v2\/types\/product"}],"wp:featuredmedia":[{"embeddable":true,"href":"https:\/\/tpmadalina42.supserv.cozmoslabs.com\/fi\/wp-json\/wp\/v2\/media\/301338"}],"wp:attachment":[{"href":"https:\/\/tpmadalina42.supserv.cozmoslabs.com\/fi\/wp-json\/wp\/v2\/media?parent=301346"}],"wp:term":[{"taxonomy":"product_brand","embeddable":true,"href":"https:\/\/tpmadalina42.supserv.cozmoslabs.com\/fi\/wp-json\/wp\/v2\/product_brand?post=301346"},{"taxonomy":"product_cat","embeddable":true,"href":"https:\/\/tpmadalina42.supserv.cozmoslabs.com\/fi\/wp-json\/wp\/v2\/product_cat?post=301346"},{"taxonomy":"product_tag","embeddable":true,"href":"https:\/\/tpmadalina42.supserv.cozmoslabs.com\/fi\/wp-json\/wp\/v2\/product_tag?post=301346"}],"curies":[{"name":"wp","href":"https:\/\/api.w.org\/{rel}","templated":true}]}}