{"id":303093,"date":"2024-11-07T18:32:14","date_gmt":"2024-11-07T17:32:14","guid":{"rendered":"https:\/\/glandine.com\/product\/chanel-blue-lambskin-double-chain-leather-medium-shoulder-bag\/"},"modified":"2024-12-01T20:04:09","modified_gmt":"2024-12-01T19:04:09","slug":"chanel-blue-lambskin-double-chain-leather-medium-shoulder-bag","status":"publish","type":"product","link":"https:\/\/tpmadalina42.supserv.cozmoslabs.com\/fi\/tuote-2\/chanel-sininen-karitsannahka-kaksinkertainen-ketju-nahka-keskikokoinen-olkalaukku\/","title":{"rendered":"Chanel Blue Lambskin Double Chain Leather Medium Olkalaukku"},"content":{"rendered":"<p>CHANEL<\/p>\n<p>T\u00e4m\u00e4 Chanel Boy Bag koko Medium kauniissa sininen kaviaari nahka.<\/p>\n<p>ULKOPUOLI: A: ERITT\u00c4IN HYV\u00c4SS\u00c4 KUNNOSSA<br \/>\nSIS\u00c4PUOLI: A: ERITT\u00c4IN HYV\u00c4SS\u00c4 KUNNOSSA<br \/>\nUlkopuoli: ryppyj\u00e4, kulmien liev\u00e4\u00e4 kulumista, lievi\u00e4 k\u00e4yt\u00f6n j\u00e4lki\u00e4.<br \/>\nSis\u00e4tilat: kulumisen merkkej\u00e4<\/p>\n<p>Laitteisto: lievi\u00e4 j\u00e4lki\u00e4, kevyit\u00e4 naarmuja<\/p>\n<p>S: Uusi tai uusi ilman merkint\u00f6j\u00e4.<br \/>\nSA: Erinomainen kunto.<br \/>\nV: Hyv\u00e4 kunto, pieni\u00e4 k\u00e4yt\u00f6n j\u00e4lki\u00e4.<br \/>\nAB: K\u00e4ytetty kunto, v\u00e4h\u00e4n vaurioita.<br \/>\nB : Selvi\u00e4 kulumisen merkkej\u00e4 ja vakavia vaurioita.<\/p>\n<p>Numero : 239*****<br \/>\nTaskut: ulkopuolella: yksi tasku<br \/>\nSis\u00e4puoli: vetoketjullinen tasku, viisi taskua<br \/>\nKoko: 25cm<br \/>\nV\u00e4ri : Sininen<br \/>\nMateriaali : Kaviaari<br \/>\nMukana toimitetaan: sarjatarra, Entrupy-todistus.<br \/>\nValmistettu: Ranska<\/p>","protected":false},"excerpt":{"rendered":"<p>CHANEL Diese Chanel Boy Bag in Gr\u00f6\u00dfe Medium in wundersch\u00f6nem blauem Kaviarleder. AUSSEN: A: SEHR GUTER ZUSTAND INNEN: A: SEHR GUTER ZUSTAND \u00c4u\u00dferes: Falten, schwache Eckabnutzung, leichte Gebrauchsspuren Innen: Leichte Gebrauchsspuren Hardware: leichte Spuren, leichte Kratzer S : Neu oder neu ohne Etikett. SA : Ausgezeichneter Zustand. A : Guter Zustand mit leichten Gebrauchsspuren. AB [&hellip;]<\/p>","protected":false},"featured_media":303087,"template":"","meta":[],"product_brand":[2414],"product_cat":[1731,1630,1745],"product_tag":[],"class_list":{"0":"post-303093","1":"product","2":"type-product","3":"status-publish","4":"has-post-thumbnail","6":"product_brand-chanel","7":"product_cat-crossbody-taschen","8":"product_cat-frauen","9":"product_cat-umhaengetaschen-frauen","11":"first","12":"instock","13":"sale","14":"taxable","15":"shipping-taxable","16":"purchasable","17":"product-type-simple"},"_links":{"self":[{"href":"https:\/\/tpmadalina42.supserv.cozmoslabs.com\/fi\/wp-json\/wp\/v2\/product\/303093","targetHints":{"allow":["GET"]}}],"collection":[{"href":"https:\/\/tpmadalina42.supserv.cozmoslabs.com\/fi\/wp-json\/wp\/v2\/product"}],"about":[{"href":"https:\/\/tpmadalina42.supserv.cozmoslabs.com\/fi\/wp-json\/wp\/v2\/types\/product"}],"wp:featuredmedia":[{"embeddable":true,"href":"https:\/\/tpmadalina42.supserv.cozmoslabs.com\/fi\/wp-json\/wp\/v2\/media\/303087"}],"wp:attachment":[{"href":"https:\/\/tpmadalina42.supserv.cozmoslabs.com\/fi\/wp-json\/wp\/v2\/media?parent=303093"}],"wp:term":[{"taxonomy":"product_brand","embeddable":true,"href":"https:\/\/tpmadalina42.supserv.cozmoslabs.com\/fi\/wp-json\/wp\/v2\/product_brand?post=303093"},{"taxonomy":"product_cat","embeddable":true,"href":"https:\/\/tpmadalina42.supserv.cozmoslabs.com\/fi\/wp-json\/wp\/v2\/product_cat?post=303093"},{"taxonomy":"product_tag","embeddable":true,"href":"https:\/\/tpmadalina42.supserv.cozmoslabs.com\/fi\/wp-json\/wp\/v2\/product_tag?post=303093"}],"curies":[{"name":"wp","href":"https:\/\/api.w.org\/{rel}","templated":true}]}}