{"id":304402,"date":"2024-11-07T21:43:34","date_gmt":"2024-11-07T20:43:34","guid":{"rendered":"https:\/\/glandine.com\/product\/pollini-black-white-leather-lace-up-men-dress-formal-shoes\/"},"modified":"2024-12-12T08:15:08","modified_gmt":"2024-12-12T07:15:08","slug":"pollini-black-white-leather-lace-up-men-dress-formal-shoes","status":"publish","type":"product","link":"https:\/\/tpmadalina42.supserv.cozmoslabs.com\/fi\/tuote-2\/pollini-black-white-leather-lace-up-men-dress-formal-shoes\/","title":{"rendered":"Pollini Black White Leather Lace Up Men Dress Formal Shoes"},"content":{"rendered":"<p>POLLINI<\/p>\n<p>Wundersch\u00f6ne, 100% authentische POLLINI Kleiderschuhe mit Schn\u00fcrverschluss.<br \/>\nModell: Kleid Schuhe<br \/>\nV\u00e4ri: Musta<br \/>\nMateriaali: 100% nahka<br \/>\nLaufsohle: Leder<br \/>\nLogon yksityiskohdat<br \/>\nValmistettu Italiassa<br \/>\nEritt\u00e4in eksklusiivinen ja korkea ammattitaito<\/p>\n<p><strong>T\u00e4ss\u00e4 esineess\u00e4 on pieni virhe, molemmissa kengiss\u00e4 on naarmuja (katso tarkemmat tiedot kuvista). <\/strong><\/p>","protected":false},"excerpt":{"rendered":"<p>POLLINI Wundersch\u00f6ne, 100% authentische POLLINI Kleiderschuhe mit Schn\u00fcrverschluss. Modell: Kleid Schuhe Farbe: Schwarz Material: 100% Leder Laufsohle: Leder Logo-Details In Italien hergestellt Sehr exklusiv und hohe Handwerkskunst Dieser Artikel hat einen kleinen Fehler, es gibt Kratzer auf beiden Schuhen (siehe Bilder f\u00fcr Details).<\/p>","protected":false},"featured_media":304394,"template":"","meta":[],"product_brand":[2203],"product_cat":[1661,1634,1624],"product_tag":[],"class_list":{"0":"post-304402","1":"product","2":"type-product","3":"status-publish","4":"has-post-thumbnail","6":"product_brand-pollini","7":"product_cat-formal","8":"product_cat-maenner-schuhe","9":"product_cat-schuhe","11":"first","12":"instock","13":"sale","14":"taxable","15":"shipping-taxable","16":"purchasable","17":"product-type-variable"},"_links":{"self":[{"href":"https:\/\/tpmadalina42.supserv.cozmoslabs.com\/fi\/wp-json\/wp\/v2\/product\/304402","targetHints":{"allow":["GET"]}}],"collection":[{"href":"https:\/\/tpmadalina42.supserv.cozmoslabs.com\/fi\/wp-json\/wp\/v2\/product"}],"about":[{"href":"https:\/\/tpmadalina42.supserv.cozmoslabs.com\/fi\/wp-json\/wp\/v2\/types\/product"}],"wp:featuredmedia":[{"embeddable":true,"href":"https:\/\/tpmadalina42.supserv.cozmoslabs.com\/fi\/wp-json\/wp\/v2\/media\/304394"}],"wp:attachment":[{"href":"https:\/\/tpmadalina42.supserv.cozmoslabs.com\/fi\/wp-json\/wp\/v2\/media?parent=304402"}],"wp:term":[{"taxonomy":"product_brand","embeddable":true,"href":"https:\/\/tpmadalina42.supserv.cozmoslabs.com\/fi\/wp-json\/wp\/v2\/product_brand?post=304402"},{"taxonomy":"product_cat","embeddable":true,"href":"https:\/\/tpmadalina42.supserv.cozmoslabs.com\/fi\/wp-json\/wp\/v2\/product_cat?post=304402"},{"taxonomy":"product_tag","embeddable":true,"href":"https:\/\/tpmadalina42.supserv.cozmoslabs.com\/fi\/wp-json\/wp\/v2\/product_tag?post=304402"}],"curies":[{"name":"wp","href":"https:\/\/api.w.org\/{rel}","templated":true}]}}