{"id":305037,"date":"2024-11-08T10:29:45","date_gmt":"2024-11-08T09:29:45","guid":{"rendered":"https:\/\/glandine.com\/product\/chanel-black-large-lambskin-double-chain-gold-leather-shoulder-bag\/"},"modified":"2024-12-01T23:12:58","modified_gmt":"2024-12-01T22:12:58","slug":"chanel-black-large-lambskin-double-chain-gold-leather-shoulder-bag","status":"publish","type":"product","link":"https:\/\/tpmadalina42.supserv.cozmoslabs.com\/fi\/tuote-2\/chanel-musta-suuri-karitsannahka-kaksinkertainen-ketju-kulta-nahka-olkalaukku\/","title":{"rendered":"Chanel musta suuri lampaannahkainen Double Chain kultainen olkalaukku"},"content":{"rendered":"<p>CHANEL<\/p>\n<p>T\u00e4m\u00e4 Chanel Boy Bag koko Large on valmistettu ylellisest\u00e4 mustasta karitsannahasta, jossa on upea kultainen laitteisto. Laukussa on pieni\u00e4 kulumisen merkkej\u00e4, mutta se on erinomaisessa kunnossa. Boy Bagin rohkea ja moderni muotoilu, jossa on tunnusomainen tikattu kuvio ja tyylik\u00e4s ketjuhihna, tekee siit\u00e4 erottuvan kappaleen mihin tahansa kokoelmaan. Tilava mutta tyylik\u00e4s laukku sopii sek\u00e4 p\u00e4iv\u00e4ksi ett\u00e4 y\u00f6ksi. T\u00e4m\u00e4 ajaton Chanel-klassikko on ehdoton hankinta kaikille vaatekaappiaan p\u00e4ivitt\u00e4ville fashionisteille.<\/p>\n<p>ULKOPUOLI: A+: ERITT\u00c4IN HYV\u00c4SS\u00c4 KUNNOSSA<br \/>\nSIS\u00c4LL\u00c4: A+: ERITT\u00c4IN HYV\u00c4 KUNTO<\/p>\n<p>Ulkopuoli: rypyt, kulmissa liev\u00e4\u00e4 kulumaa, yhdess\u00e4 kulmassa pient\u00e4 kulumaa.<br \/>\nSis\u00e4tilat: kulumisen merkkej\u00e4<\/p>\n<p>Laitteisto: lievi\u00e4 j\u00e4lki\u00e4, kevyit\u00e4 naarmuja<br \/>\nS: Uusi tai uusi ilman merkint\u00f6j\u00e4.<br \/>\nSA: Erinomainen kunto.<br \/>\nV: Hyv\u00e4 kunto, pieni\u00e4 k\u00e4yt\u00f6n j\u00e4lki\u00e4.<br \/>\nAB: K\u00e4ytetty kunto, v\u00e4h\u00e4n vaurioita.<br \/>\nB : Selvi\u00e4 kulumisen merkkej\u00e4 ja vakavia vaurioita.<\/p>\n<p>Numero : 197*****<br \/>\nTaskut: ulkopuolella: yksi tasku<br \/>\nSis\u00e4puoli: vetoketjullinen tasku, viisi taskua<br \/>\nKoko (tuuma) : W 11 x H 7.1 x D 3.1 \"<br \/>\nVy\u00f6n pudotus (yksitt\u00e4inen) 19.7 \"<br \/>\nVy\u00f6n pudotus (kaksinkertainen) 11 \"<br \/>\nKoko (CM): L 28,0 x K 18,0 x S 8,0 cm.<br \/>\nVy\u00f6n pudotus (yksitt\u00e4inen) 50,0 cm<br \/>\nVy\u00f6n pudotus (kaksinkertainen) 28,0 cm<br \/>\nV\u00e4ri: Musta<br \/>\nMateriaali : Karitsannahka<br \/>\nMukana toimitetaan: sarjatarra, aitoustodistus.<br \/>\nValmistettu: Ranska<\/p>","protected":false},"excerpt":{"rendered":"<p>CHANEL Diese Chanel Boy Bag in der Gr\u00f6\u00dfe Large ist aus luxuri\u00f6sem schwarzem Lammleder mit atemberaubender goldener Hardware gefertigt. Die Tasche weist leichte Gebrauchsspuren auf, befindet sich aber in einem ausgezeichneten Zustand. Das k\u00fchne, moderne Design der Boy Bag mit dem charakteristischen Steppmuster und dem eleganten Kettenriemen macht sie zu einem herausragenden St\u00fcck f\u00fcr jede [&hellip;]<\/p>","protected":false},"featured_media":305029,"template":"","meta":[],"product_brand":[2414],"product_cat":[1731,1630,1745],"product_tag":[],"class_list":{"0":"post-305037","1":"product","2":"type-product","3":"status-publish","4":"has-post-thumbnail","6":"product_brand-chanel","7":"product_cat-crossbody-taschen","8":"product_cat-frauen","9":"product_cat-umhaengetaschen-frauen","11":"first","12":"instock","13":"sale","14":"taxable","15":"shipping-taxable","16":"purchasable","17":"product-type-simple"},"_links":{"self":[{"href":"https:\/\/tpmadalina42.supserv.cozmoslabs.com\/fi\/wp-json\/wp\/v2\/product\/305037","targetHints":{"allow":["GET"]}}],"collection":[{"href":"https:\/\/tpmadalina42.supserv.cozmoslabs.com\/fi\/wp-json\/wp\/v2\/product"}],"about":[{"href":"https:\/\/tpmadalina42.supserv.cozmoslabs.com\/fi\/wp-json\/wp\/v2\/types\/product"}],"wp:featuredmedia":[{"embeddable":true,"href":"https:\/\/tpmadalina42.supserv.cozmoslabs.com\/fi\/wp-json\/wp\/v2\/media\/305029"}],"wp:attachment":[{"href":"https:\/\/tpmadalina42.supserv.cozmoslabs.com\/fi\/wp-json\/wp\/v2\/media?parent=305037"}],"wp:term":[{"taxonomy":"product_brand","embeddable":true,"href":"https:\/\/tpmadalina42.supserv.cozmoslabs.com\/fi\/wp-json\/wp\/v2\/product_brand?post=305037"},{"taxonomy":"product_cat","embeddable":true,"href":"https:\/\/tpmadalina42.supserv.cozmoslabs.com\/fi\/wp-json\/wp\/v2\/product_cat?post=305037"},{"taxonomy":"product_tag","embeddable":true,"href":"https:\/\/tpmadalina42.supserv.cozmoslabs.com\/fi\/wp-json\/wp\/v2\/product_tag?post=305037"}],"curies":[{"name":"wp","href":"https:\/\/api.w.org\/{rel}","templated":true}]}}