{"id":305062,"date":"2024-11-08T10:50:46","date_gmt":"2024-11-08T09:50:46","guid":{"rendered":"https:\/\/glandine.com\/product\/dolce-gabbana-black-tropical-floral-sheath-maxi-dress\/"},"modified":"2024-12-01T17:55:08","modified_gmt":"2024-12-01T16:55:08","slug":"dolce-gabbana-black-tropical-floral-sheath-maxi-dress","status":"publish","type":"product","link":"https:\/\/tpmadalina42.supserv.cozmoslabs.com\/fi\/tuote-2\/dolce-gabbana-black-tropical-floral-sheath-maxi-dress\/","title":{"rendered":"Dolce &amp; Gabbana Black Tropical Floral Sheath Maxi Dress"},"content":{"rendered":"<p>DOLCE &amp; GABBANA<\/p>\n<p>Wundersch\u00f6ne Preowned mit Tags, 100% Authentic DOLCE &amp; GABBANA Stretch-Blumen-Kleid verf\u00fcgt \u00fcber Neckholder-Ausschnitt mit Rei\u00dfverschluss hinten und \u00e4rmellos mit schmaler Passform Silhouette.<br \/>\nModell: Langes Etuikleid<br \/>\nV\u00e4ri: Musta<br \/>\nMaterial: 92% Seide 8% Elastan<br \/>\nInnenfutter: 92% Seide 8% Elastan<br \/>\nVetoketju<br \/>\nLogon yksityiskohdat<br \/>\nValmistettu Italiassa<br \/>\nEritt\u00e4in eksklusiivinen ja korkea ammattitaito<\/p>\n<p><strong>Dieser Artikel ist aus Vorbesitz, es gibt Flecken am unteren Ende des Kleides (siehe Bilder f\u00fcr Details). <\/strong><\/p>","protected":false},"excerpt":{"rendered":"<p>DOLCE &amp; GABBANA Wundersch\u00f6ne Preowned mit Tags, 100% Authentic DOLCE &amp; GABBANA Stretch-Blumen-Kleid verf\u00fcgt \u00fcber Neckholder-Ausschnitt mit Rei\u00dfverschluss hinten und \u00e4rmellos mit schmaler Passform Silhouette. Modell: Langes Etuikleid Farbe: Schwarz Material: 92% Seide 8% Elastan Innenfutter: 92% Seide 8% Elastan Reissverschluss Logo-Details In Italien hergestellt Sehr exklusiv und hohe Handwerkskunst Dieser Artikel ist aus Vorbesitz, [&hellip;]<\/p>","protected":false},"featured_media":305054,"template":"","meta":[],"product_brand":[1620],"product_cat":[1637,1659,1623],"product_tag":[],"class_list":{"0":"post-305062","1":"product","2":"type-product","3":"status-publish","4":"has-post-thumbnail","6":"product_brand-dolce-gabbana","7":"product_cat-frauen-kleidung","8":"product_cat-kleider","9":"product_cat-kleidung","11":"first","12":"instock","13":"sale","14":"taxable","15":"shipping-taxable","16":"purchasable","17":"product-type-variable"},"_links":{"self":[{"href":"https:\/\/tpmadalina42.supserv.cozmoslabs.com\/fi\/wp-json\/wp\/v2\/product\/305062","targetHints":{"allow":["GET"]}}],"collection":[{"href":"https:\/\/tpmadalina42.supserv.cozmoslabs.com\/fi\/wp-json\/wp\/v2\/product"}],"about":[{"href":"https:\/\/tpmadalina42.supserv.cozmoslabs.com\/fi\/wp-json\/wp\/v2\/types\/product"}],"wp:featuredmedia":[{"embeddable":true,"href":"https:\/\/tpmadalina42.supserv.cozmoslabs.com\/fi\/wp-json\/wp\/v2\/media\/305054"}],"wp:attachment":[{"href":"https:\/\/tpmadalina42.supserv.cozmoslabs.com\/fi\/wp-json\/wp\/v2\/media?parent=305062"}],"wp:term":[{"taxonomy":"product_brand","embeddable":true,"href":"https:\/\/tpmadalina42.supserv.cozmoslabs.com\/fi\/wp-json\/wp\/v2\/product_brand?post=305062"},{"taxonomy":"product_cat","embeddable":true,"href":"https:\/\/tpmadalina42.supserv.cozmoslabs.com\/fi\/wp-json\/wp\/v2\/product_cat?post=305062"},{"taxonomy":"product_tag","embeddable":true,"href":"https:\/\/tpmadalina42.supserv.cozmoslabs.com\/fi\/wp-json\/wp\/v2\/product_tag?post=305062"}],"curies":[{"name":"wp","href":"https:\/\/api.w.org\/{rel}","templated":true}]}}