{"id":305708,"date":"2024-11-08T13:26:15","date_gmt":"2024-11-08T12:26:15","guid":{"rendered":"https:\/\/glandine.com\/product\/dolce-gabbana-white-crystal-portofino-low-top-sneaker-shoes\/"},"modified":"2024-12-01T18:15:37","modified_gmt":"2024-12-01T17:15:37","slug":"dolce-gabbana-white-crystal-portofino-low-top-sneaker-shoes","status":"publish","type":"product","link":"https:\/\/tpmadalina42.supserv.cozmoslabs.com\/fi\/tuote-2\/dolce-gabbana-white-crystal-portofino-low-top-sneaker-shoes\/","title":{"rendered":"Dolce &amp; Gabbana Valkoinen Crystal Portofino Low Top Sneaker Keng\u00e4t"},"content":{"rendered":"<p>DOLCE &amp; GABBANA<\/p>\n<p>Gorgeous aus Vorbesitz mit Tags, 100% Authentic Dolce &amp; Gabbana Low Top versch\u00f6nert Portofino Sneaker Schuhe.<br \/>\nMalli: Portofino lenkkarit<br \/>\nMateriaali: 100% vasikan nahka<br \/>\nFarbe: Wei\u00df, Schwarz<br \/>\nPohja: kumia<br \/>\nPitsikiinnitys<br \/>\nLogon yksityiskohdat<br \/>\nValmistettu Italiassa<br \/>\nEritt\u00e4in eksklusiivinen ja korkea ammattitaito<\/p>\n<p><strong>T\u00e4m\u00e4 esine on eritt\u00e4in v\u00e4h\u00e4n k\u00e4ytetty, eritt\u00e4in pieni\u00e4 k\u00e4yt\u00f6n j\u00e4lki\u00e4 l\u00f6ytyy (katso tarkemmat tiedot kuvista). <\/strong><\/p>","protected":false},"excerpt":{"rendered":"<p>DOLCE &amp; GABBANA Gorgeous aus Vorbesitz mit Tags, 100% Authentic Dolce &amp; Gabbana Low Top versch\u00f6nert Portofino Sneaker Schuhe. Modell: Portofino Turnschuhe Material: 100% Kalbsleder Farbe: Wei\u00df, Schwarz Sohle: Gummi Schn\u00fcrverschluss Logo-Details In Italien hergestellt Sehr exklusiv und hohe Handwerkskunst Dieser Artikel ist sehr leicht gebraucht, es gibt sehr kleine Gebrauchsspuren (siehe Bilder f\u00fcr Details).<\/p>","protected":false},"featured_media":305700,"template":"","meta":[],"product_brand":[1620],"product_cat":[1635,1624,1703],"product_tag":[],"class_list":{"0":"post-305708","1":"product","2":"type-product","3":"status-publish","4":"has-post-thumbnail","6":"product_brand-dolce-gabbana","7":"product_cat-frauen-schuhe","8":"product_cat-schuhe","9":"product_cat-turnschuhe-frauen-schuhe","11":"first","12":"instock","13":"sale","14":"taxable","15":"shipping-taxable","16":"purchasable","17":"product-type-variable"},"_links":{"self":[{"href":"https:\/\/tpmadalina42.supserv.cozmoslabs.com\/fi\/wp-json\/wp\/v2\/product\/305708","targetHints":{"allow":["GET"]}}],"collection":[{"href":"https:\/\/tpmadalina42.supserv.cozmoslabs.com\/fi\/wp-json\/wp\/v2\/product"}],"about":[{"href":"https:\/\/tpmadalina42.supserv.cozmoslabs.com\/fi\/wp-json\/wp\/v2\/types\/product"}],"wp:featuredmedia":[{"embeddable":true,"href":"https:\/\/tpmadalina42.supserv.cozmoslabs.com\/fi\/wp-json\/wp\/v2\/media\/305700"}],"wp:attachment":[{"href":"https:\/\/tpmadalina42.supserv.cozmoslabs.com\/fi\/wp-json\/wp\/v2\/media?parent=305708"}],"wp:term":[{"taxonomy":"product_brand","embeddable":true,"href":"https:\/\/tpmadalina42.supserv.cozmoslabs.com\/fi\/wp-json\/wp\/v2\/product_brand?post=305708"},{"taxonomy":"product_cat","embeddable":true,"href":"https:\/\/tpmadalina42.supserv.cozmoslabs.com\/fi\/wp-json\/wp\/v2\/product_cat?post=305708"},{"taxonomy":"product_tag","embeddable":true,"href":"https:\/\/tpmadalina42.supserv.cozmoslabs.com\/fi\/wp-json\/wp\/v2\/product_tag?post=305708"}],"curies":[{"name":"wp","href":"https:\/\/api.w.org\/{rel}","templated":true}]}}