{"id":306151,"date":"2024-11-11T10:29:30","date_gmt":"2024-11-11T09:29:30","guid":{"rendered":"https:\/\/glandine.com\/product\/corneliani-schwarzes-seiden-poloshirt\/"},"modified":"2024-12-13T11:16:03","modified_gmt":"2024-12-13T10:16:03","slug":"corneliani-schwarzes-seiden-poloshirt","status":"publish","type":"product","link":"https:\/\/tpmadalina42.supserv.cozmoslabs.com\/fi\/tuote-2\/corneliani-schwarzes-seiden-poloshirt\/","title":{"rendered":"Corneliani Schwarzes Seiden-Poloshirt"},"content":{"rendered":"<p>Corneliani 100% Seide Polo<br \/>\n&#8211; Einfarbig schwarz, ohne Applikationen<br \/>\n&#8211; Klassischer Kragen mit V-Ausschnitt und Kn\u00f6pfen<br \/>\n&#8211; Sehr leicht auf der Haut<br \/>\n&#8211; Das Model ist 183 cm gro\u00df und tr\u00e4gt Gr\u00f6\u00dfe 50<br \/>\n&#8211; In Italien hergestellt  <\/p>\n<p>Interne SKU: 24OTT152<\/p>","protected":false},"excerpt":{"rendered":"<p>Corneliani 100% Seide Polo &#8211; Einfarbig schwarz, ohne Applikationen &#8211; Klassischer Kragen mit V-Ausschnitt und Kn\u00f6pfen &#8211; Sehr leicht auf der Haut &#8211; Das Model ist 183 cm gro\u00df und tr\u00e4gt Gr\u00f6\u00dfe 50 &#8211; In Italien hergestellt Interne SKU: 24OTT152<\/p>","protected":false},"featured_media":306146,"template":"","meta":[],"product_brand":[2573],"product_cat":[1633,1623,1738],"product_tag":[],"class_list":{"0":"post-306151","1":"product","2":"type-product","3":"status-publish","4":"has-post-thumbnail","6":"product_brand-corneliani","7":"product_cat-maenner-kleidung","8":"product_cat-kleidung","9":"product_cat-polohemd","11":"first","12":"instock","13":"sale","14":"taxable","15":"shipping-taxable","16":"purchasable","17":"product-type-variable"},"_links":{"self":[{"href":"https:\/\/tpmadalina42.supserv.cozmoslabs.com\/fi\/wp-json\/wp\/v2\/product\/306151","targetHints":{"allow":["GET"]}}],"collection":[{"href":"https:\/\/tpmadalina42.supserv.cozmoslabs.com\/fi\/wp-json\/wp\/v2\/product"}],"about":[{"href":"https:\/\/tpmadalina42.supserv.cozmoslabs.com\/fi\/wp-json\/wp\/v2\/types\/product"}],"wp:featuredmedia":[{"embeddable":true,"href":"https:\/\/tpmadalina42.supserv.cozmoslabs.com\/fi\/wp-json\/wp\/v2\/media\/306146"}],"wp:attachment":[{"href":"https:\/\/tpmadalina42.supserv.cozmoslabs.com\/fi\/wp-json\/wp\/v2\/media?parent=306151"}],"wp:term":[{"taxonomy":"product_brand","embeddable":true,"href":"https:\/\/tpmadalina42.supserv.cozmoslabs.com\/fi\/wp-json\/wp\/v2\/product_brand?post=306151"},{"taxonomy":"product_cat","embeddable":true,"href":"https:\/\/tpmadalina42.supserv.cozmoslabs.com\/fi\/wp-json\/wp\/v2\/product_cat?post=306151"},{"taxonomy":"product_tag","embeddable":true,"href":"https:\/\/tpmadalina42.supserv.cozmoslabs.com\/fi\/wp-json\/wp\/v2\/product_tag?post=306151"}],"curies":[{"name":"wp","href":"https:\/\/api.w.org\/{rel}","templated":true}]}}