{"id":306442,"date":"2024-11-11T13:45:19","date_gmt":"2024-11-11T12:45:19","guid":{"rendered":"https:\/\/glandine.com\/product\/carrera-ducati-schwarze-kunstharz-sonnenbrille-8\/"},"modified":"2024-12-02T01:24:08","modified_gmt":"2024-12-02T00:24:08","slug":"carrera-ducati-schwarze-kunstharz-sonnenbrille-8","status":"publish","type":"product","link":"https:\/\/tpmadalina42.supserv.cozmoslabs.com\/fi\/tuote-2\/carrera-ducati-schwarze-kunstharz-sonnenbrille-8\/","title":{"rendered":"Carrera Ducati Schwarze Kunstharz-Sonnenbrille"},"content":{"rendered":"<p>Mekanismin tyyppi: .<br \/>Mainos:.<br \/>Kotelon materiaali: .<br \/>Kotelon v\u00e4ri:.<br \/>Rannekorun materiaali: RESIN.<br \/>Rannekorun v\u00e4ri:.<br \/>Kellotaulun v\u00e4ri: MUSTA.<br \/>Lasityyppi: VIHRE\u00c4.<br \/>Vedenkest\u00e4vyys:.<br \/>Vedenkest\u00e4vyys:.<br \/>Durchmesser Zifferblatt: 57\/21\/145.<br \/>Besondere Funktionen:100% UV-SCHUTZ<\/p>","protected":false},"excerpt":{"rendered":"<p>Art des Mechanismus: .Anzeige: .Material des Geh\u00e4uses: .Farbe des Geh\u00e4uses: .Material des Armbands: RESIN.Farbe des Armbands: .Zifferblattfarbe: SCHWARZ.Glastyp: GR\u00dcN.Wasserdichtigkeit: .Wasserdichtigkeit: .Durchmesser Zifferblatt: 57\/21\/145.Besondere Funktionen:100% UV-SCHUTZ<\/p>","protected":false},"featured_media":306441,"template":"","meta":[],"product_brand":[2645],"product_cat":[1627,1639],"product_tag":[],"class_list":{"0":"post-306442","1":"product","2":"type-product","3":"status-publish","4":"has-post-thumbnail","6":"product_brand-carrera-ducati","7":"product_cat-sonnenbrille","8":"product_cat-sonnenbrillen-fuer-maenner","10":"first","11":"instock","12":"sale","13":"taxable","14":"shipping-taxable","15":"purchasable","16":"product-type-simple"},"_links":{"self":[{"href":"https:\/\/tpmadalina42.supserv.cozmoslabs.com\/fi\/wp-json\/wp\/v2\/product\/306442","targetHints":{"allow":["GET"]}}],"collection":[{"href":"https:\/\/tpmadalina42.supserv.cozmoslabs.com\/fi\/wp-json\/wp\/v2\/product"}],"about":[{"href":"https:\/\/tpmadalina42.supserv.cozmoslabs.com\/fi\/wp-json\/wp\/v2\/types\/product"}],"wp:featuredmedia":[{"embeddable":true,"href":"https:\/\/tpmadalina42.supserv.cozmoslabs.com\/fi\/wp-json\/wp\/v2\/media\/306441"}],"wp:attachment":[{"href":"https:\/\/tpmadalina42.supserv.cozmoslabs.com\/fi\/wp-json\/wp\/v2\/media?parent=306442"}],"wp:term":[{"taxonomy":"product_brand","embeddable":true,"href":"https:\/\/tpmadalina42.supserv.cozmoslabs.com\/fi\/wp-json\/wp\/v2\/product_brand?post=306442"},{"taxonomy":"product_cat","embeddable":true,"href":"https:\/\/tpmadalina42.supserv.cozmoslabs.com\/fi\/wp-json\/wp\/v2\/product_cat?post=306442"},{"taxonomy":"product_tag","embeddable":true,"href":"https:\/\/tpmadalina42.supserv.cozmoslabs.com\/fi\/wp-json\/wp\/v2\/product_tag?post=306442"}],"curies":[{"name":"wp","href":"https:\/\/api.w.org\/{rel}","templated":true}]}}