{"id":308798,"date":"2024-11-15T19:42:28","date_gmt":"2024-11-15T18:42:28","guid":{"rendered":"https:\/\/glandine.com\/product\/bottega-veneta-schwarze-acetat-sonnenbrille-3\/"},"modified":"2024-12-13T11:08:59","modified_gmt":"2024-12-13T10:08:59","slug":"bottega-veneta-schwarze-acetat-sonnenbrille-3","status":"publish","type":"product","link":"https:\/\/tpmadalina42.supserv.cozmoslabs.com\/fi\/tuote-2\/bottega-veneta-schwarze-acetat-sonnenbrille-3\/","title":{"rendered":"Bottega Veneta Black Acetate aurinkolasit"},"content":{"rendered":"<p>Bottega Veneta Bolt Quadratische Sonnenbrille<br \/>\nGestell Material: Azetat<br \/>\nFassungsfarbe: Schwarz\/gold<br \/>\nFarbe der Gl\u00e4ser: Grau<br \/>\nValmistettu Italiassa<br \/>\nDas Produkt enth\u00e4lt ein Reinigungstuch f\u00fcr die Linse und eine Markenbox.<\/p>\n<p>Marke SKU: 791665VBLB80<br \/>\nInterne SKU: 24OTT373<\/p>","protected":false},"excerpt":{"rendered":"<p>Bottega Veneta Bolt Quadratische Sonnenbrille Gestell Material: Azetat Fassungsfarbe: Schwarz\/gold Farbe der Gl\u00e4ser: Grau Hergestellt in Italien Das Produkt enth\u00e4lt ein Reinigungstuch f\u00fcr die Linse und eine Markenbox. Marke SKU: 791665VBLB80 Interne SKU: 24OTT373<\/p>","protected":false},"featured_media":308793,"template":"","meta":[],"product_brand":[2342],"product_cat":[1627,1640],"product_tag":[],"class_list":{"0":"post-308798","1":"product","2":"type-product","3":"status-publish","4":"has-post-thumbnail","6":"product_brand-bottega-veneta","7":"product_cat-sonnenbrille","8":"product_cat-sonnenbrillen-fuer-frauen","10":"first","11":"instock","12":"sale","13":"taxable","14":"shipping-taxable","15":"purchasable","16":"product-type-simple"},"_links":{"self":[{"href":"https:\/\/tpmadalina42.supserv.cozmoslabs.com\/fi\/wp-json\/wp\/v2\/product\/308798","targetHints":{"allow":["GET"]}}],"collection":[{"href":"https:\/\/tpmadalina42.supserv.cozmoslabs.com\/fi\/wp-json\/wp\/v2\/product"}],"about":[{"href":"https:\/\/tpmadalina42.supserv.cozmoslabs.com\/fi\/wp-json\/wp\/v2\/types\/product"}],"wp:featuredmedia":[{"embeddable":true,"href":"https:\/\/tpmadalina42.supserv.cozmoslabs.com\/fi\/wp-json\/wp\/v2\/media\/308793"}],"wp:attachment":[{"href":"https:\/\/tpmadalina42.supserv.cozmoslabs.com\/fi\/wp-json\/wp\/v2\/media?parent=308798"}],"wp:term":[{"taxonomy":"product_brand","embeddable":true,"href":"https:\/\/tpmadalina42.supserv.cozmoslabs.com\/fi\/wp-json\/wp\/v2\/product_brand?post=308798"},{"taxonomy":"product_cat","embeddable":true,"href":"https:\/\/tpmadalina42.supserv.cozmoslabs.com\/fi\/wp-json\/wp\/v2\/product_cat?post=308798"},{"taxonomy":"product_tag","embeddable":true,"href":"https:\/\/tpmadalina42.supserv.cozmoslabs.com\/fi\/wp-json\/wp\/v2\/product_tag?post=308798"}],"curies":[{"name":"wp","href":"https:\/\/api.w.org\/{rel}","templated":true}]}}