{"id":309773,"date":"2024-11-15T22:45:32","date_gmt":"2024-11-15T21:45:32","guid":{"rendered":"https:\/\/glandine.com\/product\/fendi-gruene-kunststoffrahmen-3\/"},"modified":"2024-12-10T11:19:43","modified_gmt":"2024-12-10T10:19:43","slug":"fendi-gruene-kunststoffrahmen-3","status":"publish","type":"product","link":"https:\/\/tpmadalina42.supserv.cozmoslabs.com\/fi\/tuote-2\/fendi-gruene-kunststoffrahmen-3\/","title":{"rendered":"Fendi Gr\u00fcne Kunststoffrahmen"},"content":{"rendered":"<p>Mekanismin tyyppi: .<br \/>Mainos:.<br \/>Kotelon materiaali: .<br \/>Kotelon v\u00e4ri:.<br \/>Rannekorun materiaali: MUOVI.<br \/>Rannekorun v\u00e4ri:.<br \/>Zifferblattfarbe: GR\u00dcN.<br \/>Lasin tyyppi:.<br \/>Vedenkest\u00e4vyys:.<br \/>Vedenkest\u00e4vyys:.<br \/>Durchmesser Zifferblatt: 49\/17\/135.<br \/>Erikoistoiminnot:<\/p>","protected":false},"excerpt":{"rendered":"<p>Art des Mechanismus: .Anzeige: .Material des Geh\u00e4uses: .Farbe des Geh\u00e4uses: .Material des Armbands: PLASTIC.Farbe des Armbands: .Zifferblattfarbe: GR\u00dcN.Glastyp: .Wasserdichtigkeit: .Wasserdichtigkeit: .Durchmesser Zifferblatt: 49\/17\/135.Sonderfunktionen:<\/p>","protected":false},"featured_media":309770,"template":"","meta":[],"product_brand":[2182],"product_cat":[1626,1645],"product_tag":[],"class_list":{"0":"post-309773","1":"product","2":"type-product","3":"status-publish","4":"has-post-thumbnail","6":"product_brand-fendi","7":"product_cat-rahmen","8":"product_cat-fassungen-fuer-frauen","10":"first","11":"instock","12":"sale","13":"taxable","14":"shipping-taxable","15":"purchasable","16":"product-type-simple"},"_links":{"self":[{"href":"https:\/\/tpmadalina42.supserv.cozmoslabs.com\/fi\/wp-json\/wp\/v2\/product\/309773","targetHints":{"allow":["GET"]}}],"collection":[{"href":"https:\/\/tpmadalina42.supserv.cozmoslabs.com\/fi\/wp-json\/wp\/v2\/product"}],"about":[{"href":"https:\/\/tpmadalina42.supserv.cozmoslabs.com\/fi\/wp-json\/wp\/v2\/types\/product"}],"wp:featuredmedia":[{"embeddable":true,"href":"https:\/\/tpmadalina42.supserv.cozmoslabs.com\/fi\/wp-json\/wp\/v2\/media\/309770"}],"wp:attachment":[{"href":"https:\/\/tpmadalina42.supserv.cozmoslabs.com\/fi\/wp-json\/wp\/v2\/media?parent=309773"}],"wp:term":[{"taxonomy":"product_brand","embeddable":true,"href":"https:\/\/tpmadalina42.supserv.cozmoslabs.com\/fi\/wp-json\/wp\/v2\/product_brand?post=309773"},{"taxonomy":"product_cat","embeddable":true,"href":"https:\/\/tpmadalina42.supserv.cozmoslabs.com\/fi\/wp-json\/wp\/v2\/product_cat?post=309773"},{"taxonomy":"product_tag","embeddable":true,"href":"https:\/\/tpmadalina42.supserv.cozmoslabs.com\/fi\/wp-json\/wp\/v2\/product_tag?post=309773"}],"curies":[{"name":"wp","href":"https:\/\/api.w.org\/{rel}","templated":true}]}}