{"id":310269,"date":"2024-11-18T05:44:47","date_gmt":"2024-11-18T04:44:47","guid":{"rendered":"https:\/\/glandine.com\/product\/add-blaue-polyester-jacken-mantel\/"},"modified":"2024-12-13T10:29:32","modified_gmt":"2024-12-13T09:29:32","slug":"add-blaue-polyester-jacken-mantel","status":"publish","type":"product","link":"https:\/\/tpmadalina42.supserv.cozmoslabs.com\/fi\/tuote-2\/add-blaue-polyester-jacken-mantel\/","title":{"rendered":"Add Siniset polyesteritakit ja takki"},"content":{"rendered":"<p>Kurze Jacke mit abnehmbarer Kapuze und Strickb\u00fcndchen.<br \/>\n&#8211; Rei\u00dfverschluss und Knopfverschluss mit Seitentaschen,<br \/>\n&#8211; Farbe: blau.<br \/>\n&#8211; Warme, leichte und bequeme Daunenjacke f\u00fcr jede Gelegenheit.<br \/>\n&#8211; Das Model tr\u00e4gt Gr\u00f6\u00dfe 42 und ist 170 cm gro\u00df.<br \/>\n&#8211; Zusammensetzung : Polyamid<br \/>\n&#8211; F\u00fcllung &#8211; 90% Entendaunen &#8211; 10% Entenfedern<\/p>\n<p>Sku Marke : 8AW0S043930<br \/>\nInnere Sku : 24OTT74<\/p>","protected":false},"excerpt":{"rendered":"<p>Kurze Jacke mit abnehmbarer Kapuze und Strickb\u00fcndchen. &#8211; Rei\u00dfverschluss und Knopfverschluss mit Seitentaschen, &#8211; Farbe: blau. &#8211; Warme, leichte und bequeme Daunenjacke f\u00fcr jede Gelegenheit. &#8211; Das Model tr\u00e4gt Gr\u00f6\u00dfe 42 und ist 170 cm gro\u00df. &#8211; Zusammensetzung : Polyamid &#8211; F\u00fcllung &#8211; 90% Entendaunen &#8211; 10% Entenfedern Sku Marke : 8AW0S043930 Innere Sku : [&hellip;]<\/p>","protected":false},"featured_media":310263,"template":"","meta":[],"product_brand":[2510],"product_cat":[1637,1670,1623],"product_tag":[],"class_list":{"0":"post-310269","1":"product","2":"type-product","3":"status-publish","4":"has-post-thumbnail","6":"product_brand-add","7":"product_cat-frauen-kleidung","8":"product_cat-jacken-maentel","9":"product_cat-kleidung","11":"first","12":"instock","13":"sale","14":"taxable","15":"shipping-taxable","16":"purchasable","17":"product-type-variable"},"_links":{"self":[{"href":"https:\/\/tpmadalina42.supserv.cozmoslabs.com\/fi\/wp-json\/wp\/v2\/product\/310269","targetHints":{"allow":["GET"]}}],"collection":[{"href":"https:\/\/tpmadalina42.supserv.cozmoslabs.com\/fi\/wp-json\/wp\/v2\/product"}],"about":[{"href":"https:\/\/tpmadalina42.supserv.cozmoslabs.com\/fi\/wp-json\/wp\/v2\/types\/product"}],"wp:featuredmedia":[{"embeddable":true,"href":"https:\/\/tpmadalina42.supserv.cozmoslabs.com\/fi\/wp-json\/wp\/v2\/media\/310263"}],"wp:attachment":[{"href":"https:\/\/tpmadalina42.supserv.cozmoslabs.com\/fi\/wp-json\/wp\/v2\/media?parent=310269"}],"wp:term":[{"taxonomy":"product_brand","embeddable":true,"href":"https:\/\/tpmadalina42.supserv.cozmoslabs.com\/fi\/wp-json\/wp\/v2\/product_brand?post=310269"},{"taxonomy":"product_cat","embeddable":true,"href":"https:\/\/tpmadalina42.supserv.cozmoslabs.com\/fi\/wp-json\/wp\/v2\/product_cat?post=310269"},{"taxonomy":"product_tag","embeddable":true,"href":"https:\/\/tpmadalina42.supserv.cozmoslabs.com\/fi\/wp-json\/wp\/v2\/product_tag?post=310269"}],"curies":[{"name":"wp","href":"https:\/\/api.w.org\/{rel}","templated":true}]}}