{"id":310868,"date":"2024-11-19T17:44:48","date_gmt":"2024-11-19T16:44:48","guid":{"rendered":"https:\/\/glandine.com\/product\/swarovski-graue-metallrahmen\/"},"modified":"2024-12-02T06:39:47","modified_gmt":"2024-12-02T05:39:47","slug":"swarovski-graue-metallrahmen","status":"publish","type":"product","link":"https:\/\/tpmadalina42.supserv.cozmoslabs.com\/fi\/tuote-2\/swarovski-graue-metallrahmen\/","title":{"rendered":"Swarovski Graue Metallrahmen"},"content":{"rendered":"<p>Mekanismin tyyppi: .<br \/>N\u00e4ytt\u00f6: .<br \/>Kotelon materiaali: .<br \/>Kotelon v\u00e4ri:.<br \/>Rannekorun materiaali: METALLI.<br \/>Farbe des Armbands: Paladio Gray.<br \/>Zifferblattfarbe:.<br \/>Lasin tyyppi:.<br \/>Tummeneminen: .<br \/>Vedenkest\u00e4vyys:.<br \/>Durchmesser Zifferblatt: 54\/17\/140.<br \/>Sonderfunktionen:Pr\u00e4sentationsgl\u00e4ser nicht f\u00fcr den Gebrauch bestimmt<\/p>","protected":false},"excerpt":{"rendered":"<p>Art des Mechanismus: .Display: .Material des Geh\u00e4uses: .Farbe des Geh\u00e4uses: .Material des Armbands: METALL.Farbe des Armbands: Paladio Gray.Zifferblattfarbe:.Glastyp: .Verdunkelung: .Wasserdichtigkeit: .Durchmesser Zifferblatt: 54\/17\/140.Sonderfunktionen:Pr\u00e4sentationsgl\u00e4ser nicht f\u00fcr den Gebrauch bestimmt<\/p>","protected":false},"featured_media":310867,"template":"","meta":[],"product_brand":[1985],"product_cat":[1626,1645],"product_tag":[],"class_list":{"0":"post-310868","1":"product","2":"type-product","3":"status-publish","4":"has-post-thumbnail","6":"product_brand-swarovski","7":"product_cat-rahmen","8":"product_cat-fassungen-fuer-frauen","10":"first","11":"instock","12":"sale","13":"taxable","14":"shipping-taxable","15":"purchasable","16":"product-type-simple"},"_links":{"self":[{"href":"https:\/\/tpmadalina42.supserv.cozmoslabs.com\/fi\/wp-json\/wp\/v2\/product\/310868","targetHints":{"allow":["GET"]}}],"collection":[{"href":"https:\/\/tpmadalina42.supserv.cozmoslabs.com\/fi\/wp-json\/wp\/v2\/product"}],"about":[{"href":"https:\/\/tpmadalina42.supserv.cozmoslabs.com\/fi\/wp-json\/wp\/v2\/types\/product"}],"wp:featuredmedia":[{"embeddable":true,"href":"https:\/\/tpmadalina42.supserv.cozmoslabs.com\/fi\/wp-json\/wp\/v2\/media\/310867"}],"wp:attachment":[{"href":"https:\/\/tpmadalina42.supserv.cozmoslabs.com\/fi\/wp-json\/wp\/v2\/media?parent=310868"}],"wp:term":[{"taxonomy":"product_brand","embeddable":true,"href":"https:\/\/tpmadalina42.supserv.cozmoslabs.com\/fi\/wp-json\/wp\/v2\/product_brand?post=310868"},{"taxonomy":"product_cat","embeddable":true,"href":"https:\/\/tpmadalina42.supserv.cozmoslabs.com\/fi\/wp-json\/wp\/v2\/product_cat?post=310868"},{"taxonomy":"product_tag","embeddable":true,"href":"https:\/\/tpmadalina42.supserv.cozmoslabs.com\/fi\/wp-json\/wp\/v2\/product_tag?post=310868"}],"curies":[{"name":"wp","href":"https:\/\/api.w.org\/{rel}","templated":true}]}}