{"id":311210,"date":"2024-11-20T15:59:29","date_gmt":"2024-11-20T14:59:29","guid":{"rendered":"https:\/\/glandine.com\/product\/verri-graue-wolle-maenner-strickjacke\/"},"modified":"2024-11-29T16:42:35","modified_gmt":"2024-11-29T15:42:35","slug":"verri-graue-wolle-maenner-strickjacke","status":"publish","type":"product","link":"https:\/\/tpmadalina42.supserv.cozmoslabs.com\/fi\/tuote-2\/verri-graue-wolle-maenner-strickjacke\/","title":{"rendered":"Verri Graue Wolle M\u00e4nner Strickjacke"},"content":{"rendered":"<p>G\u00f6nnen Sie sich den Inbegriff von Raffinesse mit dieser Strickjacke von Verri. Gefertigt aus feinster Wollmischung f\u00fcr ein unvergleichliches Tragegef\u00fchl, vereint dieses St\u00fcck Komfort und Luxus. Der dezente Grauton sorgt f\u00fcr Vielseitigkeit und macht sie zu einer vollendeten Erg\u00e4nzung der Garderobe des anspruchsvollen Gentleman. Erh\u00f6hen Sie Ihren Stil mit diesem klassischen und doch modernen Kleidungsst\u00fcck, das sich nahtlos vom B\u00fcro in den Abend verwandeln l\u00e4sst.<\/p>\n<p>Material: Wolle, Polyester<br \/>\nAlkuper\u00e4maa: CN<br \/>\nV\u00e4ri: Harmaa<\/p>","protected":false},"excerpt":{"rendered":"<p>G\u00f6nnen Sie sich den Inbegriff von Raffinesse mit dieser Strickjacke von Verri. Gefertigt aus feinster Wollmischung f\u00fcr ein unvergleichliches Tragegef\u00fchl, vereint dieses St\u00fcck Komfort und Luxus. Der dezente Grauton sorgt f\u00fcr Vielseitigkeit und macht sie zu einer vollendeten Erg\u00e4nzung der Garderobe des anspruchsvollen Gentleman. Erh\u00f6hen Sie Ihren Stil mit diesem klassischen und doch modernen Kleidungsst\u00fcck, [&hellip;]<\/p>","protected":false},"featured_media":311207,"template":"","meta":[],"product_brand":[1968],"product_cat":[1633,1623,1736],"product_tag":[],"class_list":{"0":"post-311210","1":"product","2":"type-product","3":"status-publish","4":"has-post-thumbnail","6":"product_brand-verri","7":"product_cat-maenner-kleidung","8":"product_cat-kleidung","9":"product_cat-strickjacken-maenner-kleidung","11":"first","12":"instock","13":"sale","14":"taxable","15":"shipping-taxable","16":"purchasable","17":"product-type-variable"},"_links":{"self":[{"href":"https:\/\/tpmadalina42.supserv.cozmoslabs.com\/fi\/wp-json\/wp\/v2\/product\/311210","targetHints":{"allow":["GET"]}}],"collection":[{"href":"https:\/\/tpmadalina42.supserv.cozmoslabs.com\/fi\/wp-json\/wp\/v2\/product"}],"about":[{"href":"https:\/\/tpmadalina42.supserv.cozmoslabs.com\/fi\/wp-json\/wp\/v2\/types\/product"}],"wp:featuredmedia":[{"embeddable":true,"href":"https:\/\/tpmadalina42.supserv.cozmoslabs.com\/fi\/wp-json\/wp\/v2\/media\/311207"}],"wp:attachment":[{"href":"https:\/\/tpmadalina42.supserv.cozmoslabs.com\/fi\/wp-json\/wp\/v2\/media?parent=311210"}],"wp:term":[{"taxonomy":"product_brand","embeddable":true,"href":"https:\/\/tpmadalina42.supserv.cozmoslabs.com\/fi\/wp-json\/wp\/v2\/product_brand?post=311210"},{"taxonomy":"product_cat","embeddable":true,"href":"https:\/\/tpmadalina42.supserv.cozmoslabs.com\/fi\/wp-json\/wp\/v2\/product_cat?post=311210"},{"taxonomy":"product_tag","embeddable":true,"href":"https:\/\/tpmadalina42.supserv.cozmoslabs.com\/fi\/wp-json\/wp\/v2\/product_tag?post=311210"}],"curies":[{"name":"wp","href":"https:\/\/api.w.org\/{rel}","templated":true}]}}