{"id":311495,"date":"2024-11-22T10:20:37","date_gmt":"2024-11-22T09:20:37","guid":{"rendered":"https:\/\/glandine.com\/product\/dolce-gabbana-white-dg-cut-out-leather-slides-sandals-shoes\/"},"modified":"2024-12-10T16:52:35","modified_gmt":"2024-12-10T15:52:35","slug":"dolce-gabbana-white-dg-cut-out-leather-slides-sandals-shoes","status":"publish","type":"product","link":"https:\/\/tpmadalina42.supserv.cozmoslabs.com\/fi\/tuote-2\/dolce-gabbana-white-dg-cut-out-leather-slides-sandals-shoes\/","title":{"rendered":"Dolce &amp; Gabbana White DG Cut Out Leather Slides Sandaalit Keng\u00e4t"},"content":{"rendered":"<p>DOLCE &amp; GABBANA<\/p>\n<p>Wundersch\u00f6ne, 100% authentische Dolce &amp; Gabbana Herren Sandalen Schuhe.<br \/>\nModell: Pantoletten<br \/>\nV\u00e4ri: Valkoinen<br \/>\nMateriaali: 100% vasikan nahka<br \/>\nLeder Sohle<br \/>\nLogon yksityiskohdat<br \/>\nValmistettu Italiassa<br \/>\nEritt\u00e4in eksklusiivinen ja korkea ammattitaito<\/p>\n<p><strong>T\u00e4m\u00e4 tuote on myym\u00e4l\u00e4n\u00e4yte, siin\u00e4 on hyvin pieni\u00e4, tuskin havaittavia tahroja (katso tarkemmat tiedot kuvista). <\/strong><\/p>","protected":false},"excerpt":{"rendered":"<p>DOLCE &amp; GABBANA Wundersch\u00f6ne, 100% authentische Dolce &amp; Gabbana Herren Sandalen Schuhe. Modell: Pantoletten Farbe: Wei\u00df Material: 100% Kalbsleder Leder Sohle Logo-Details In Italien hergestellt Sehr exklusiv und hohe Handwerkskunst Bei diesem Artikel handelt es sich um ein Musterst\u00fcck aus dem Gesch\u00e4ft, es gibt sehr kleine, kaum wahrnehmbare Flecken (siehe Bilder f\u00fcr Details).<\/p>","protected":false},"featured_media":311487,"template":"","meta":[],"product_brand":[1620],"product_cat":[1634,1691,1624],"product_tag":[],"class_list":{"0":"post-311495","1":"product","2":"type-product","3":"status-publish","4":"has-post-thumbnail","6":"product_brand-dolce-gabbana","7":"product_cat-maenner-schuhe","8":"product_cat-sandalen","9":"product_cat-schuhe","11":"first","12":"instock","13":"sale","14":"taxable","15":"shipping-taxable","16":"purchasable","17":"product-type-variable"},"_links":{"self":[{"href":"https:\/\/tpmadalina42.supserv.cozmoslabs.com\/fi\/wp-json\/wp\/v2\/product\/311495","targetHints":{"allow":["GET"]}}],"collection":[{"href":"https:\/\/tpmadalina42.supserv.cozmoslabs.com\/fi\/wp-json\/wp\/v2\/product"}],"about":[{"href":"https:\/\/tpmadalina42.supserv.cozmoslabs.com\/fi\/wp-json\/wp\/v2\/types\/product"}],"wp:featuredmedia":[{"embeddable":true,"href":"https:\/\/tpmadalina42.supserv.cozmoslabs.com\/fi\/wp-json\/wp\/v2\/media\/311487"}],"wp:attachment":[{"href":"https:\/\/tpmadalina42.supserv.cozmoslabs.com\/fi\/wp-json\/wp\/v2\/media?parent=311495"}],"wp:term":[{"taxonomy":"product_brand","embeddable":true,"href":"https:\/\/tpmadalina42.supserv.cozmoslabs.com\/fi\/wp-json\/wp\/v2\/product_brand?post=311495"},{"taxonomy":"product_cat","embeddable":true,"href":"https:\/\/tpmadalina42.supserv.cozmoslabs.com\/fi\/wp-json\/wp\/v2\/product_cat?post=311495"},{"taxonomy":"product_tag","embeddable":true,"href":"https:\/\/tpmadalina42.supserv.cozmoslabs.com\/fi\/wp-json\/wp\/v2\/product_tag?post=311495"}],"curies":[{"name":"wp","href":"https:\/\/api.w.org\/{rel}","templated":true}]}}