{"id":311506,"date":"2024-11-22T10:21:22","date_gmt":"2024-11-22T09:21:22","guid":{"rendered":"https:\/\/glandine.com\/product\/dolce-gabbana-silver-leather-rhinestones-derby-dress-shoes\/"},"modified":"2024-12-10T16:50:16","modified_gmt":"2024-12-10T15:50:16","slug":"dolce-gabbana-silver-leather-rhinestones-derby-dress-shoes","status":"publish","type":"product","link":"https:\/\/tpmadalina42.supserv.cozmoslabs.com\/fi\/tuote-2\/dolce-gabbana-silver-leather-rhinestones-derby-dress-shoes\/","title":{"rendered":"Dolce &amp; Gabbana hopeiset nahkaiset strassit Derby-mekkokeng\u00e4t"},"content":{"rendered":"<p>DOLCE &amp; GABBANA<\/p>\n<p>Wundersch\u00f6ne, 100% authentische Dolce &amp; Gabbana Raffaello Derby-Schuhe sind vollst\u00e4ndig mit Strasssteinen verziert.<br \/>\nModell: Derby Kleid Schuhe<br \/>\nMaterial: 50% Kalbsleder 50% Glas<br \/>\nV\u00e4ri: hopea<br \/>\nLeder Sohle<br \/>\nPitsikiinnitys<br \/>\nLogon yksityiskohdat<br \/>\nValmistettu Italiassa<br \/>\nEritt\u00e4in eksklusiivinen ja korkea ammattitaito<\/p>\n<p><strong>T\u00e4m\u00e4 tuote on myym\u00e4l\u00e4n\u00e4yte, siin\u00e4 on hyvin pieni\u00e4, tuskin havaittavia tahroja (katso tarkemmat tiedot kuvista). <\/strong><\/p>","protected":false},"excerpt":{"rendered":"<p>DOLCE &amp; GABBANA Wundersch\u00f6ne, 100% authentische Dolce &amp; Gabbana Raffaello Derby-Schuhe sind vollst\u00e4ndig mit Strasssteinen verziert. Modell: Derby Kleid Schuhe Material: 50% Kalbsleder 50% Glas Farbe: Silber Leder Sohle Schn\u00fcrverschluss Logo-Details In Italien hergestellt Sehr exklusiv und hohe Handwerkskunst Bei diesem Artikel handelt es sich um ein Musterst\u00fcck aus dem Gesch\u00e4ft, es gibt sehr kleine, [&hellip;]<\/p>","protected":false},"featured_media":311498,"template":"","meta":[],"product_brand":[1620],"product_cat":[1661,1634,1624],"product_tag":[],"class_list":{"0":"post-311506","1":"product","2":"type-product","3":"status-publish","4":"has-post-thumbnail","6":"product_brand-dolce-gabbana","7":"product_cat-formal","8":"product_cat-maenner-schuhe","9":"product_cat-schuhe","11":"first","12":"instock","13":"sale","14":"taxable","15":"shipping-taxable","16":"purchasable","17":"product-type-variable"},"_links":{"self":[{"href":"https:\/\/tpmadalina42.supserv.cozmoslabs.com\/fi\/wp-json\/wp\/v2\/product\/311506","targetHints":{"allow":["GET"]}}],"collection":[{"href":"https:\/\/tpmadalina42.supserv.cozmoslabs.com\/fi\/wp-json\/wp\/v2\/product"}],"about":[{"href":"https:\/\/tpmadalina42.supserv.cozmoslabs.com\/fi\/wp-json\/wp\/v2\/types\/product"}],"wp:featuredmedia":[{"embeddable":true,"href":"https:\/\/tpmadalina42.supserv.cozmoslabs.com\/fi\/wp-json\/wp\/v2\/media\/311498"}],"wp:attachment":[{"href":"https:\/\/tpmadalina42.supserv.cozmoslabs.com\/fi\/wp-json\/wp\/v2\/media?parent=311506"}],"wp:term":[{"taxonomy":"product_brand","embeddable":true,"href":"https:\/\/tpmadalina42.supserv.cozmoslabs.com\/fi\/wp-json\/wp\/v2\/product_brand?post=311506"},{"taxonomy":"product_cat","embeddable":true,"href":"https:\/\/tpmadalina42.supserv.cozmoslabs.com\/fi\/wp-json\/wp\/v2\/product_cat?post=311506"},{"taxonomy":"product_tag","embeddable":true,"href":"https:\/\/tpmadalina42.supserv.cozmoslabs.com\/fi\/wp-json\/wp\/v2\/product_tag?post=311506"}],"curies":[{"name":"wp","href":"https:\/\/api.w.org\/{rel}","templated":true}]}}