{"id":312391,"date":"2024-11-22T13:22:42","date_gmt":"2024-11-22T12:22:42","guid":{"rendered":"https:\/\/glandine.com\/product\/tommy-hilfiger-schwarz-baumwolle-frauen-sandale\/"},"modified":"2024-11-30T00:42:19","modified_gmt":"2024-11-29T23:42:19","slug":"tommy-hilfiger-schwarz-baumwolle-frauen-sandale","status":"publish","type":"product","link":"https:\/\/tpmadalina42.supserv.cozmoslabs.com\/fi\/tuote-2\/tommy-hilfiger-schwarz-baumwolle-frauen-sandale\/","title":{"rendered":"Tommy Hilfiger musta puuvillainen naisten sandaali"},"content":{"rendered":"<p>Erh\u00f6hen Sie Ihren Sommerstil mit den m\u00fchelos schicken &#8222;Tommy Hilfiger&#8220; Sandalen mit Kn\u00f6chelschnalle. Diese Sandalen sind ein Grundnahrungsmittel f\u00fcr jede modebewusste Garderobe und verf\u00fcgen \u00fcber einen auff\u00e4lligen 7 cm hohen Absatz, der mit kontrastierenden Details akzentuiert ist und f\u00fcr einen Hauch von Raffinesse sorgt. Das kultige Tommy Hilfiger-Logo verleiht jedem Ihrer Schritte einen Hauch von Luxus. Perfekt f\u00fcr sonnige Tage oder abendliche Eskapaden, diese Sandalen sind eine zeitlose Erg\u00e4nzung Ihrer Kollektion.<\/p>\n<p>Materiaali: puuvilla<br \/>\nAlkuper\u00e4maa: YK<br \/>\nV\u00e4ri: Musta<\/p>","protected":false},"excerpt":{"rendered":"<p>Erh\u00f6hen Sie Ihren Sommerstil mit den m\u00fchelos schicken &#8222;Tommy Hilfiger&#8220; Sandalen mit Kn\u00f6chelschnalle. Diese Sandalen sind ein Grundnahrungsmittel f\u00fcr jede modebewusste Garderobe und verf\u00fcgen \u00fcber einen auff\u00e4lligen 7 cm hohen Absatz, der mit kontrastierenden Details akzentuiert ist und f\u00fcr einen Hauch von Raffinesse sorgt. Das kultige Tommy Hilfiger-Logo verleiht jedem Ihrer Schritte einen Hauch von [&hellip;]<\/p>","protected":false},"featured_media":312388,"template":"","meta":[],"product_brand":[2177],"product_cat":[1635,1692,1624],"product_tag":[],"class_list":{"0":"post-312391","1":"product","2":"type-product","3":"status-publish","4":"has-post-thumbnail","6":"product_brand-tommy-hilfiger","7":"product_cat-frauen-schuhe","8":"product_cat-sandalen-frauen-schuhe","9":"product_cat-schuhe","11":"first","12":"instock","13":"sale","14":"taxable","15":"shipping-taxable","16":"purchasable","17":"product-type-variable"},"_links":{"self":[{"href":"https:\/\/tpmadalina42.supserv.cozmoslabs.com\/fi\/wp-json\/wp\/v2\/product\/312391","targetHints":{"allow":["GET"]}}],"collection":[{"href":"https:\/\/tpmadalina42.supserv.cozmoslabs.com\/fi\/wp-json\/wp\/v2\/product"}],"about":[{"href":"https:\/\/tpmadalina42.supserv.cozmoslabs.com\/fi\/wp-json\/wp\/v2\/types\/product"}],"wp:featuredmedia":[{"embeddable":true,"href":"https:\/\/tpmadalina42.supserv.cozmoslabs.com\/fi\/wp-json\/wp\/v2\/media\/312388"}],"wp:attachment":[{"href":"https:\/\/tpmadalina42.supserv.cozmoslabs.com\/fi\/wp-json\/wp\/v2\/media?parent=312391"}],"wp:term":[{"taxonomy":"product_brand","embeddable":true,"href":"https:\/\/tpmadalina42.supserv.cozmoslabs.com\/fi\/wp-json\/wp\/v2\/product_brand?post=312391"},{"taxonomy":"product_cat","embeddable":true,"href":"https:\/\/tpmadalina42.supserv.cozmoslabs.com\/fi\/wp-json\/wp\/v2\/product_cat?post=312391"},{"taxonomy":"product_tag","embeddable":true,"href":"https:\/\/tpmadalina42.supserv.cozmoslabs.com\/fi\/wp-json\/wp\/v2\/product_tag?post=312391"}],"curies":[{"name":"wp","href":"https:\/\/api.w.org\/{rel}","templated":true}]}}