{"id":312681,"date":"2024-11-22T13:43:17","date_gmt":"2024-11-22T12:43:17","guid":{"rendered":"https:\/\/glandine.com\/product\/gant-hellblaues-baumwollhemd-fuer-maenner-2\/"},"modified":"2024-11-30T00:51:54","modified_gmt":"2024-11-29T23:51:54","slug":"gant-hellblaues-baumwollhemd-fuer-maenner-2","status":"publish","type":"product","link":"https:\/\/tpmadalina42.supserv.cozmoslabs.com\/fi\/tuote-2\/gant-hellblaues-baumwollhemd-fuer-maenner-2\/","title":{"rendered":"Gant Hellblaues Baumwollhemd f\u00fcr M\u00e4nner"},"content":{"rendered":"<p>Entdecken Sie die Quintessenz des klassischen Stils mit dem Gant Regular Fit Hemd. Dieses hellblaue Hemd mit kurzen \u00c4rmeln wurde speziell f\u00fcr den modernen Gentleman gefertigt und sorgt f\u00fcr einen l\u00e4ssigen und dennoch raffinierten Look. Eine einzelne Tasche sorgt f\u00fcr Funktionalit\u00e4t, ohne die schlanke Silhouette zu beeintr\u00e4chtigen, w\u00e4hrend der Button-Down-Kragen und das emblematische Logo die Liebe zum Detail der Marke bekr\u00e4ftigen. Das Hemd aus 100 % Bio-Baumwolle garantiert Komfort und Langlebigkeit bei jeder Gelegenheit. Setzen Sie mit Gant auf k\u00fchne und trendige Raffinesse.<\/p>\n<p>Materiaali: 100% puuvilla<br \/>\nAlkuper\u00e4maa: CN<br \/>\nV\u00e4ri: vaaleansininen<\/p>","protected":false},"excerpt":{"rendered":"<p>Entdecken Sie die Quintessenz des klassischen Stils mit dem Gant Regular Fit Hemd. Dieses hellblaue Hemd mit kurzen \u00c4rmeln wurde speziell f\u00fcr den modernen Gentleman gefertigt und sorgt f\u00fcr einen l\u00e4ssigen und dennoch raffinierten Look. Eine einzelne Tasche sorgt f\u00fcr Funktionalit\u00e4t, ohne die schlanke Silhouette zu beeintr\u00e4chtigen, w\u00e4hrend der Button-Down-Kragen und das emblematische Logo die [&hellip;]<\/p>","protected":false},"featured_media":312679,"template":"","meta":[],"product_brand":[2273],"product_cat":[1695,1633,1623],"product_tag":[],"class_list":{"0":"post-312681","1":"product","2":"type-product","3":"status-publish","4":"has-post-thumbnail","6":"product_brand-gant","7":"product_cat-hemden","8":"product_cat-maenner-kleidung","9":"product_cat-kleidung","11":"first","12":"instock","13":"sale","14":"taxable","15":"shipping-taxable","16":"purchasable","17":"product-type-variable"},"_links":{"self":[{"href":"https:\/\/tpmadalina42.supserv.cozmoslabs.com\/fi\/wp-json\/wp\/v2\/product\/312681","targetHints":{"allow":["GET"]}}],"collection":[{"href":"https:\/\/tpmadalina42.supserv.cozmoslabs.com\/fi\/wp-json\/wp\/v2\/product"}],"about":[{"href":"https:\/\/tpmadalina42.supserv.cozmoslabs.com\/fi\/wp-json\/wp\/v2\/types\/product"}],"wp:featuredmedia":[{"embeddable":true,"href":"https:\/\/tpmadalina42.supserv.cozmoslabs.com\/fi\/wp-json\/wp\/v2\/media\/312679"}],"wp:attachment":[{"href":"https:\/\/tpmadalina42.supserv.cozmoslabs.com\/fi\/wp-json\/wp\/v2\/media?parent=312681"}],"wp:term":[{"taxonomy":"product_brand","embeddable":true,"href":"https:\/\/tpmadalina42.supserv.cozmoslabs.com\/fi\/wp-json\/wp\/v2\/product_brand?post=312681"},{"taxonomy":"product_cat","embeddable":true,"href":"https:\/\/tpmadalina42.supserv.cozmoslabs.com\/fi\/wp-json\/wp\/v2\/product_cat?post=312681"},{"taxonomy":"product_tag","embeddable":true,"href":"https:\/\/tpmadalina42.supserv.cozmoslabs.com\/fi\/wp-json\/wp\/v2\/product_tag?post=312681"}],"curies":[{"name":"wp","href":"https:\/\/api.w.org\/{rel}","templated":true}]}}