{"id":312686,"date":"2024-11-22T13:43:47","date_gmt":"2024-11-22T12:43:47","guid":{"rendered":"https:\/\/glandine.com\/product\/gant-blaues-baumwollhemd-fuer-maenner-2\/"},"modified":"2024-11-30T00:52:04","modified_gmt":"2024-11-29T23:52:04","slug":"gant-blaues-baumwollhemd-fuer-maenner-2","status":"publish","type":"product","link":"https:\/\/tpmadalina42.supserv.cozmoslabs.com\/fi\/tuote-2\/gant-blaues-baumwollhemd-fuer-maenner-2\/","title":{"rendered":"Gant Sininen puuvillapaita miehille"},"content":{"rendered":"<p>Erh\u00f6hen Sie Ihre Garderobe mit dem m\u00fchelos stilvollen Gant Regular Fit Hemd. Das Hemd mit kurzen \u00c4rmeln ist perfekt f\u00fcr den \u00dcbergang zwischen legeren und eleganten Anl\u00e4ssen. Dieses blaue Hemd mit einer einzigen praktischen Tasche und einem klassischen Button-Down-Kragen ist mit dem charakteristischen Gant-Logo verziert, das f\u00fcr einen Hauch von Luxus sorgt. Gefertigt aus 100 % Bio-Baumwolle, verspricht es Komfort und Nachhaltigkeit bei jedem Tragen. Ein echtes Grundnahrungsmittel, das moderne \u00c4sthetik und traditionelle Handwerkskunst in Einklang bringt.<\/p>\n<p>Materiaali: 100% puuvilla<br \/>\nAlkuper\u00e4maa: IN<br \/>\nV\u00e4ri: Sininen<\/p>","protected":false},"excerpt":{"rendered":"<p>Erh\u00f6hen Sie Ihre Garderobe mit dem m\u00fchelos stilvollen Gant Regular Fit Hemd. Das Hemd mit kurzen \u00c4rmeln ist perfekt f\u00fcr den \u00dcbergang zwischen legeren und eleganten Anl\u00e4ssen. Dieses blaue Hemd mit einer einzigen praktischen Tasche und einem klassischen Button-Down-Kragen ist mit dem charakteristischen Gant-Logo verziert, das f\u00fcr einen Hauch von Luxus sorgt. Gefertigt aus 100 [&hellip;]<\/p>","protected":false},"featured_media":312684,"template":"","meta":[],"product_brand":[2273],"product_cat":[1695,1633,1623],"product_tag":[],"class_list":{"0":"post-312686","1":"product","2":"type-product","3":"status-publish","4":"has-post-thumbnail","6":"product_brand-gant","7":"product_cat-hemden","8":"product_cat-maenner-kleidung","9":"product_cat-kleidung","11":"first","12":"instock","13":"sale","14":"taxable","15":"shipping-taxable","16":"purchasable","17":"product-type-variable"},"_links":{"self":[{"href":"https:\/\/tpmadalina42.supserv.cozmoslabs.com\/fi\/wp-json\/wp\/v2\/product\/312686","targetHints":{"allow":["GET"]}}],"collection":[{"href":"https:\/\/tpmadalina42.supserv.cozmoslabs.com\/fi\/wp-json\/wp\/v2\/product"}],"about":[{"href":"https:\/\/tpmadalina42.supserv.cozmoslabs.com\/fi\/wp-json\/wp\/v2\/types\/product"}],"wp:featuredmedia":[{"embeddable":true,"href":"https:\/\/tpmadalina42.supserv.cozmoslabs.com\/fi\/wp-json\/wp\/v2\/media\/312684"}],"wp:attachment":[{"href":"https:\/\/tpmadalina42.supserv.cozmoslabs.com\/fi\/wp-json\/wp\/v2\/media?parent=312686"}],"wp:term":[{"taxonomy":"product_brand","embeddable":true,"href":"https:\/\/tpmadalina42.supserv.cozmoslabs.com\/fi\/wp-json\/wp\/v2\/product_brand?post=312686"},{"taxonomy":"product_cat","embeddable":true,"href":"https:\/\/tpmadalina42.supserv.cozmoslabs.com\/fi\/wp-json\/wp\/v2\/product_cat?post=312686"},{"taxonomy":"product_tag","embeddable":true,"href":"https:\/\/tpmadalina42.supserv.cozmoslabs.com\/fi\/wp-json\/wp\/v2\/product_tag?post=312686"}],"curies":[{"name":"wp","href":"https:\/\/api.w.org\/{rel}","templated":true}]}}