{"id":312848,"date":"2024-11-22T13:54:19","date_gmt":"2024-11-22T12:54:19","guid":{"rendered":"https:\/\/glandine.com\/product\/calvin-klein-beige-baumwolle-frauen-pullover\/"},"modified":"2024-11-30T00:55:50","modified_gmt":"2024-11-29T23:55:50","slug":"calvin-klein-beige-baumwolle-frauen-pullover","status":"publish","type":"product","link":"https:\/\/tpmadalina42.supserv.cozmoslabs.com\/fi\/tuote-2\/calvin-klein-beige-baumwolle-frauen-pullover\/","title":{"rendered":"Calvin Klein Beige Baumwolle Frauen Pullover"},"content":{"rendered":"<p>G\u00f6nnen Sie sich den Inbegriff von nachhaltigem Luxus mit dem schicken Kapuzensweatshirt von Calvin Klein. Dieses beigefarbene Schmuckst\u00fcck ist aus 100 % recycelter Baumwolle gefertigt und setzt ein klares, umweltfreundliches Statement. Die langen \u00c4rmel, der bequeme Rei\u00dfverschluss und die zwei Taschen verbinden Funktionalit\u00e4t mit High Fashion, w\u00e4hrend die charakteristische Stickerei und die Logo-Applikation Ihren Stil unterstreichen. Perfekt, um jedem Freizeitoutfit einen Hauch von Raffinesse zu verleihen.<\/p>\n<p>&#8211; Material: 100% rezyklierte Baumwolle<br \/>\n&#8211; Herkunftsland: TR<br \/>\n&#8211; Farbe: Beige<\/p>","protected":false},"excerpt":{"rendered":"<p>G\u00f6nnen Sie sich den Inbegriff von nachhaltigem Luxus mit dem schicken Kapuzensweatshirt von Calvin Klein. Dieses beigefarbene Schmuckst\u00fcck ist aus 100 % recycelter Baumwolle gefertigt und setzt ein klares, umweltfreundliches Statement. Die langen \u00c4rmel, der bequeme Rei\u00dfverschluss und die zwei Taschen verbinden Funktionalit\u00e4t mit High Fashion, w\u00e4hrend die charakteristische Stickerei und die Logo-Applikation Ihren Stil [&hellip;]<\/p>","protected":false},"featured_media":312846,"template":"","meta":[],"product_brand":[2188],"product_cat":[1637,1623],"product_tag":[],"class_list":{"0":"post-312848","1":"product","2":"type-product","3":"status-publish","4":"has-post-thumbnail","6":"product_brand-calvin-klein","7":"product_cat-frauen-kleidung","8":"product_cat-kleidung","10":"first","11":"instock","12":"sale","13":"taxable","14":"shipping-taxable","15":"purchasable","16":"product-type-variable"},"_links":{"self":[{"href":"https:\/\/tpmadalina42.supserv.cozmoslabs.com\/fi\/wp-json\/wp\/v2\/product\/312848","targetHints":{"allow":["GET"]}}],"collection":[{"href":"https:\/\/tpmadalina42.supserv.cozmoslabs.com\/fi\/wp-json\/wp\/v2\/product"}],"about":[{"href":"https:\/\/tpmadalina42.supserv.cozmoslabs.com\/fi\/wp-json\/wp\/v2\/types\/product"}],"wp:featuredmedia":[{"embeddable":true,"href":"https:\/\/tpmadalina42.supserv.cozmoslabs.com\/fi\/wp-json\/wp\/v2\/media\/312846"}],"wp:attachment":[{"href":"https:\/\/tpmadalina42.supserv.cozmoslabs.com\/fi\/wp-json\/wp\/v2\/media?parent=312848"}],"wp:term":[{"taxonomy":"product_brand","embeddable":true,"href":"https:\/\/tpmadalina42.supserv.cozmoslabs.com\/fi\/wp-json\/wp\/v2\/product_brand?post=312848"},{"taxonomy":"product_cat","embeddable":true,"href":"https:\/\/tpmadalina42.supserv.cozmoslabs.com\/fi\/wp-json\/wp\/v2\/product_cat?post=312848"},{"taxonomy":"product_tag","embeddable":true,"href":"https:\/\/tpmadalina42.supserv.cozmoslabs.com\/fi\/wp-json\/wp\/v2\/product_tag?post=312848"}],"curies":[{"name":"wp","href":"https:\/\/api.w.org\/{rel}","templated":true}]}}