{"id":312894,"date":"2024-11-22T13:57:26","date_gmt":"2024-11-22T12:57:26","guid":{"rendered":"https:\/\/glandine.com\/product\/calvin-klein-schwarz-polyester-frauen-handtasche-12\/"},"modified":"2024-12-12T02:47:46","modified_gmt":"2024-12-12T01:47:46","slug":"calvin-klein-schwarz-polyester-frauen-handtasche-12","status":"publish","type":"product","link":"https:\/\/tpmadalina42.supserv.cozmoslabs.com\/fi\/tuote-2\/calvin-klein-schwarz-polyester-frauen-handtasche-12\/","title":{"rendered":"Calvin Klein musta polyesterik\u00e4silaukku naisille"},"content":{"rendered":"<p>Erleben Sie die Verschmelzung von umweltbewusstem Design und auff\u00e4lligem Stil mit diesem Meisterst\u00fcck von Calvin Klein. Ihr schwarzer Farbton strahlt zeitlose Eleganz aus, w\u00e4hrend die kontrastierenden Details f\u00fcr einen Hauch von Modernit\u00e4t sorgen. Die Tasche verf\u00fcgt \u00fcber zwei F\u00e4cher und ein zentrales Fach, einen abnehmbaren Schulterriemen und einen sicheren Rei\u00dfverschluss mit Drehverriegelung, der f\u00fcr Ordnung sorgt. Die Tasche ist aus einem recycelten Polyestergemisch gefertigt, das sich der Nachhaltigkeit verschrieben hat, und schont die Umwelt ebenso wie Ihre modische Sensibilit\u00e4t. Calvin Klein ist nicht nur eine Marke, sondern ein Bekenntnis zu schicker, umweltfreundlicher Raffinesse.<\/p>\n<p>Material: 51% Polyester, 49% Polyethylen<br \/>\nHerkunftsland: KH<br \/>\nV\u00e4ri: Musta<\/p>","protected":false},"excerpt":{"rendered":"<p>Erleben Sie die Verschmelzung von umweltbewusstem Design und auff\u00e4lligem Stil mit diesem Meisterst\u00fcck von Calvin Klein. Ihr schwarzer Farbton strahlt zeitlose Eleganz aus, w\u00e4hrend die kontrastierenden Details f\u00fcr einen Hauch von Modernit\u00e4t sorgen. Die Tasche verf\u00fcgt \u00fcber zwei F\u00e4cher und ein zentrales Fach, einen abnehmbaren Schulterriemen und einen sicheren Rei\u00dfverschluss mit Drehverriegelung, der f\u00fcr Ordnung [&hellip;]<\/p>","protected":false},"featured_media":312891,"template":"","meta":[],"product_brand":[2188],"product_cat":[1630,1664],"product_tag":[],"class_list":{"0":"post-312894","1":"product","2":"type-product","3":"status-publish","4":"has-post-thumbnail","6":"product_brand-calvin-klein","7":"product_cat-frauen","8":"product_cat-handtaschen","10":"first","11":"instock","12":"sale","13":"taxable","14":"shipping-taxable","15":"purchasable","16":"product-type-simple"},"_links":{"self":[{"href":"https:\/\/tpmadalina42.supserv.cozmoslabs.com\/fi\/wp-json\/wp\/v2\/product\/312894","targetHints":{"allow":["GET"]}}],"collection":[{"href":"https:\/\/tpmadalina42.supserv.cozmoslabs.com\/fi\/wp-json\/wp\/v2\/product"}],"about":[{"href":"https:\/\/tpmadalina42.supserv.cozmoslabs.com\/fi\/wp-json\/wp\/v2\/types\/product"}],"wp:featuredmedia":[{"embeddable":true,"href":"https:\/\/tpmadalina42.supserv.cozmoslabs.com\/fi\/wp-json\/wp\/v2\/media\/312891"}],"wp:attachment":[{"href":"https:\/\/tpmadalina42.supserv.cozmoslabs.com\/fi\/wp-json\/wp\/v2\/media?parent=312894"}],"wp:term":[{"taxonomy":"product_brand","embeddable":true,"href":"https:\/\/tpmadalina42.supserv.cozmoslabs.com\/fi\/wp-json\/wp\/v2\/product_brand?post=312894"},{"taxonomy":"product_cat","embeddable":true,"href":"https:\/\/tpmadalina42.supserv.cozmoslabs.com\/fi\/wp-json\/wp\/v2\/product_cat?post=312894"},{"taxonomy":"product_tag","embeddable":true,"href":"https:\/\/tpmadalina42.supserv.cozmoslabs.com\/fi\/wp-json\/wp\/v2\/product_tag?post=312894"}],"curies":[{"name":"wp","href":"https:\/\/api.w.org\/{rel}","templated":true}]}}