{"id":313369,"date":"2024-11-22T14:32:02","date_gmt":"2024-11-22T13:32:02","guid":{"rendered":"https:\/\/glandine.com\/product\/calvin-klein-lila-polyester-damen-leggings\/"},"modified":"2024-12-05T07:29:08","modified_gmt":"2024-12-05T06:29:08","slug":"calvin-klein-lila-polyester-damen-leggings","status":"publish","type":"product","link":"https:\/\/tpmadalina42.supserv.cozmoslabs.com\/fi\/tuote-2\/calvin-klein-lila-polyester-damen-leggings\/","title":{"rendered":"Calvin Klein Lila Polyester Damen-Leggings"},"content":{"rendered":"<p>Peppen Sie Ihre Freizeitkleidung mit diesen eleganten Calvin Klein Leggings auf. Diese Leggings ist f\u00fcr ihre kurvenreiche Passform und ihren unvergleichlichen Komfort bekannt und hat einen kr\u00e4ftigen violetten Farbton, der jedes Outfit aufwertet. Der elastische Bund sorgt f\u00fcr einen bequemen, sicheren Sitz, w\u00e4hrend die kontrastierenden Details und das erkennbare Logo Ihrer Freizeitkleidung einen Hauch von Raffinesse verleihen. Die Leggings sind aus einer Mischung aus Polyester und Elastan gefertigt und bieten Flexibilit\u00e4t und Strapazierf\u00e4higkeit f\u00fcr eine Vielzahl von Anl\u00e4ssen.<\/p>\n<p>Material: 82% Polyester, 18% Elastan<br \/>\nAlkuper\u00e4maa: YK<br \/>\nV\u00e4ri: violetti<\/p>","protected":false},"excerpt":{"rendered":"<p>Peppen Sie Ihre Freizeitkleidung mit diesen eleganten Calvin Klein Leggings auf. Diese Leggings ist f\u00fcr ihre kurvenreiche Passform und ihren unvergleichlichen Komfort bekannt und hat einen kr\u00e4ftigen violetten Farbton, der jedes Outfit aufwertet. Der elastische Bund sorgt f\u00fcr einen bequemen, sicheren Sitz, w\u00e4hrend die kontrastierenden Details und das erkennbare Logo Ihrer Freizeitkleidung einen Hauch von [&hellip;]<\/p>","protected":false},"featured_media":313366,"template":"","meta":[],"product_brand":[2188],"product_cat":[1637,1623,1717],"product_tag":[],"class_list":{"0":"post-313369","1":"product","2":"type-product","3":"status-publish","4":"has-post-thumbnail","6":"product_brand-calvin-klein","7":"product_cat-frauen-kleidung","8":"product_cat-kleidung","9":"product_cat-unterwaesche","11":"first","12":"instock","13":"sale","14":"taxable","15":"shipping-taxable","16":"purchasable","17":"product-type-variable"},"_links":{"self":[{"href":"https:\/\/tpmadalina42.supserv.cozmoslabs.com\/fi\/wp-json\/wp\/v2\/product\/313369","targetHints":{"allow":["GET"]}}],"collection":[{"href":"https:\/\/tpmadalina42.supserv.cozmoslabs.com\/fi\/wp-json\/wp\/v2\/product"}],"about":[{"href":"https:\/\/tpmadalina42.supserv.cozmoslabs.com\/fi\/wp-json\/wp\/v2\/types\/product"}],"wp:featuredmedia":[{"embeddable":true,"href":"https:\/\/tpmadalina42.supserv.cozmoslabs.com\/fi\/wp-json\/wp\/v2\/media\/313366"}],"wp:attachment":[{"href":"https:\/\/tpmadalina42.supserv.cozmoslabs.com\/fi\/wp-json\/wp\/v2\/media?parent=313369"}],"wp:term":[{"taxonomy":"product_brand","embeddable":true,"href":"https:\/\/tpmadalina42.supserv.cozmoslabs.com\/fi\/wp-json\/wp\/v2\/product_brand?post=313369"},{"taxonomy":"product_cat","embeddable":true,"href":"https:\/\/tpmadalina42.supserv.cozmoslabs.com\/fi\/wp-json\/wp\/v2\/product_cat?post=313369"},{"taxonomy":"product_tag","embeddable":true,"href":"https:\/\/tpmadalina42.supserv.cozmoslabs.com\/fi\/wp-json\/wp\/v2\/product_tag?post=313369"}],"curies":[{"name":"wp","href":"https:\/\/api.w.org\/{rel}","templated":true}]}}