{"id":313380,"date":"2024-11-22T14:32:33","date_gmt":"2024-11-22T13:32:33","guid":{"rendered":"https:\/\/glandine.com\/product\/calvin-klein-schwarze-polyester-leggings-fuer-frauen-2\/"},"modified":"2024-12-03T05:18:23","modified_gmt":"2024-12-03T04:18:23","slug":"calvin-klein-schwarze-polyester-leggings-fuer-frauen-2","status":"publish","type":"product","link":"https:\/\/tpmadalina42.supserv.cozmoslabs.com\/fi\/tuote-2\/calvin-klein-schwarze-polyester-leggings-fuer-frauen-2\/","title":{"rendered":"Calvin Klein mustat polyesterileggingsit naisille"},"content":{"rendered":"<p>Mit dieser schicken Leggings von Calvin Klein k\u00f6nnen Sie Ihren Freizeitstil aufpeppen. Der elastische Bund sorgt f\u00fcr eine nahtlose Passform, w\u00e4hrend die kontrastierenden Details Ihre Form betonen. Das kultige Calvin Klein-Logo verleiht Ihrer Freizeitkleidung einen Hauch von Designer-Prestige. Diese Leggings sind der Inbegriff urbaner Raffinesse und vereinen Mode und Funktion.<\/p>\n<p>Material: 89% Polyester, 11% Elasthan<br \/>\nAlkuper\u00e4maa: YK<br \/>\nV\u00e4ri: Musta<\/p>","protected":false},"excerpt":{"rendered":"<p>Mit dieser schicken Leggings von Calvin Klein k\u00f6nnen Sie Ihren Freizeitstil aufpeppen. Der elastische Bund sorgt f\u00fcr eine nahtlose Passform, w\u00e4hrend die kontrastierenden Details Ihre Form betonen. Das kultige Calvin Klein-Logo verleiht Ihrer Freizeitkleidung einen Hauch von Designer-Prestige. Diese Leggings sind der Inbegriff urbaner Raffinesse und vereinen Mode und Funktion. Material: 89% Polyester, 11% Elasthan [&hellip;]<\/p>","protected":false},"featured_media":313378,"template":"","meta":[],"product_brand":[2188],"product_cat":[1637,1623,1717],"product_tag":[],"class_list":{"0":"post-313380","1":"product","2":"type-product","3":"status-publish","4":"has-post-thumbnail","6":"product_brand-calvin-klein","7":"product_cat-frauen-kleidung","8":"product_cat-kleidung","9":"product_cat-unterwaesche","11":"first","12":"instock","13":"sale","14":"taxable","15":"shipping-taxable","16":"purchasable","17":"product-type-variable"},"_links":{"self":[{"href":"https:\/\/tpmadalina42.supserv.cozmoslabs.com\/fi\/wp-json\/wp\/v2\/product\/313380","targetHints":{"allow":["GET"]}}],"collection":[{"href":"https:\/\/tpmadalina42.supserv.cozmoslabs.com\/fi\/wp-json\/wp\/v2\/product"}],"about":[{"href":"https:\/\/tpmadalina42.supserv.cozmoslabs.com\/fi\/wp-json\/wp\/v2\/types\/product"}],"wp:featuredmedia":[{"embeddable":true,"href":"https:\/\/tpmadalina42.supserv.cozmoslabs.com\/fi\/wp-json\/wp\/v2\/media\/313378"}],"wp:attachment":[{"href":"https:\/\/tpmadalina42.supserv.cozmoslabs.com\/fi\/wp-json\/wp\/v2\/media?parent=313380"}],"wp:term":[{"taxonomy":"product_brand","embeddable":true,"href":"https:\/\/tpmadalina42.supserv.cozmoslabs.com\/fi\/wp-json\/wp\/v2\/product_brand?post=313380"},{"taxonomy":"product_cat","embeddable":true,"href":"https:\/\/tpmadalina42.supserv.cozmoslabs.com\/fi\/wp-json\/wp\/v2\/product_cat?post=313380"},{"taxonomy":"product_tag","embeddable":true,"href":"https:\/\/tpmadalina42.supserv.cozmoslabs.com\/fi\/wp-json\/wp\/v2\/product_tag?post=313380"}],"curies":[{"name":"wp","href":"https:\/\/api.w.org\/{rel}","templated":true}]}}