{"id":313653,"date":"2024-11-22T14:47:55","date_gmt":"2024-11-22T13:47:55","guid":{"rendered":"https:\/\/glandine.com\/product\/tommy-hilfiger-weisses-viskose-damen-kleid\/"},"modified":"2024-12-05T07:21:44","modified_gmt":"2024-12-05T06:21:44","slug":"tommy-hilfiger-weisses-viskose-damen-kleid","status":"publish","type":"product","link":"https:\/\/tpmadalina42.supserv.cozmoslabs.com\/fi\/tuote-2\/tommy-hilfiger-valkoinen-viskoosi-naisten-mekko\/","title":{"rendered":"Tommy Hilfiger valkoinen viskoosinen naisten mekko"},"content":{"rendered":"<p>Pirist\u00e4 vaatekaappiasi Tommy Hilfigerin moitteettomalla hienostuneisuudella. T\u00e4m\u00e4 koskematon valkoinen mekko on todellinen showstopper, jonka pitk\u00e4t hihat ja neli\u00f6nmuotoinen p\u00e4\u00e4ntie luovat vaivatonta eleganssia. Mekko on koristeltu hennoilla kirjailuilla ja Tommy Hilfigerin ikonisella logolla, ja se on suunniteltu niille, jotka n\u00e4ytt\u00e4v\u00e4t tiet\u00e4 tyylill\u00e4. Ylellisten materiaalien sekoitus takaa k\u00e4ytt\u00f6mukavuuden ja imartelevan istuvuuden, joten k\u00e4yt\u00e4t t\u00e4t\u00e4 vaatekappaletta kerta toisensa j\u00e4lkeen. <\/p>\n<p>Materiaali: 5% elastaani, 62% viskoosi, 33% polyamidi.<br \/>\nAlkuper\u00e4maa: CN<br \/>\nV\u00e4ri: Valkoinen<\/p>","protected":false},"excerpt":{"rendered":"<p>Peppen Sie Ihre Garderobe mit der makellosen Finesse von Tommy Hilfiger auf. Dieses makellose wei\u00dfe Kleid ist ein echter Hingucker mit langen \u00c4rmeln und quadratischem Ausschnitt, der f\u00fcr eine Aura m\u00fcheloser Eleganz sorgt. Es ist mit zarten Stickereien und dem kultigen Tommy Hilfiger-Logo verziert und wurde f\u00fcr diejenigen entworfen, die mit Stil vorangehen. Eine Mischung [&hellip;]<\/p>","protected":false},"featured_media":313651,"template":"","meta":[],"product_brand":[2177],"product_cat":[1637,1659,1623],"product_tag":[],"class_list":{"0":"post-313653","1":"product","2":"type-product","3":"status-publish","4":"has-post-thumbnail","6":"product_brand-tommy-hilfiger","7":"product_cat-frauen-kleidung","8":"product_cat-kleider","9":"product_cat-kleidung","11":"first","12":"instock","13":"sale","14":"taxable","15":"shipping-taxable","16":"purchasable","17":"product-type-variable"},"_links":{"self":[{"href":"https:\/\/tpmadalina42.supserv.cozmoslabs.com\/fi\/wp-json\/wp\/v2\/product\/313653","targetHints":{"allow":["GET"]}}],"collection":[{"href":"https:\/\/tpmadalina42.supserv.cozmoslabs.com\/fi\/wp-json\/wp\/v2\/product"}],"about":[{"href":"https:\/\/tpmadalina42.supserv.cozmoslabs.com\/fi\/wp-json\/wp\/v2\/types\/product"}],"wp:featuredmedia":[{"embeddable":true,"href":"https:\/\/tpmadalina42.supserv.cozmoslabs.com\/fi\/wp-json\/wp\/v2\/media\/313651"}],"wp:attachment":[{"href":"https:\/\/tpmadalina42.supserv.cozmoslabs.com\/fi\/wp-json\/wp\/v2\/media?parent=313653"}],"wp:term":[{"taxonomy":"product_brand","embeddable":true,"href":"https:\/\/tpmadalina42.supserv.cozmoslabs.com\/fi\/wp-json\/wp\/v2\/product_brand?post=313653"},{"taxonomy":"product_cat","embeddable":true,"href":"https:\/\/tpmadalina42.supserv.cozmoslabs.com\/fi\/wp-json\/wp\/v2\/product_cat?post=313653"},{"taxonomy":"product_tag","embeddable":true,"href":"https:\/\/tpmadalina42.supserv.cozmoslabs.com\/fi\/wp-json\/wp\/v2\/product_tag?post=313653"}],"curies":[{"name":"wp","href":"https:\/\/api.w.org\/{rel}","templated":true}]}}