{"id":314116,"date":"2024-11-22T15:15:21","date_gmt":"2024-11-22T14:15:21","guid":{"rendered":"https:\/\/glandine.com\/product\/fila-weisses-baumwolle-maenner-t-shirt\/"},"modified":"2024-11-30T01:35:33","modified_gmt":"2024-11-30T00:35:33","slug":"fila-weisses-baumwolle-maenner-t-shirt","status":"publish","type":"product","link":"https:\/\/tpmadalina42.supserv.cozmoslabs.com\/fi\/tuote-2\/fila-weisses-baumwolle-maenner-t-shirt\/","title":{"rendered":"Fila Wei\u00dfes Baumwolle M\u00e4nner T-Shirt"},"content":{"rendered":"<p>Peppen Sie Ihre Garderobe mit dem unverwechselbaren Stil von Fila auf. Dieses makellose wei\u00dfe T-Shirt ist mehr als nur ein Basic; es ist ein Statement von l\u00e4ssiger Eleganz. Kurze \u00c4rmel und ein bequemer Rundhalsausschnitt sorgen f\u00fcr eine klassische Silhouette, w\u00e4hrend der auff\u00e4llige Print und das kultige Fila-Logo auf der Brust sofort ins Auge fallen und Ihren Geschmack f\u00fcr trendige und zeitlose Mode unterstreichen. Das Shirt aus 100 % Baumwolle sorgt f\u00fcr ganzt\u00e4gigen Tragekomfort und bietet eine m\u00fchelose Mischung aus Sportlichkeit und Schick, die perfekt f\u00fcr Trendsetter ist.<\/p>\n<p>&#8211; Material: 100% Baumwolle<br \/>\n&#8211; Farbe: Wei\u00df<br \/>\n&#8211; Herkunftsland: BD<\/p>","protected":false},"excerpt":{"rendered":"<p>Peppen Sie Ihre Garderobe mit dem unverwechselbaren Stil von Fila auf. Dieses makellose wei\u00dfe T-Shirt ist mehr als nur ein Basic; es ist ein Statement von l\u00e4ssiger Eleganz. Kurze \u00c4rmel und ein bequemer Rundhalsausschnitt sorgen f\u00fcr eine klassische Silhouette, w\u00e4hrend der auff\u00e4llige Print und das kultige Fila-Logo auf der Brust sofort ins Auge fallen und [&hellip;]<\/p>","protected":false},"featured_media":314114,"template":"","meta":[],"product_brand":[2150],"product_cat":[1633,1623,1710],"product_tag":[],"class_list":{"0":"post-314116","1":"product","2":"type-product","3":"status-publish","4":"has-post-thumbnail","6":"product_brand-fila","7":"product_cat-maenner-kleidung","8":"product_cat-kleidung","9":"product_cat-t-shirts","11":"first","12":"instock","13":"sale","14":"taxable","15":"shipping-taxable","16":"purchasable","17":"product-type-variable"},"_links":{"self":[{"href":"https:\/\/tpmadalina42.supserv.cozmoslabs.com\/fi\/wp-json\/wp\/v2\/product\/314116","targetHints":{"allow":["GET"]}}],"collection":[{"href":"https:\/\/tpmadalina42.supserv.cozmoslabs.com\/fi\/wp-json\/wp\/v2\/product"}],"about":[{"href":"https:\/\/tpmadalina42.supserv.cozmoslabs.com\/fi\/wp-json\/wp\/v2\/types\/product"}],"wp:featuredmedia":[{"embeddable":true,"href":"https:\/\/tpmadalina42.supserv.cozmoslabs.com\/fi\/wp-json\/wp\/v2\/media\/314114"}],"wp:attachment":[{"href":"https:\/\/tpmadalina42.supserv.cozmoslabs.com\/fi\/wp-json\/wp\/v2\/media?parent=314116"}],"wp:term":[{"taxonomy":"product_brand","embeddable":true,"href":"https:\/\/tpmadalina42.supserv.cozmoslabs.com\/fi\/wp-json\/wp\/v2\/product_brand?post=314116"},{"taxonomy":"product_cat","embeddable":true,"href":"https:\/\/tpmadalina42.supserv.cozmoslabs.com\/fi\/wp-json\/wp\/v2\/product_cat?post=314116"},{"taxonomy":"product_tag","embeddable":true,"href":"https:\/\/tpmadalina42.supserv.cozmoslabs.com\/fi\/wp-json\/wp\/v2\/product_tag?post=314116"}],"curies":[{"name":"wp","href":"https:\/\/api.w.org\/{rel}","templated":true}]}}