{"id":314150,"date":"2024-11-22T15:17:31","date_gmt":"2024-11-22T14:17:31","guid":{"rendered":"https:\/\/glandine.com\/product\/napapijri-rote-polyamid-herren-jacke\/"},"modified":"2024-12-12T10:38:36","modified_gmt":"2024-12-12T09:38:36","slug":"napapijri-rote-polyamid-herren-jacke","status":"publish","type":"product","link":"https:\/\/tpmadalina42.supserv.cozmoslabs.com\/fi\/tuote-2\/napapijri-rote-polyamid-herren-jacke\/","title":{"rendered":"Napapijri Rote Polyamid Herren Jacke"},"content":{"rendered":"<p>Erleben Sie die ultimative Verschmelzung von modischem Design und umweltbewusster Innovation mit der Napapijri Rainforest Jacket. Ziehen Sie die Blicke auf sich mit diesem auff\u00e4lligen roten Oberbekleidungsst\u00fcck, das nicht nur mit seiner sch\u00fctzenden Kapuze und der praktischen zentralen Rei\u00dfverschlusstasche Funktionalit\u00e4t bietet, sondern auch Ihr Engagement f\u00fcr Nachhaltigkeit mit 30 % recycelten Materialien unterstreicht. Seitliche Rei\u00dfverschl\u00fcsse sorgen f\u00fcr zus\u00e4tzliche Zug\u00e4nglichkeit, ohne dass der Stil darunter leidet, w\u00e4hrend die ikonische Logo-Applikation diese Jacke zu einem Statement in Ihrem Kleiderschrank macht.<\/p>\n<p>V\u00e4ri: punainen<br \/>\nMateriaali: 100% polyamidi<br \/>\nHerkunftsland: KH<\/p>","protected":false},"excerpt":{"rendered":"<p>Erleben Sie die ultimative Verschmelzung von modischem Design und umweltbewusster Innovation mit der Napapijri Rainforest Jacket. Ziehen Sie die Blicke auf sich mit diesem auff\u00e4lligen roten Oberbekleidungsst\u00fcck, das nicht nur mit seiner sch\u00fctzenden Kapuze und der praktischen zentralen Rei\u00dfverschlusstasche Funktionalit\u00e4t bietet, sondern auch Ihr Engagement f\u00fcr Nachhaltigkeit mit 30 % recycelten Materialien unterstreicht. Seitliche Rei\u00dfverschl\u00fcsse [&hellip;]<\/p>","protected":false},"featured_media":314148,"template":"","meta":[],"product_brand":[2312],"product_cat":[1633,1669,1623],"product_tag":[],"class_list":{"0":"post-314150","1":"product","2":"type-product","3":"status-publish","4":"has-post-thumbnail","6":"product_brand-napapijri","7":"product_cat-maenner-kleidung","8":"product_cat-jacken","9":"product_cat-kleidung","11":"first","12":"instock","13":"sale","14":"taxable","15":"shipping-taxable","16":"purchasable","17":"product-type-variable"},"_links":{"self":[{"href":"https:\/\/tpmadalina42.supserv.cozmoslabs.com\/fi\/wp-json\/wp\/v2\/product\/314150","targetHints":{"allow":["GET"]}}],"collection":[{"href":"https:\/\/tpmadalina42.supserv.cozmoslabs.com\/fi\/wp-json\/wp\/v2\/product"}],"about":[{"href":"https:\/\/tpmadalina42.supserv.cozmoslabs.com\/fi\/wp-json\/wp\/v2\/types\/product"}],"wp:featuredmedia":[{"embeddable":true,"href":"https:\/\/tpmadalina42.supserv.cozmoslabs.com\/fi\/wp-json\/wp\/v2\/media\/314148"}],"wp:attachment":[{"href":"https:\/\/tpmadalina42.supserv.cozmoslabs.com\/fi\/wp-json\/wp\/v2\/media?parent=314150"}],"wp:term":[{"taxonomy":"product_brand","embeddable":true,"href":"https:\/\/tpmadalina42.supserv.cozmoslabs.com\/fi\/wp-json\/wp\/v2\/product_brand?post=314150"},{"taxonomy":"product_cat","embeddable":true,"href":"https:\/\/tpmadalina42.supserv.cozmoslabs.com\/fi\/wp-json\/wp\/v2\/product_cat?post=314150"},{"taxonomy":"product_tag","embeddable":true,"href":"https:\/\/tpmadalina42.supserv.cozmoslabs.com\/fi\/wp-json\/wp\/v2\/product_tag?post=314150"}],"curies":[{"name":"wp","href":"https:\/\/api.w.org\/{rel}","templated":true}]}}