{"id":314217,"date":"2024-11-22T15:21:36","date_gmt":"2024-11-22T14:21:36","guid":{"rendered":"https:\/\/glandine.com\/product\/napapijri-gruen-baumwolle-maenner-polo\/"},"modified":"2024-12-11T00:31:31","modified_gmt":"2024-12-10T23:31:31","slug":"napapijri-gruen-baumwolle-maenner-polo","status":"publish","type":"product","link":"https:\/\/tpmadalina42.supserv.cozmoslabs.com\/fi\/tuote-2\/napapijri-gruen-baumwolle-maenner-polo\/","title":{"rendered":"Napapijri Gr\u00fcn Baumwolle M\u00e4nner Polo"},"content":{"rendered":"<p>Tauchen Sie ein in zeitlose Raffinesse mit dem exquisiten Poloshirt von Napapijri, einer wahren Verk\u00f6rperung des klassischen Stils, der mit modernem Flair verschmilzt. Der leuchtende gr\u00fcne Farbton spiegelt das Engagement der Marke f\u00fcr dynamische Eleganz wider, w\u00e4hrend aufwendige Details wie der scharfe Druck, die zarte Stickerei und das ikonische Logo einen ma\u00dfgeschneiderten Touch verleihen. Das Poloshirt ist aus 100% Baumwolle gefertigt und verspricht Komfort und Langlebigkeit. Werten Sie Ihre Garderobe mit diesem unverzichtbaren St\u00fcck auf, das m\u00fchelosen Chic ausstrahlt.<\/p>\n<p>Materiaali: 100% puuvilla<br \/>\nAlkuper\u00e4maa: IN<br \/>\nV\u00e4ri: Vihre\u00e4<br \/>\nMarke: Napapijri<\/p>","protected":false},"excerpt":{"rendered":"<p>Tauchen Sie ein in zeitlose Raffinesse mit dem exquisiten Poloshirt von Napapijri, einer wahren Verk\u00f6rperung des klassischen Stils, der mit modernem Flair verschmilzt. Der leuchtende gr\u00fcne Farbton spiegelt das Engagement der Marke f\u00fcr dynamische Eleganz wider, w\u00e4hrend aufwendige Details wie der scharfe Druck, die zarte Stickerei und das ikonische Logo einen ma\u00dfgeschneiderten Touch verleihen. Das [&hellip;]<\/p>","protected":false},"featured_media":314215,"template":"","meta":[],"product_brand":[2312],"product_cat":[1633,1623,1738],"product_tag":[],"class_list":{"0":"post-314217","1":"product","2":"type-product","3":"status-publish","4":"has-post-thumbnail","6":"product_brand-napapijri","7":"product_cat-maenner-kleidung","8":"product_cat-kleidung","9":"product_cat-polohemd","11":"first","12":"instock","13":"sale","14":"taxable","15":"shipping-taxable","16":"purchasable","17":"product-type-variable"},"_links":{"self":[{"href":"https:\/\/tpmadalina42.supserv.cozmoslabs.com\/fi\/wp-json\/wp\/v2\/product\/314217","targetHints":{"allow":["GET"]}}],"collection":[{"href":"https:\/\/tpmadalina42.supserv.cozmoslabs.com\/fi\/wp-json\/wp\/v2\/product"}],"about":[{"href":"https:\/\/tpmadalina42.supserv.cozmoslabs.com\/fi\/wp-json\/wp\/v2\/types\/product"}],"wp:featuredmedia":[{"embeddable":true,"href":"https:\/\/tpmadalina42.supserv.cozmoslabs.com\/fi\/wp-json\/wp\/v2\/media\/314215"}],"wp:attachment":[{"href":"https:\/\/tpmadalina42.supserv.cozmoslabs.com\/fi\/wp-json\/wp\/v2\/media?parent=314217"}],"wp:term":[{"taxonomy":"product_brand","embeddable":true,"href":"https:\/\/tpmadalina42.supserv.cozmoslabs.com\/fi\/wp-json\/wp\/v2\/product_brand?post=314217"},{"taxonomy":"product_cat","embeddable":true,"href":"https:\/\/tpmadalina42.supserv.cozmoslabs.com\/fi\/wp-json\/wp\/v2\/product_cat?post=314217"},{"taxonomy":"product_tag","embeddable":true,"href":"https:\/\/tpmadalina42.supserv.cozmoslabs.com\/fi\/wp-json\/wp\/v2\/product_tag?post=314217"}],"curies":[{"name":"wp","href":"https:\/\/api.w.org\/{rel}","templated":true}]}}