{"id":314288,"date":"2024-11-22T15:25:31","date_gmt":"2024-11-22T14:25:31","guid":{"rendered":"https:\/\/glandine.com\/product\/napapijri-schwarzes-baumwoll-t-shirt-fuer-frauen\/"},"modified":"2024-11-30T01:41:12","modified_gmt":"2024-11-30T00:41:12","slug":"napapijri-schwarzes-baumwoll-t-shirt-fuer-frauen","status":"publish","type":"product","link":"https:\/\/tpmadalina42.supserv.cozmoslabs.com\/fi\/tuote-2\/napapijri-schwarzes-baumwoll-t-shirt-fuer-frauen\/","title":{"rendered":"Napapijri Schwarzes Baumwoll-T-Shirt f\u00fcr Frauen"},"content":{"rendered":"<p>Peppen Sie Ihre Garderobe mit dem gewagten und trendigen Napapijri Kurzarm-T-Shirt auf. Dieses schwarze T-Shirt mit auff\u00e4lligem Print und dem kultigen Napapijri-Logo auf der Vorderseite ist f\u00fcr alle gedacht, die sich trauen, aufzufallen. Dieses T-Shirt aus 100 % Baumwolle vereint Komfort und Stil und ist perfekt f\u00fcr m\u00fchelos schicke Looks. Verk\u00f6rpern Sie den Geist des Abenteuers in diesem unverzichtbaren Oberteil, das die Essenz der zeitgen\u00f6ssischen Mode einf\u00e4ngt.<\/p>\n<p>Materiaali: 100% puuvilla<br \/>\nAlkuper\u00e4maa: TR<br \/>\nV\u00e4ri: Musta<\/p>","protected":false},"excerpt":{"rendered":"<p>Peppen Sie Ihre Garderobe mit dem gewagten und trendigen Napapijri Kurzarm-T-Shirt auf. Dieses schwarze T-Shirt mit auff\u00e4lligem Print und dem kultigen Napapijri-Logo auf der Vorderseite ist f\u00fcr alle gedacht, die sich trauen, aufzufallen. Dieses T-Shirt aus 100 % Baumwolle vereint Komfort und Stil und ist perfekt f\u00fcr m\u00fchelos schicke Looks. Verk\u00f6rpern Sie den Geist des [&hellip;]<\/p>","protected":false},"featured_media":314286,"template":"","meta":[],"product_brand":[2312],"product_cat":[1637,1623,1714],"product_tag":[],"class_list":{"0":"post-314288","1":"product","2":"type-product","3":"status-publish","4":"has-post-thumbnail","6":"product_brand-napapijri","7":"product_cat-frauen-kleidung","8":"product_cat-kleidung","9":"product_cat-oberteile-t-shirts","11":"first","12":"instock","13":"sale","14":"taxable","15":"shipping-taxable","16":"purchasable","17":"product-type-variable"},"_links":{"self":[{"href":"https:\/\/tpmadalina42.supserv.cozmoslabs.com\/fi\/wp-json\/wp\/v2\/product\/314288","targetHints":{"allow":["GET"]}}],"collection":[{"href":"https:\/\/tpmadalina42.supserv.cozmoslabs.com\/fi\/wp-json\/wp\/v2\/product"}],"about":[{"href":"https:\/\/tpmadalina42.supserv.cozmoslabs.com\/fi\/wp-json\/wp\/v2\/types\/product"}],"wp:featuredmedia":[{"embeddable":true,"href":"https:\/\/tpmadalina42.supserv.cozmoslabs.com\/fi\/wp-json\/wp\/v2\/media\/314286"}],"wp:attachment":[{"href":"https:\/\/tpmadalina42.supserv.cozmoslabs.com\/fi\/wp-json\/wp\/v2\/media?parent=314288"}],"wp:term":[{"taxonomy":"product_brand","embeddable":true,"href":"https:\/\/tpmadalina42.supserv.cozmoslabs.com\/fi\/wp-json\/wp\/v2\/product_brand?post=314288"},{"taxonomy":"product_cat","embeddable":true,"href":"https:\/\/tpmadalina42.supserv.cozmoslabs.com\/fi\/wp-json\/wp\/v2\/product_cat?post=314288"},{"taxonomy":"product_tag","embeddable":true,"href":"https:\/\/tpmadalina42.supserv.cozmoslabs.com\/fi\/wp-json\/wp\/v2\/product_tag?post=314288"}],"curies":[{"name":"wp","href":"https:\/\/api.w.org\/{rel}","templated":true}]}}