{"id":314293,"date":"2024-11-22T15:25:59","date_gmt":"2024-11-22T14:25:59","guid":{"rendered":"https:\/\/glandine.com\/product\/napapijri-schwarzes-baumwolle-maenner-t-shirt\/"},"modified":"2024-12-11T09:48:25","modified_gmt":"2024-12-11T08:48:25","slug":"napapijri-schwarzes-baumwolle-maenner-t-shirt","status":"publish","type":"product","link":"https:\/\/tpmadalina42.supserv.cozmoslabs.com\/fi\/tuote-2\/napapijri-schwarzes-baumwolle-maenner-t-shirt\/","title":{"rendered":"Napapijri Schwarzes Baumwolle M\u00e4nner T-Shirt"},"content":{"rendered":"<p>H\u00fcllen Sie sich in m\u00fchelosen Stil mit diesem atemberaubenden Napapijri-T-Shirt. Mit kurzen \u00c4rmeln und einem klassischen Rundhalsausschnitt ist dieses schwarze T-Shirt der Inbegriff von l\u00e4ssigem Luxus. Die auff\u00e4llige Stickerei mit dem kultigen Napapijri-Logo setzt ein definitives Statement. Aus 100 % hochwertiger Baumwolle gefertigt, verspricht dieses St\u00fcck Komfort und Langlebigkeit, w\u00e4hrend die Wurzeln des Unternehmens in Bangladesch eine fachkundige Schneiderei garantieren. Perfekt f\u00fcr alle, die einen Hauch von K\u00fchnheit in ihre Garderobe bringen wollen.<\/p>\n<p>Materiaali: 100% puuvilla<br \/>\nAlkuper\u00e4maa: BD<br \/>\nV\u00e4ri: Musta<\/p>","protected":false},"excerpt":{"rendered":"<p>H\u00fcllen Sie sich in m\u00fchelosen Stil mit diesem atemberaubenden Napapijri-T-Shirt. Mit kurzen \u00c4rmeln und einem klassischen Rundhalsausschnitt ist dieses schwarze T-Shirt der Inbegriff von l\u00e4ssigem Luxus. Die auff\u00e4llige Stickerei mit dem kultigen Napapijri-Logo setzt ein definitives Statement. Aus 100 % hochwertiger Baumwolle gefertigt, verspricht dieses St\u00fcck Komfort und Langlebigkeit, w\u00e4hrend die Wurzeln des Unternehmens in [&hellip;]<\/p>","protected":false},"featured_media":314291,"template":"","meta":[],"product_brand":[2312],"product_cat":[1633,1623,1710],"product_tag":[],"class_list":{"0":"post-314293","1":"product","2":"type-product","3":"status-publish","4":"has-post-thumbnail","6":"product_brand-napapijri","7":"product_cat-maenner-kleidung","8":"product_cat-kleidung","9":"product_cat-t-shirts","11":"first","12":"instock","13":"sale","14":"taxable","15":"shipping-taxable","16":"purchasable","17":"product-type-variable"},"_links":{"self":[{"href":"https:\/\/tpmadalina42.supserv.cozmoslabs.com\/fi\/wp-json\/wp\/v2\/product\/314293","targetHints":{"allow":["GET"]}}],"collection":[{"href":"https:\/\/tpmadalina42.supserv.cozmoslabs.com\/fi\/wp-json\/wp\/v2\/product"}],"about":[{"href":"https:\/\/tpmadalina42.supserv.cozmoslabs.com\/fi\/wp-json\/wp\/v2\/types\/product"}],"wp:featuredmedia":[{"embeddable":true,"href":"https:\/\/tpmadalina42.supserv.cozmoslabs.com\/fi\/wp-json\/wp\/v2\/media\/314291"}],"wp:attachment":[{"href":"https:\/\/tpmadalina42.supserv.cozmoslabs.com\/fi\/wp-json\/wp\/v2\/media?parent=314293"}],"wp:term":[{"taxonomy":"product_brand","embeddable":true,"href":"https:\/\/tpmadalina42.supserv.cozmoslabs.com\/fi\/wp-json\/wp\/v2\/product_brand?post=314293"},{"taxonomy":"product_cat","embeddable":true,"href":"https:\/\/tpmadalina42.supserv.cozmoslabs.com\/fi\/wp-json\/wp\/v2\/product_cat?post=314293"},{"taxonomy":"product_tag","embeddable":true,"href":"https:\/\/tpmadalina42.supserv.cozmoslabs.com\/fi\/wp-json\/wp\/v2\/product_tag?post=314293"}],"curies":[{"name":"wp","href":"https:\/\/api.w.org\/{rel}","templated":true}]}}