{"id":314308,"date":"2024-11-22T15:26:35","date_gmt":"2024-11-22T14:26:35","guid":{"rendered":"https:\/\/glandine.com\/product\/napapijri-rotes-baumwolle-maenner-t-shirt-2\/"},"modified":"2024-12-03T02:17:21","modified_gmt":"2024-12-03T01:17:21","slug":"napapijri-rotes-baumwolle-maenner-t-shirt-2","status":"publish","type":"product","link":"https:\/\/tpmadalina42.supserv.cozmoslabs.com\/fi\/tuote-2\/napapijri-rotes-baumwolle-maenner-t-shirt-2\/","title":{"rendered":"Napapijri Rotes Baumwolle M\u00e4nner T-Shirt"},"content":{"rendered":"<p>Peppen Sie Ihre Garderobe mit der trendigen Anziehungskraft eines Napapijri-T-Shirts auf. Dieses leuchtend rote T-Shirt ist mit einem ikonischen gestickten Logo versehen, das eine Mischung aus Stil und Abenteuer darstellt. Das Material aus reiner Baumwolle verspricht Atmungsaktivit\u00e4t und Komfort und macht es zu einem unverzichtbaren Teil f\u00fcr den modebewussten Menschen. Egal, ob du an einem l\u00e4ssigen Tag unterwegs bist oder ein gewagtes Statement abgeben willst, dieses Napapijri-Top zieht garantiert alle Blicke auf sich. <\/p>\n<p>Materiaali: 100% puuvilla<br \/>\nAlkuper\u00e4maa: BD<br \/>\nV\u00e4ri: punainen<\/p>","protected":false},"excerpt":{"rendered":"<p>Peppen Sie Ihre Garderobe mit der trendigen Anziehungskraft eines Napapijri-T-Shirts auf. Dieses leuchtend rote T-Shirt ist mit einem ikonischen gestickten Logo versehen, das eine Mischung aus Stil und Abenteuer darstellt. Das Material aus reiner Baumwolle verspricht Atmungsaktivit\u00e4t und Komfort und macht es zu einem unverzichtbaren Teil f\u00fcr den modebewussten Menschen. Egal, ob du an einem [&hellip;]<\/p>","protected":false},"featured_media":314306,"template":"","meta":[],"product_brand":[2312],"product_cat":[1633,1623,1710],"product_tag":[],"class_list":{"0":"post-314308","1":"product","2":"type-product","3":"status-publish","4":"has-post-thumbnail","6":"product_brand-napapijri","7":"product_cat-maenner-kleidung","8":"product_cat-kleidung","9":"product_cat-t-shirts","11":"first","12":"instock","13":"sale","14":"taxable","15":"shipping-taxable","16":"purchasable","17":"product-type-variable"},"_links":{"self":[{"href":"https:\/\/tpmadalina42.supserv.cozmoslabs.com\/fi\/wp-json\/wp\/v2\/product\/314308","targetHints":{"allow":["GET"]}}],"collection":[{"href":"https:\/\/tpmadalina42.supserv.cozmoslabs.com\/fi\/wp-json\/wp\/v2\/product"}],"about":[{"href":"https:\/\/tpmadalina42.supserv.cozmoslabs.com\/fi\/wp-json\/wp\/v2\/types\/product"}],"wp:featuredmedia":[{"embeddable":true,"href":"https:\/\/tpmadalina42.supserv.cozmoslabs.com\/fi\/wp-json\/wp\/v2\/media\/314306"}],"wp:attachment":[{"href":"https:\/\/tpmadalina42.supserv.cozmoslabs.com\/fi\/wp-json\/wp\/v2\/media?parent=314308"}],"wp:term":[{"taxonomy":"product_brand","embeddable":true,"href":"https:\/\/tpmadalina42.supserv.cozmoslabs.com\/fi\/wp-json\/wp\/v2\/product_brand?post=314308"},{"taxonomy":"product_cat","embeddable":true,"href":"https:\/\/tpmadalina42.supserv.cozmoslabs.com\/fi\/wp-json\/wp\/v2\/product_cat?post=314308"},{"taxonomy":"product_tag","embeddable":true,"href":"https:\/\/tpmadalina42.supserv.cozmoslabs.com\/fi\/wp-json\/wp\/v2\/product_tag?post=314308"}],"curies":[{"name":"wp","href":"https:\/\/api.w.org\/{rel}","templated":true}]}}