{"id":314317,"date":"2024-11-22T15:27:07","date_gmt":"2024-11-22T14:27:07","guid":{"rendered":"https:\/\/glandine.com\/product\/napapijri-rosa-baumwolle-maenner-t-shirt\/"},"modified":"2024-12-09T16:44:12","modified_gmt":"2024-12-09T15:44:12","slug":"napapijri-rosa-baumwolle-maenner-t-shirt","status":"publish","type":"product","link":"https:\/\/tpmadalina42.supserv.cozmoslabs.com\/fi\/tuote-2\/napapijri-rosa-baumwolle-maenner-t-shirt\/","title":{"rendered":"Napapijri Rosa Baumwolle M\u00e4nner T-Shirt"},"content":{"rendered":"<p>Peppen Sie Ihre Freizeitkleidung auf mit dem Napapijri T-Shirt mit kurzen \u00c4rmeln, einer perfekten Mischung aus Komfort und Stil. Das rosafarbene T-Shirt ist mit einer aufwendigen Stickerei und dem kultigen Napapijri-Logo versehen und setzt mit seinem trendigen Design ein mutiges Statement. Es ist aus 100 % Baumwolle gefertigt, f\u00fchlt sich weich an und ist atmungsaktiv. Ein Muss f\u00fcr alle, die in der Welt der Mode auffallen wollen. Machen Sie es sich zu eigen und verk\u00f6rpern Sie den Geist des Abenteuers bei jedem Ausflug.<\/p>\n<p>Materiaali: 100% puuvilla<br \/>\nAlkuper\u00e4maa: BD<br \/>\nV\u00e4ri: Pinkki<\/p>","protected":false},"excerpt":{"rendered":"<p>Peppen Sie Ihre Freizeitkleidung auf mit dem Napapijri T-Shirt mit kurzen \u00c4rmeln, einer perfekten Mischung aus Komfort und Stil. Das rosafarbene T-Shirt ist mit einer aufwendigen Stickerei und dem kultigen Napapijri-Logo versehen und setzt mit seinem trendigen Design ein mutiges Statement. Es ist aus 100 % Baumwolle gefertigt, f\u00fchlt sich weich an und ist atmungsaktiv. [&hellip;]<\/p>","protected":false},"featured_media":314315,"template":"","meta":[],"product_brand":[2312],"product_cat":[1633,1623,1710],"product_tag":[],"class_list":{"0":"post-314317","1":"product","2":"type-product","3":"status-publish","4":"has-post-thumbnail","6":"product_brand-napapijri","7":"product_cat-maenner-kleidung","8":"product_cat-kleidung","9":"product_cat-t-shirts","11":"first","12":"instock","13":"sale","14":"taxable","15":"shipping-taxable","16":"purchasable","17":"product-type-variable"},"_links":{"self":[{"href":"https:\/\/tpmadalina42.supserv.cozmoslabs.com\/fi\/wp-json\/wp\/v2\/product\/314317","targetHints":{"allow":["GET"]}}],"collection":[{"href":"https:\/\/tpmadalina42.supserv.cozmoslabs.com\/fi\/wp-json\/wp\/v2\/product"}],"about":[{"href":"https:\/\/tpmadalina42.supserv.cozmoslabs.com\/fi\/wp-json\/wp\/v2\/types\/product"}],"wp:featuredmedia":[{"embeddable":true,"href":"https:\/\/tpmadalina42.supserv.cozmoslabs.com\/fi\/wp-json\/wp\/v2\/media\/314315"}],"wp:attachment":[{"href":"https:\/\/tpmadalina42.supserv.cozmoslabs.com\/fi\/wp-json\/wp\/v2\/media?parent=314317"}],"wp:term":[{"taxonomy":"product_brand","embeddable":true,"href":"https:\/\/tpmadalina42.supserv.cozmoslabs.com\/fi\/wp-json\/wp\/v2\/product_brand?post=314317"},{"taxonomy":"product_cat","embeddable":true,"href":"https:\/\/tpmadalina42.supserv.cozmoslabs.com\/fi\/wp-json\/wp\/v2\/product_cat?post=314317"},{"taxonomy":"product_tag","embeddable":true,"href":"https:\/\/tpmadalina42.supserv.cozmoslabs.com\/fi\/wp-json\/wp\/v2\/product_tag?post=314317"}],"curies":[{"name":"wp","href":"https:\/\/api.w.org\/{rel}","templated":true}]}}