{"id":314322,"date":"2024-11-22T15:27:37","date_gmt":"2024-11-22T14:27:37","guid":{"rendered":"https:\/\/glandine.com\/product\/napapijri-gruenes-baumwolle-maenner-t-shirt\/"},"modified":"2024-12-09T16:44:55","modified_gmt":"2024-12-09T15:44:55","slug":"napapijri-gruenes-baumwolle-maenner-t-shirt","status":"publish","type":"product","link":"https:\/\/tpmadalina42.supserv.cozmoslabs.com\/fi\/tuote-2\/napapijri-gruenes-baumwolle-maenner-t-shirt\/","title":{"rendered":"Napapijri Gr\u00fcnes Baumwolle M\u00e4nner T-Shirt"},"content":{"rendered":"<p>Dieses &#8222;Napapijri&#8220;-T-Shirt ist der Inbegriff von m\u00fchelosem Stil und Komfort und ein absolutes Muss f\u00fcr jede modebewusste Garderobe. Mit seinen kurzen \u00c4rmeln und dem klassischen Rundhalsausschnitt ist es mit einer unverwechselbaren Stickerei und dem kultigen Napapijri-Logo versehen, was es zu einem Statement-St\u00fcck macht, das jeden Look erg\u00e4nzt. Es ist aus 100% Baumwolle gefertigt und garantiert Atmungsaktivit\u00e4t und Leichtigkeit f\u00fcr den Alltag. Dieses gr\u00fcne T-Shirt ist perfekt f\u00fcr alle, die gerne auffallen und gleichzeitig Wert auf Komfort legen. Es ist ebenso vielseitig wie stilvoll.<\/p>\n<p>Materiaali: 100% puuvilla<br \/>\nAlkuper\u00e4maa: BD<br \/>\nV\u00e4ri: Vihre\u00e4<\/p>","protected":false},"excerpt":{"rendered":"<p>Dieses &#8222;Napapijri&#8220;-T-Shirt ist der Inbegriff von m\u00fchelosem Stil und Komfort und ein absolutes Muss f\u00fcr jede modebewusste Garderobe. Mit seinen kurzen \u00c4rmeln und dem klassischen Rundhalsausschnitt ist es mit einer unverwechselbaren Stickerei und dem kultigen Napapijri-Logo versehen, was es zu einem Statement-St\u00fcck macht, das jeden Look erg\u00e4nzt. Es ist aus 100% Baumwolle gefertigt und garantiert [&hellip;]<\/p>","protected":false},"featured_media":314320,"template":"","meta":[],"product_brand":[2312],"product_cat":[1633,1623,1710],"product_tag":[],"class_list":{"0":"post-314322","1":"product","2":"type-product","3":"status-publish","4":"has-post-thumbnail","6":"product_brand-napapijri","7":"product_cat-maenner-kleidung","8":"product_cat-kleidung","9":"product_cat-t-shirts","11":"first","12":"instock","13":"sale","14":"taxable","15":"shipping-taxable","16":"purchasable","17":"product-type-variable"},"_links":{"self":[{"href":"https:\/\/tpmadalina42.supserv.cozmoslabs.com\/fi\/wp-json\/wp\/v2\/product\/314322","targetHints":{"allow":["GET"]}}],"collection":[{"href":"https:\/\/tpmadalina42.supserv.cozmoslabs.com\/fi\/wp-json\/wp\/v2\/product"}],"about":[{"href":"https:\/\/tpmadalina42.supserv.cozmoslabs.com\/fi\/wp-json\/wp\/v2\/types\/product"}],"wp:featuredmedia":[{"embeddable":true,"href":"https:\/\/tpmadalina42.supserv.cozmoslabs.com\/fi\/wp-json\/wp\/v2\/media\/314320"}],"wp:attachment":[{"href":"https:\/\/tpmadalina42.supserv.cozmoslabs.com\/fi\/wp-json\/wp\/v2\/media?parent=314322"}],"wp:term":[{"taxonomy":"product_brand","embeddable":true,"href":"https:\/\/tpmadalina42.supserv.cozmoslabs.com\/fi\/wp-json\/wp\/v2\/product_brand?post=314322"},{"taxonomy":"product_cat","embeddable":true,"href":"https:\/\/tpmadalina42.supserv.cozmoslabs.com\/fi\/wp-json\/wp\/v2\/product_cat?post=314322"},{"taxonomy":"product_tag","embeddable":true,"href":"https:\/\/tpmadalina42.supserv.cozmoslabs.com\/fi\/wp-json\/wp\/v2\/product_tag?post=314322"}],"curies":[{"name":"wp","href":"https:\/\/api.w.org\/{rel}","templated":true}]}}