{"id":314335,"date":"2024-11-22T15:28:16","date_gmt":"2024-11-22T14:28:16","guid":{"rendered":"https:\/\/glandine.com\/product\/napapijri-orange-baumwolle-maenner-t-shirt\/"},"modified":"2024-12-09T16:45:17","modified_gmt":"2024-12-09T15:45:17","slug":"napapijri-orange-baumwolle-maenner-t-shirt","status":"publish","type":"product","link":"https:\/\/tpmadalina42.supserv.cozmoslabs.com\/fi\/tuote-2\/napapijri-orange-baumwolle-maenner-t-shirt\/","title":{"rendered":"Napapijri Orange Baumwolle M\u00e4nner T-Shirt"},"content":{"rendered":"<p>Peppen Sie Ihre Freizeitgarderobe mit dem unverwechselbaren Stil von Napapijri auf &#8211; hier trifft Komfort auf topaktuelles Design. Dieses auff\u00e4llige orangefarbene T-Shirt ist mit einer aufwendigen Stickerei mit dem kultigen Logo der Marke verziert und setzt ein mutiges Statement. Es ist aus 100 % weicher Baumwolle gefertigt und verspricht sowohl Strapazierf\u00e4higkeit als auch eine m\u00fchelose, gem\u00fctliche Passform f\u00fcr jeden modebewussten Menschen. Perfekt f\u00fcr alle, die den Trend anf\u00fchren, statt ihm zu folgen. Setzen Sie Ihr Zeichen mit Napapijri.<\/p>\n<p>Materiaali: 100% puuvilla<br \/>\nAlkuper\u00e4maa: BD<br \/>\nV\u00e4ri: Oranssi<\/p>","protected":false},"excerpt":{"rendered":"<p>Peppen Sie Ihre Freizeitgarderobe mit dem unverwechselbaren Stil von Napapijri auf &#8211; hier trifft Komfort auf topaktuelles Design. Dieses auff\u00e4llige orangefarbene T-Shirt ist mit einer aufwendigen Stickerei mit dem kultigen Logo der Marke verziert und setzt ein mutiges Statement. Es ist aus 100 % weicher Baumwolle gefertigt und verspricht sowohl Strapazierf\u00e4higkeit als auch eine m\u00fchelose, [&hellip;]<\/p>","protected":false},"featured_media":314333,"template":"","meta":[],"product_brand":[2312],"product_cat":[1633,1623,1710],"product_tag":[],"class_list":{"0":"post-314335","1":"product","2":"type-product","3":"status-publish","4":"has-post-thumbnail","6":"product_brand-napapijri","7":"product_cat-maenner-kleidung","8":"product_cat-kleidung","9":"product_cat-t-shirts","11":"first","12":"instock","13":"sale","14":"taxable","15":"shipping-taxable","16":"purchasable","17":"product-type-variable"},"_links":{"self":[{"href":"https:\/\/tpmadalina42.supserv.cozmoslabs.com\/fi\/wp-json\/wp\/v2\/product\/314335","targetHints":{"allow":["GET"]}}],"collection":[{"href":"https:\/\/tpmadalina42.supserv.cozmoslabs.com\/fi\/wp-json\/wp\/v2\/product"}],"about":[{"href":"https:\/\/tpmadalina42.supserv.cozmoslabs.com\/fi\/wp-json\/wp\/v2\/types\/product"}],"wp:featuredmedia":[{"embeddable":true,"href":"https:\/\/tpmadalina42.supserv.cozmoslabs.com\/fi\/wp-json\/wp\/v2\/media\/314333"}],"wp:attachment":[{"href":"https:\/\/tpmadalina42.supserv.cozmoslabs.com\/fi\/wp-json\/wp\/v2\/media?parent=314335"}],"wp:term":[{"taxonomy":"product_brand","embeddable":true,"href":"https:\/\/tpmadalina42.supserv.cozmoslabs.com\/fi\/wp-json\/wp\/v2\/product_brand?post=314335"},{"taxonomy":"product_cat","embeddable":true,"href":"https:\/\/tpmadalina42.supserv.cozmoslabs.com\/fi\/wp-json\/wp\/v2\/product_cat?post=314335"},{"taxonomy":"product_tag","embeddable":true,"href":"https:\/\/tpmadalina42.supserv.cozmoslabs.com\/fi\/wp-json\/wp\/v2\/product_tag?post=314335"}],"curies":[{"name":"wp","href":"https:\/\/api.w.org\/{rel}","templated":true}]}}