{"id":314355,"date":"2024-11-22T15:29:19","date_gmt":"2024-11-22T14:29:19","guid":{"rendered":"https:\/\/glandine.com\/product\/napapijri-blau-baumwolle-maenner-t-shirt\/"},"modified":"2024-12-12T05:59:19","modified_gmt":"2024-12-12T04:59:19","slug":"napapijri-blau-baumwolle-maenner-t-shirt","status":"publish","type":"product","link":"https:\/\/tpmadalina42.supserv.cozmoslabs.com\/fi\/tuote-2\/napapijri-blau-baumwolle-maenner-t-shirt\/","title":{"rendered":"Napapijri Blau Baumwolle M\u00e4nner T-Shirt"},"content":{"rendered":"<p>G\u00f6nnen Sie sich den Inbegriff von l\u00e4ssiger Raffinesse mit dem exquisiten Kurzarm-T-Shirt von Napapijri. Dieses trendige St\u00fcck hat einen klassischen Rundhalsausschnitt, der m\u00fchelosen Stil ausstrahlt. Die aufwendige Stickerei mit dem kultigen Napapijri-Logo macht es zu mehr als nur einem T-Shirt &#8211; es ist ein Statement. Das T-Shirt ist aus 100% hochwertiger Baumwolle gefertigt und bietet unvergleichlichen Komfort und Langlebigkeit.<\/p>\n<p>- V\u00e4ri: sininen<br \/>\n&#8211; Material: 100% Baumwolle<br \/>\n&#8211; Herkunftsland: BD<br \/>\n&#8211; Bestickung: Napapijri-Logo<\/p>","protected":false},"excerpt":{"rendered":"<p>G\u00f6nnen Sie sich den Inbegriff von l\u00e4ssiger Raffinesse mit dem exquisiten Kurzarm-T-Shirt von Napapijri. Dieses trendige St\u00fcck hat einen klassischen Rundhalsausschnitt, der m\u00fchelosen Stil ausstrahlt. Die aufwendige Stickerei mit dem kultigen Napapijri-Logo macht es zu mehr als nur einem T-Shirt &#8211; es ist ein Statement. Das T-Shirt ist aus 100% hochwertiger Baumwolle gefertigt und bietet [&hellip;]<\/p>","protected":false},"featured_media":314353,"template":"","meta":[],"product_brand":[2312],"product_cat":[1633,1623,1710],"product_tag":[],"class_list":{"0":"post-314355","1":"product","2":"type-product","3":"status-publish","4":"has-post-thumbnail","6":"product_brand-napapijri","7":"product_cat-maenner-kleidung","8":"product_cat-kleidung","9":"product_cat-t-shirts","11":"first","12":"instock","13":"sale","14":"taxable","15":"shipping-taxable","16":"purchasable","17":"product-type-variable"},"_links":{"self":[{"href":"https:\/\/tpmadalina42.supserv.cozmoslabs.com\/fi\/wp-json\/wp\/v2\/product\/314355","targetHints":{"allow":["GET"]}}],"collection":[{"href":"https:\/\/tpmadalina42.supserv.cozmoslabs.com\/fi\/wp-json\/wp\/v2\/product"}],"about":[{"href":"https:\/\/tpmadalina42.supserv.cozmoslabs.com\/fi\/wp-json\/wp\/v2\/types\/product"}],"wp:featuredmedia":[{"embeddable":true,"href":"https:\/\/tpmadalina42.supserv.cozmoslabs.com\/fi\/wp-json\/wp\/v2\/media\/314353"}],"wp:attachment":[{"href":"https:\/\/tpmadalina42.supserv.cozmoslabs.com\/fi\/wp-json\/wp\/v2\/media?parent=314355"}],"wp:term":[{"taxonomy":"product_brand","embeddable":true,"href":"https:\/\/tpmadalina42.supserv.cozmoslabs.com\/fi\/wp-json\/wp\/v2\/product_brand?post=314355"},{"taxonomy":"product_cat","embeddable":true,"href":"https:\/\/tpmadalina42.supserv.cozmoslabs.com\/fi\/wp-json\/wp\/v2\/product_cat?post=314355"},{"taxonomy":"product_tag","embeddable":true,"href":"https:\/\/tpmadalina42.supserv.cozmoslabs.com\/fi\/wp-json\/wp\/v2\/product_tag?post=314355"}],"curies":[{"name":"wp","href":"https:\/\/api.w.org\/{rel}","templated":true}]}}