{"id":314416,"date":"2024-11-22T15:33:50","date_gmt":"2024-11-22T14:33:50","guid":{"rendered":"https:\/\/glandine.com\/product\/u-s-polo-assn-weisser-polyester-herren-sneaker\/"},"modified":"2024-12-11T09:49:05","modified_gmt":"2024-12-11T08:49:05","slug":"u-s-polo-assn-weisser-polyester-herren-sneaker","status":"publish","type":"product","link":"https:\/\/tpmadalina42.supserv.cozmoslabs.com\/fi\/tuote-2\/u-s-polo-assn-weisser-polyester-herren-sneaker\/","title":{"rendered":"U.S. POLO ASSN. Wei\u00dfer Polyester Herren Sneaker"},"content":{"rendered":"<p>Entfesseln Sie Ihre sportliche \u00c4sthetik mit den hochmodernen &#8222;U.S. POLO ASSN.&#8220;-Sneakers, die sorgf\u00e4ltig f\u00fcr modebewusste Menschen entworfen wurden. Wenn Sie Ihre F\u00fc\u00dfe mit diesen strahlend wei\u00dfen Schuhen schm\u00fccken, werden Sie sich an dem Komfort und dem Stil erfreuen, der Sie von der Masse abhebt. Mit kontrastierenden Details, die auffallen, und dem ikonischen Logo, das B\u00e4nde \u00fcber Ihren Geschmack spricht, werden Ihre Schritte nichts weniger als selbstbewusst sein. <\/p>\n<p>Material: 60% Polyester, 40% Polyethylen<br \/>\nAlkuper\u00e4maa: CN<br \/>\nV\u00e4ri: Valkoinen<\/p>","protected":false},"excerpt":{"rendered":"<p>Entfesseln Sie Ihre sportliche \u00c4sthetik mit den hochmodernen &#8222;U.S. POLO ASSN.&#8220;-Sneakers, die sorgf\u00e4ltig f\u00fcr modebewusste Menschen entworfen wurden. Wenn Sie Ihre F\u00fc\u00dfe mit diesen strahlend wei\u00dfen Schuhen schm\u00fccken, werden Sie sich an dem Komfort und dem Stil erfreuen, der Sie von der Masse abhebt. Mit kontrastierenden Details, die auffallen, und dem ikonischen Logo, das B\u00e4nde [&hellip;]<\/p>","protected":false},"featured_media":314413,"template":"","meta":[],"product_brand":[2310],"product_cat":[1634,1624,1702],"product_tag":[],"class_list":{"0":"post-314416","1":"product","2":"type-product","3":"status-publish","4":"has-post-thumbnail","6":"product_brand-u-s-polo-assn","7":"product_cat-maenner-schuhe","8":"product_cat-schuhe","9":"product_cat-turnschuhe","11":"first","12":"instock","13":"sale","14":"taxable","15":"shipping-taxable","16":"purchasable","17":"product-type-variable"},"_links":{"self":[{"href":"https:\/\/tpmadalina42.supserv.cozmoslabs.com\/fi\/wp-json\/wp\/v2\/product\/314416","targetHints":{"allow":["GET"]}}],"collection":[{"href":"https:\/\/tpmadalina42.supserv.cozmoslabs.com\/fi\/wp-json\/wp\/v2\/product"}],"about":[{"href":"https:\/\/tpmadalina42.supserv.cozmoslabs.com\/fi\/wp-json\/wp\/v2\/types\/product"}],"wp:featuredmedia":[{"embeddable":true,"href":"https:\/\/tpmadalina42.supserv.cozmoslabs.com\/fi\/wp-json\/wp\/v2\/media\/314413"}],"wp:attachment":[{"href":"https:\/\/tpmadalina42.supserv.cozmoslabs.com\/fi\/wp-json\/wp\/v2\/media?parent=314416"}],"wp:term":[{"taxonomy":"product_brand","embeddable":true,"href":"https:\/\/tpmadalina42.supserv.cozmoslabs.com\/fi\/wp-json\/wp\/v2\/product_brand?post=314416"},{"taxonomy":"product_cat","embeddable":true,"href":"https:\/\/tpmadalina42.supserv.cozmoslabs.com\/fi\/wp-json\/wp\/v2\/product_cat?post=314416"},{"taxonomy":"product_tag","embeddable":true,"href":"https:\/\/tpmadalina42.supserv.cozmoslabs.com\/fi\/wp-json\/wp\/v2\/product_tag?post=314416"}],"curies":[{"name":"wp","href":"https:\/\/api.w.org\/{rel}","templated":true}]}}