{"id":314761,"date":"2024-11-22T15:55:57","date_gmt":"2024-11-22T14:55:57","guid":{"rendered":"https:\/\/glandine.com\/product\/calvin-klein-braunes-leder-portemonnaie-fuer-maenner\/"},"modified":"2024-12-09T16:26:39","modified_gmt":"2024-12-09T15:26:39","slug":"calvin-klein-braunes-leder-portemonnaie-fuer-maenner","status":"publish","type":"product","link":"https:\/\/tpmadalina42.supserv.cozmoslabs.com\/fi\/tuote-2\/calvin-klein-ruskea-nahkainen-lompakko-miehille\/","title":{"rendered":"Calvin Klein ruskea nahkainen lompakko miehille"},"content":{"rendered":"<p>Olet vaivattoman hienostunut Calvin Kleinin upealla nahkalompakolla, joka on suunniteltu modernille miehelle, jolla on vaativa maku. T\u00e4ss\u00e4 kompaktissa, ruskean s\u00e4vyisess\u00e4 asusteessa on kaksi lokeroa, joissa voit helposti s\u00e4ilytt\u00e4\u00e4 kortit ja kolikot. Sis\u00e4\u00e4nrakennettu RFID-sulkutekniikka suojaa henkil\u00f6kohtaisia tietojasi, ja ikoninen logo korostaa tyyli\u00e4si hillityn arvokkaasti. T\u00e4ydellinen trendsettereille, jotka arvostavat turvallisuutta ja eleganssia yhdess\u00e4.<\/p>\n<p>Materiaali: 100% nahka<br \/>\nAlkuper\u00e4maa: CN<br \/>\nV\u00e4ri: Ruskea<br \/>\nRFID-lukko: Kyll\u00e4<br \/>\nMerkki: Calvin Klein<\/p>","protected":false},"excerpt":{"rendered":"<p>Mit der pr\u00e4chtigen Ledergeldb\u00f6rse von Calvin Klein, die f\u00fcr den modernen Mann mit anspruchsvollem Geschmack entworfen wurde, sind Sie m\u00fchelos kultiviert. Dieses kompakte Accessoire in Braunt\u00f6nen ist mit zwei F\u00e4chern ausgestattet, in denen Sie Ihre Karten und M\u00fcnzen problemlos unterbringen k\u00f6nnen. Die eingebaute RFID-Blockierungstechnologie sch\u00fctzt Ihre pers\u00f6nlichen Daten, w\u00e4hrend das ikonische Logo Ihren Stil mit [&hellip;]<\/p>","protected":false},"featured_media":314758,"template":"","meta":[],"product_brand":[2188],"product_cat":[1721,1629],"product_tag":[],"class_list":{"0":"post-314761","1":"product","2":"type-product","3":"status-publish","4":"has-post-thumbnail","6":"product_brand-calvin-klein","7":"product_cat-geldboersen","8":"product_cat-maenner","10":"first","11":"instock","12":"sale","13":"taxable","14":"shipping-taxable","15":"purchasable","16":"product-type-simple"},"_links":{"self":[{"href":"https:\/\/tpmadalina42.supserv.cozmoslabs.com\/fi\/wp-json\/wp\/v2\/product\/314761","targetHints":{"allow":["GET"]}}],"collection":[{"href":"https:\/\/tpmadalina42.supserv.cozmoslabs.com\/fi\/wp-json\/wp\/v2\/product"}],"about":[{"href":"https:\/\/tpmadalina42.supserv.cozmoslabs.com\/fi\/wp-json\/wp\/v2\/types\/product"}],"wp:featuredmedia":[{"embeddable":true,"href":"https:\/\/tpmadalina42.supserv.cozmoslabs.com\/fi\/wp-json\/wp\/v2\/media\/314758"}],"wp:attachment":[{"href":"https:\/\/tpmadalina42.supserv.cozmoslabs.com\/fi\/wp-json\/wp\/v2\/media?parent=314761"}],"wp:term":[{"taxonomy":"product_brand","embeddable":true,"href":"https:\/\/tpmadalina42.supserv.cozmoslabs.com\/fi\/wp-json\/wp\/v2\/product_brand?post=314761"},{"taxonomy":"product_cat","embeddable":true,"href":"https:\/\/tpmadalina42.supserv.cozmoslabs.com\/fi\/wp-json\/wp\/v2\/product_cat?post=314761"},{"taxonomy":"product_tag","embeddable":true,"href":"https:\/\/tpmadalina42.supserv.cozmoslabs.com\/fi\/wp-json\/wp\/v2\/product_tag?post=314761"}],"curies":[{"name":"wp","href":"https:\/\/api.w.org\/{rel}","templated":true}]}}