{"id":314922,"date":"2024-11-22T16:10:52","date_gmt":"2024-11-22T15:10:52","guid":{"rendered":"https:\/\/glandine.com\/product\/harmont-blaine-orangefarbenes-baumwoll-poloshirt-fuer-maenner\/"},"modified":"2024-11-30T02:12:05","modified_gmt":"2024-11-30T01:12:05","slug":"harmont-blaine-orangefarbenes-baumwoll-poloshirt-fuer-maenner","status":"publish","type":"product","link":"https:\/\/tpmadalina42.supserv.cozmoslabs.com\/fi\/tuote-2\/harmont-blaine-orangefarbenes-baumwoll-poloshirt-fuer-maenner\/","title":{"rendered":"Harmont &amp; Blaine Orangefarbenes Baumwoll-Poloshirt f\u00fcr M\u00e4nner"},"content":{"rendered":"<p>Das kurz\u00e4rmelige Poloshirt von Harmont &amp; Blaine verleiht Ihrer Freizeitkleidung einen Hauch von Raffinesse. Das Poloshirt mit normaler Passform verspr\u00fcht mit seinem leuchtenden Orangeton und den kontrastierenden Details Charme und zieht alle Blicke auf sich. Das charakteristische Logo verleiht ihm einen Hauch von Luxus und macht es zu einem unverzichtbaren Kleidungsst\u00fcck f\u00fcr alle, die feine Handwerkskunst und Stil zu sch\u00e4tzen wissen. Aus 100% hochwertiger Baumwolle gefertigt, garantiert es Komfort und Strapazierf\u00e4higkeit, egal ob Sie auf dem Golfplatz oder im Gro\u00dfstadtdschungel unterwegs sind.<\/p>\n<p>Materiaali: 100% puuvilla<br \/>\nAlkuper\u00e4maa: IN<br \/>\nV\u00e4ri: Oranssi<\/p>","protected":false},"excerpt":{"rendered":"<p>Das kurz\u00e4rmelige Poloshirt von Harmont &amp; Blaine verleiht Ihrer Freizeitkleidung einen Hauch von Raffinesse. Das Poloshirt mit normaler Passform verspr\u00fcht mit seinem leuchtenden Orangeton und den kontrastierenden Details Charme und zieht alle Blicke auf sich. Das charakteristische Logo verleiht ihm einen Hauch von Luxus und macht es zu einem unverzichtbaren Kleidungsst\u00fcck f\u00fcr alle, die feine [&hellip;]<\/p>","protected":false},"featured_media":314920,"template":"","meta":[],"product_brand":[2349],"product_cat":[1633,1623,1738],"product_tag":[],"class_list":{"0":"post-314922","1":"product","2":"type-product","3":"status-publish","4":"has-post-thumbnail","6":"product_brand-harmont-blaine","7":"product_cat-maenner-kleidung","8":"product_cat-kleidung","9":"product_cat-polohemd","11":"first","12":"instock","13":"sale","14":"taxable","15":"shipping-taxable","16":"purchasable","17":"product-type-variable"},"_links":{"self":[{"href":"https:\/\/tpmadalina42.supserv.cozmoslabs.com\/fi\/wp-json\/wp\/v2\/product\/314922","targetHints":{"allow":["GET"]}}],"collection":[{"href":"https:\/\/tpmadalina42.supserv.cozmoslabs.com\/fi\/wp-json\/wp\/v2\/product"}],"about":[{"href":"https:\/\/tpmadalina42.supserv.cozmoslabs.com\/fi\/wp-json\/wp\/v2\/types\/product"}],"wp:featuredmedia":[{"embeddable":true,"href":"https:\/\/tpmadalina42.supserv.cozmoslabs.com\/fi\/wp-json\/wp\/v2\/media\/314920"}],"wp:attachment":[{"href":"https:\/\/tpmadalina42.supserv.cozmoslabs.com\/fi\/wp-json\/wp\/v2\/media?parent=314922"}],"wp:term":[{"taxonomy":"product_brand","embeddable":true,"href":"https:\/\/tpmadalina42.supserv.cozmoslabs.com\/fi\/wp-json\/wp\/v2\/product_brand?post=314922"},{"taxonomy":"product_cat","embeddable":true,"href":"https:\/\/tpmadalina42.supserv.cozmoslabs.com\/fi\/wp-json\/wp\/v2\/product_cat?post=314922"},{"taxonomy":"product_tag","embeddable":true,"href":"https:\/\/tpmadalina42.supserv.cozmoslabs.com\/fi\/wp-json\/wp\/v2\/product_tag?post=314922"}],"curies":[{"name":"wp","href":"https:\/\/api.w.org\/{rel}","templated":true}]}}