{"id":314932,"date":"2024-11-22T16:11:24","date_gmt":"2024-11-22T15:11:24","guid":{"rendered":"https:\/\/glandine.com\/product\/calvin-klein-schwarzes-polyethylen-herren-portemonnaie\/"},"modified":"2024-12-12T10:36:53","modified_gmt":"2024-12-12T09:36:53","slug":"calvin-klein-schwarzes-polyethylen-herren-portemonnaie","status":"publish","type":"product","link":"https:\/\/tpmadalina42.supserv.cozmoslabs.com\/fi\/tuote-2\/calvin-klein-schwarzes-polyethylen-herren-portemonnaie\/","title":{"rendered":"Calvin Klein musta polyeteeninen miesten lompakko"},"content":{"rendered":"<p>Heben Sie sich mit der eleganten Raffinesse des Calvin Klein Sets aus Kartenhalter und Metallschnalle hervor. Dieses Premium-Duo verk\u00f6rpert minimalistischen Chic mit kontrastierenden Details und dem ikonischen CK-Logo f\u00fcr ein dezentes, aber mutiges Statement. Das Kartenetui, das f\u00fcr den modernen Mann entworfen wurde, organisiert die wichtigsten Dinge mit Eleganz, w\u00e4hrend der G\u00fcrtel mit einer L\u00e4nge von 95 cm einen perfekten Sitz bietet. Alles in einem zeitlosen schwarzen Farbton, der eine Klasse f\u00fcr sich darstellt.<\/p>\n<p>&#8211; Material: 100% Polyethylen<br \/>\n- V\u00e4ri: Musta<br \/>\n\u2013 Alkuper\u00e4maa: CN<\/p>","protected":false},"excerpt":{"rendered":"<p>Heben Sie sich mit der eleganten Raffinesse des Calvin Klein Sets aus Kartenhalter und Metallschnalle hervor. Dieses Premium-Duo verk\u00f6rpert minimalistischen Chic mit kontrastierenden Details und dem ikonischen CK-Logo f\u00fcr ein dezentes, aber mutiges Statement. Das Kartenetui, das f\u00fcr den modernen Mann entworfen wurde, organisiert die wichtigsten Dinge mit Eleganz, w\u00e4hrend der G\u00fcrtel mit einer L\u00e4nge [&hellip;]<\/p>","protected":false},"featured_media":314929,"template":"","meta":[],"product_brand":[2188],"product_cat":[1721,1629],"product_tag":[],"class_list":{"0":"post-314932","1":"product","2":"type-product","3":"status-publish","4":"has-post-thumbnail","6":"product_brand-calvin-klein","7":"product_cat-geldboersen","8":"product_cat-maenner","10":"first","11":"instock","12":"sale","13":"taxable","14":"shipping-taxable","15":"purchasable","16":"product-type-simple"},"_links":{"self":[{"href":"https:\/\/tpmadalina42.supserv.cozmoslabs.com\/fi\/wp-json\/wp\/v2\/product\/314932","targetHints":{"allow":["GET"]}}],"collection":[{"href":"https:\/\/tpmadalina42.supserv.cozmoslabs.com\/fi\/wp-json\/wp\/v2\/product"}],"about":[{"href":"https:\/\/tpmadalina42.supserv.cozmoslabs.com\/fi\/wp-json\/wp\/v2\/types\/product"}],"wp:featuredmedia":[{"embeddable":true,"href":"https:\/\/tpmadalina42.supserv.cozmoslabs.com\/fi\/wp-json\/wp\/v2\/media\/314929"}],"wp:attachment":[{"href":"https:\/\/tpmadalina42.supserv.cozmoslabs.com\/fi\/wp-json\/wp\/v2\/media?parent=314932"}],"wp:term":[{"taxonomy":"product_brand","embeddable":true,"href":"https:\/\/tpmadalina42.supserv.cozmoslabs.com\/fi\/wp-json\/wp\/v2\/product_brand?post=314932"},{"taxonomy":"product_cat","embeddable":true,"href":"https:\/\/tpmadalina42.supserv.cozmoslabs.com\/fi\/wp-json\/wp\/v2\/product_cat?post=314932"},{"taxonomy":"product_tag","embeddable":true,"href":"https:\/\/tpmadalina42.supserv.cozmoslabs.com\/fi\/wp-json\/wp\/v2\/product_tag?post=314932"}],"curies":[{"name":"wp","href":"https:\/\/api.w.org\/{rel}","templated":true}]}}