{"id":314935,"date":"2024-11-22T16:11:47","date_gmt":"2024-11-22T15:11:47","guid":{"rendered":"https:\/\/glandine.com\/product\/timberland-schwarzes-baumwolle-maenner-t-shirt\/"},"modified":"2024-12-11T00:26:11","modified_gmt":"2024-12-10T23:26:11","slug":"timberland-schwarzes-baumwolle-maenner-t-shirt","status":"publish","type":"product","link":"https:\/\/tpmadalina42.supserv.cozmoslabs.com\/fi\/tuote-2\/timberland-schwarzes-baumwolle-maenner-t-shirt\/","title":{"rendered":"Timberland Schwarzes Baumwolle M\u00e4nner T-Shirt"},"content":{"rendered":"<p>Peppen Sie Ihre Freizeitgarderobe mit der klassischen Raffinesse von Timberland auf. Dieses schlichte schwarze T-Shirt hat eine regul\u00e4re Passform, die Komfort verspricht, ohne Kompromisse beim Stil einzugehen. Mit seinen kurzen \u00c4rmeln und dem Rundhalsausschnitt ist es die perfekte Mischung aus m\u00fchelos und trendy. Der auff\u00e4llige Druck und das unverwechselbare Timberland-Logo verleihen diesem unverzichtbaren St\u00fcck einen Hauch von robustem Charme. Aus 100 % Bio-Baumwolle gefertigt, ist es umweltbewusste Mode in Reinkultur. Machen Sie sich bereit, ein mutiges Statement abzugeben, wo immer Sie hingehen.<\/p>\n<p>- V\u00e4ri: Musta<br \/>\n&#8211; Material: 100% Bio-Baumwolle<br \/>\n&#8211; Herkunftsland: BD<\/p>","protected":false},"excerpt":{"rendered":"<p>Peppen Sie Ihre Freizeitgarderobe mit der klassischen Raffinesse von Timberland auf. Dieses schlichte schwarze T-Shirt hat eine regul\u00e4re Passform, die Komfort verspricht, ohne Kompromisse beim Stil einzugehen. Mit seinen kurzen \u00c4rmeln und dem Rundhalsausschnitt ist es die perfekte Mischung aus m\u00fchelos und trendy. Der auff\u00e4llige Druck und das unverwechselbare Timberland-Logo verleihen diesem unverzichtbaren St\u00fcck einen [&hellip;]<\/p>","protected":false},"featured_media":314933,"template":"","meta":[],"product_brand":[2331],"product_cat":[1633,1623,1710],"product_tag":[],"class_list":{"0":"post-314935","1":"product","2":"type-product","3":"status-publish","4":"has-post-thumbnail","6":"product_brand-timberland","7":"product_cat-maenner-kleidung","8":"product_cat-kleidung","9":"product_cat-t-shirts","11":"first","12":"instock","13":"sale","14":"taxable","15":"shipping-taxable","16":"purchasable","17":"product-type-variable"},"_links":{"self":[{"href":"https:\/\/tpmadalina42.supserv.cozmoslabs.com\/fi\/wp-json\/wp\/v2\/product\/314935","targetHints":{"allow":["GET"]}}],"collection":[{"href":"https:\/\/tpmadalina42.supserv.cozmoslabs.com\/fi\/wp-json\/wp\/v2\/product"}],"about":[{"href":"https:\/\/tpmadalina42.supserv.cozmoslabs.com\/fi\/wp-json\/wp\/v2\/types\/product"}],"wp:featuredmedia":[{"embeddable":true,"href":"https:\/\/tpmadalina42.supserv.cozmoslabs.com\/fi\/wp-json\/wp\/v2\/media\/314933"}],"wp:attachment":[{"href":"https:\/\/tpmadalina42.supserv.cozmoslabs.com\/fi\/wp-json\/wp\/v2\/media?parent=314935"}],"wp:term":[{"taxonomy":"product_brand","embeddable":true,"href":"https:\/\/tpmadalina42.supserv.cozmoslabs.com\/fi\/wp-json\/wp\/v2\/product_brand?post=314935"},{"taxonomy":"product_cat","embeddable":true,"href":"https:\/\/tpmadalina42.supserv.cozmoslabs.com\/fi\/wp-json\/wp\/v2\/product_cat?post=314935"},{"taxonomy":"product_tag","embeddable":true,"href":"https:\/\/tpmadalina42.supserv.cozmoslabs.com\/fi\/wp-json\/wp\/v2\/product_tag?post=314935"}],"curies":[{"name":"wp","href":"https:\/\/api.w.org\/{rel}","templated":true}]}}