{"id":315007,"date":"2024-11-22T16:17:24","date_gmt":"2024-11-22T15:17:24","guid":{"rendered":"https:\/\/glandine.com\/product\/calvin-klein-schwarzes-polyester-herren-portemonnaie\/"},"modified":"2024-12-03T05:12:55","modified_gmt":"2024-12-03T04:12:55","slug":"calvin-klein-schwarzes-polyester-herren-portemonnaie","status":"publish","type":"product","link":"https:\/\/tpmadalina42.supserv.cozmoslabs.com\/fi\/tuote-2\/calvin-klein-schwarzes-polyester-herren-portemonnaie\/","title":{"rendered":"Calvin Klein miesten musta polyesterilompakko"},"content":{"rendered":"<p>Mit diesem Kartenhalter von Calvin Klein sind Sie elegant und sicher unterwegs. Das Kartenetui ist perfekt verarbeitet und verf\u00fcgt \u00fcber ein zentrales Fach f\u00fcr wichtige Dinge, damit Sie Ihre Gegenst\u00e4nde ordentlich aufbewahren k\u00f6nnen. Die RFID-Blockierungstechnologie sch\u00fctzt vor unerw\u00fcnschtem Scannen Ihrer Kredit- und Debitkarten, w\u00e4hrend die kontrastierenden Details einen Hauch von modernem Flair verleihen. Das kultige Calvin Klein-Logo ist dezent eingearbeitet und best\u00e4tigt Ihre Entscheidung f\u00fcr High-End-Mode. Perfekt f\u00fcr Minimalisten, die ein mutiges Statement setzen wollen.<\/p>\n<p>Material: 65% Polyester, 35% Polyethylen<br \/>\nAlkuper\u00e4maa: CN<br \/>\nV\u00e4ri: Musta<\/p>","protected":false},"excerpt":{"rendered":"<p>Mit diesem Kartenhalter von Calvin Klein sind Sie elegant und sicher unterwegs. Das Kartenetui ist perfekt verarbeitet und verf\u00fcgt \u00fcber ein zentrales Fach f\u00fcr wichtige Dinge, damit Sie Ihre Gegenst\u00e4nde ordentlich aufbewahren k\u00f6nnen. Die RFID-Blockierungstechnologie sch\u00fctzt vor unerw\u00fcnschtem Scannen Ihrer Kredit- und Debitkarten, w\u00e4hrend die kontrastierenden Details einen Hauch von modernem Flair verleihen. Das kultige [&hellip;]<\/p>","protected":false},"featured_media":315004,"template":"","meta":[],"product_brand":[2188],"product_cat":[1721,1629],"product_tag":[],"class_list":{"0":"post-315007","1":"product","2":"type-product","3":"status-publish","4":"has-post-thumbnail","6":"product_brand-calvin-klein","7":"product_cat-geldboersen","8":"product_cat-maenner","10":"first","11":"instock","12":"sale","13":"taxable","14":"shipping-taxable","15":"purchasable","16":"product-type-simple"},"_links":{"self":[{"href":"https:\/\/tpmadalina42.supserv.cozmoslabs.com\/fi\/wp-json\/wp\/v2\/product\/315007","targetHints":{"allow":["GET"]}}],"collection":[{"href":"https:\/\/tpmadalina42.supserv.cozmoslabs.com\/fi\/wp-json\/wp\/v2\/product"}],"about":[{"href":"https:\/\/tpmadalina42.supserv.cozmoslabs.com\/fi\/wp-json\/wp\/v2\/types\/product"}],"wp:featuredmedia":[{"embeddable":true,"href":"https:\/\/tpmadalina42.supserv.cozmoslabs.com\/fi\/wp-json\/wp\/v2\/media\/315004"}],"wp:attachment":[{"href":"https:\/\/tpmadalina42.supserv.cozmoslabs.com\/fi\/wp-json\/wp\/v2\/media?parent=315007"}],"wp:term":[{"taxonomy":"product_brand","embeddable":true,"href":"https:\/\/tpmadalina42.supserv.cozmoslabs.com\/fi\/wp-json\/wp\/v2\/product_brand?post=315007"},{"taxonomy":"product_cat","embeddable":true,"href":"https:\/\/tpmadalina42.supserv.cozmoslabs.com\/fi\/wp-json\/wp\/v2\/product_cat?post=315007"},{"taxonomy":"product_tag","embeddable":true,"href":"https:\/\/tpmadalina42.supserv.cozmoslabs.com\/fi\/wp-json\/wp\/v2\/product_tag?post=315007"}],"curies":[{"name":"wp","href":"https:\/\/api.w.org\/{rel}","templated":true}]}}