{"id":315263,"date":"2024-11-22T16:38:34","date_gmt":"2024-11-22T15:38:34","guid":{"rendered":"https:\/\/glandine.com\/product\/harmont-blaine-grauer-pullover-aus-wolle-fuer-maenner-7\/"},"modified":"2024-12-02T19:42:26","modified_gmt":"2024-12-02T18:42:26","slug":"harmont-blaine-grauer-pullover-aus-wolle-fuer-maenner-7","status":"publish","type":"product","link":"https:\/\/tpmadalina42.supserv.cozmoslabs.com\/fi\/tuote-2\/harmont-blaine-grauer-pullover-aus-wolle-fuer-maenner-7\/","title":{"rendered":"Harmont &amp; Blaine Grauer Pullover aus Wolle f\u00fcr M\u00e4nner"},"content":{"rendered":"<p>Mit diesem eleganten Rollkragenpullover von Harmont &amp; Blaine verleihen Sie Ihrem Outfit den letzten Schliff. Mit seinen langen \u00c4rmeln und dem bequemen halben Rei\u00dfverschluss ist er die perfekte Mischung f\u00fcr den modernen Mann. Die kontrastierenden Details und die schicke Stickerei mit dem unverkennbaren Harmont &amp; Blaine-Logo verleihen ihm einen Hauch von Luxus und Exklusivit\u00e4t. Gefertigt aus einer hochwertigen Mischung aus 40 % Wolle, 10 % Kaschmir, 30 % Viskose und 20 % Polyamid, verspricht er sowohl W\u00e4rme als auch dauerhaften Komfort. Der in Italien gefertigte Pullover in einem vielseitigen Grauton, der sich in jede Herrengarderobe einf\u00fcgt, ist ein Zeugnis feiner Handwerkskunst und anspruchsvollen Geschmacks.<\/p>\n<p>Material: 40% Wolle, 10% Kaschmir, 30% Viskose, 20% Polyamid<br \/>\nAlkuper\u00e4maa: IT<br \/>\nV\u00e4ri: Harmaa<\/p>","protected":false},"excerpt":{"rendered":"<p>Mit diesem eleganten Rollkragenpullover von Harmont &amp; Blaine verleihen Sie Ihrem Outfit den letzten Schliff. Mit seinen langen \u00c4rmeln und dem bequemen halben Rei\u00dfverschluss ist er die perfekte Mischung f\u00fcr den modernen Mann. Die kontrastierenden Details und die schicke Stickerei mit dem unverkennbaren Harmont &amp; Blaine-Logo verleihen ihm einen Hauch von Luxus und Exklusivit\u00e4t. Gefertigt [&hellip;]<\/p>","protected":false},"featured_media":315261,"template":"","meta":[],"product_brand":[2349],"product_cat":[1633,1623],"product_tag":[],"class_list":{"0":"post-315263","1":"product","2":"type-product","3":"status-publish","4":"has-post-thumbnail","6":"product_brand-harmont-blaine","7":"product_cat-maenner-kleidung","8":"product_cat-kleidung","10":"first","11":"instock","12":"sale","13":"taxable","14":"shipping-taxable","15":"purchasable","16":"product-type-variable"},"_links":{"self":[{"href":"https:\/\/tpmadalina42.supserv.cozmoslabs.com\/fi\/wp-json\/wp\/v2\/product\/315263","targetHints":{"allow":["GET"]}}],"collection":[{"href":"https:\/\/tpmadalina42.supserv.cozmoslabs.com\/fi\/wp-json\/wp\/v2\/product"}],"about":[{"href":"https:\/\/tpmadalina42.supserv.cozmoslabs.com\/fi\/wp-json\/wp\/v2\/types\/product"}],"wp:featuredmedia":[{"embeddable":true,"href":"https:\/\/tpmadalina42.supserv.cozmoslabs.com\/fi\/wp-json\/wp\/v2\/media\/315261"}],"wp:attachment":[{"href":"https:\/\/tpmadalina42.supserv.cozmoslabs.com\/fi\/wp-json\/wp\/v2\/media?parent=315263"}],"wp:term":[{"taxonomy":"product_brand","embeddable":true,"href":"https:\/\/tpmadalina42.supserv.cozmoslabs.com\/fi\/wp-json\/wp\/v2\/product_brand?post=315263"},{"taxonomy":"product_cat","embeddable":true,"href":"https:\/\/tpmadalina42.supserv.cozmoslabs.com\/fi\/wp-json\/wp\/v2\/product_cat?post=315263"},{"taxonomy":"product_tag","embeddable":true,"href":"https:\/\/tpmadalina42.supserv.cozmoslabs.com\/fi\/wp-json\/wp\/v2\/product_tag?post=315263"}],"curies":[{"name":"wp","href":"https:\/\/api.w.org\/{rel}","templated":true}]}}