{"id":315301,"date":"2024-11-22T16:40:47","date_gmt":"2024-11-22T15:40:47","guid":{"rendered":"https:\/\/glandine.com\/product\/tommy-hilfiger-schwarzes-leder-herren-portemonnaie-4\/"},"modified":"2024-11-30T02:28:59","modified_gmt":"2024-11-30T01:28:59","slug":"tommy-hilfiger-schwarzes-leder-herren-portemonnaie-4","status":"publish","type":"product","link":"https:\/\/tpmadalina42.supserv.cozmoslabs.com\/fi\/tuote-2\/tommy-hilfiger-schwarzes-leder-herren-portemonnaie-4\/","title":{"rendered":"Tommy Hilfiger musta nahkainen miesten lompakko"},"content":{"rendered":"<p>Mit diesem eleganten und raffinierten Tommy Hilfiger Portemonnaie k\u00f6nnen Sie Ihre Accessoires aufwerten. Sie wurde f\u00fcr Ihren mobilen Lebensstil entworfen und verf\u00fcgt \u00fcber zwei F\u00e4cher, in denen Sie Ihre Karten stilvoll aufbewahren k\u00f6nnen. Das charakteristische Tommy Hilfiger-Logo ist ein Zeichen f\u00fcr Qualit\u00e4t und modische Kompetenz. Das Portemonnaie ist aus 100 % hochwertigem Leder gefertigt und vereint Funktionalit\u00e4t und Eleganz in einem kultigen schwarzen Farbton. Lassen Sie sich von der k\u00fchnen und trendigen Ausstrahlung von Tommy Hilfiger inspirieren und tragen Sie Ihre wichtigsten Dinge selbstbewusst bei sich.<\/p>\n<p>Materiaali: 100% nahka<br \/>\nAlkuper\u00e4maa: CN<br \/>\nV\u00e4ri: Musta<\/p>","protected":false},"excerpt":{"rendered":"<p>Mit diesem eleganten und raffinierten Tommy Hilfiger Portemonnaie k\u00f6nnen Sie Ihre Accessoires aufwerten. Sie wurde f\u00fcr Ihren mobilen Lebensstil entworfen und verf\u00fcgt \u00fcber zwei F\u00e4cher, in denen Sie Ihre Karten stilvoll aufbewahren k\u00f6nnen. Das charakteristische Tommy Hilfiger-Logo ist ein Zeichen f\u00fcr Qualit\u00e4t und modische Kompetenz. Das Portemonnaie ist aus 100 % hochwertigem Leder gefertigt und [&hellip;]<\/p>","protected":false},"featured_media":315298,"template":"","meta":[],"product_brand":[2177],"product_cat":[1721,1629],"product_tag":[],"class_list":{"0":"post-315301","1":"product","2":"type-product","3":"status-publish","4":"has-post-thumbnail","6":"product_brand-tommy-hilfiger","7":"product_cat-geldboersen","8":"product_cat-maenner","10":"first","11":"instock","12":"sale","13":"taxable","14":"shipping-taxable","15":"purchasable","16":"product-type-simple"},"_links":{"self":[{"href":"https:\/\/tpmadalina42.supserv.cozmoslabs.com\/fi\/wp-json\/wp\/v2\/product\/315301","targetHints":{"allow":["GET"]}}],"collection":[{"href":"https:\/\/tpmadalina42.supserv.cozmoslabs.com\/fi\/wp-json\/wp\/v2\/product"}],"about":[{"href":"https:\/\/tpmadalina42.supserv.cozmoslabs.com\/fi\/wp-json\/wp\/v2\/types\/product"}],"wp:featuredmedia":[{"embeddable":true,"href":"https:\/\/tpmadalina42.supserv.cozmoslabs.com\/fi\/wp-json\/wp\/v2\/media\/315298"}],"wp:attachment":[{"href":"https:\/\/tpmadalina42.supserv.cozmoslabs.com\/fi\/wp-json\/wp\/v2\/media?parent=315301"}],"wp:term":[{"taxonomy":"product_brand","embeddable":true,"href":"https:\/\/tpmadalina42.supserv.cozmoslabs.com\/fi\/wp-json\/wp\/v2\/product_brand?post=315301"},{"taxonomy":"product_cat","embeddable":true,"href":"https:\/\/tpmadalina42.supserv.cozmoslabs.com\/fi\/wp-json\/wp\/v2\/product_cat?post=315301"},{"taxonomy":"product_tag","embeddable":true,"href":"https:\/\/tpmadalina42.supserv.cozmoslabs.com\/fi\/wp-json\/wp\/v2\/product_tag?post=315301"}],"curies":[{"name":"wp","href":"https:\/\/api.w.org\/{rel}","templated":true}]}}