{"id":315305,"date":"2024-11-22T16:41:11","date_gmt":"2024-11-22T15:41:11","guid":{"rendered":"https:\/\/glandine.com\/product\/calvin-klein-schwarzes-leder-herren-portemonnaie-7\/"},"modified":"2024-12-09T12:45:01","modified_gmt":"2024-12-09T11:45:01","slug":"calvin-klein-schwarzes-leder-herren-portemonnaie-7","status":"publish","type":"product","link":"https:\/\/tpmadalina42.supserv.cozmoslabs.com\/fi\/tuote-2\/calvin-klein-schwarzes-leder-herren-portemonnaie-7\/","title":{"rendered":"Calvin Klein musta nahkainen miesten lompakko"},"content":{"rendered":"<p>Diese Calvin Klein Brieftasche f\u00fcr den modernen Gentleman ist ein elegantes Accessoire, das zu jedem Outfit passt. Ihr raffiniertes schwarzes \u00c4u\u00dferes l\u00e4sst sich \u00f6ffnen und bietet mit zwei Hauptf\u00e4chern, einem M\u00fcnzfach und zahlreichen Kartenf\u00e4chern Platz f\u00fcr alle wichtigen Dinge. Die RFID-Blockierungstechnologie sorgt daf\u00fcr, dass Ihre pers\u00f6nlichen Daten sicher sind, w\u00e4hrend sie gleichzeitig unaufdringliche Eleganz ausstrahlt. <\/p>\n<p>Materiaali: 100% nahka<br \/>\nAlkuper\u00e4maa: CN<br \/>\nV\u00e4ri: Musta<br \/>\nEigenschaft: RFID-Blocker<br \/>\nLogo: Gepr\u00e4gtes Calvin Klein-Logo<\/p>","protected":false},"excerpt":{"rendered":"<p>Diese Calvin Klein Brieftasche f\u00fcr den modernen Gentleman ist ein elegantes Accessoire, das zu jedem Outfit passt. Ihr raffiniertes schwarzes \u00c4u\u00dferes l\u00e4sst sich \u00f6ffnen und bietet mit zwei Hauptf\u00e4chern, einem M\u00fcnzfach und zahlreichen Kartenf\u00e4chern Platz f\u00fcr alle wichtigen Dinge. Die RFID-Blockierungstechnologie sorgt daf\u00fcr, dass Ihre pers\u00f6nlichen Daten sicher sind, w\u00e4hrend sie gleichzeitig unaufdringliche Eleganz ausstrahlt. [&hellip;]<\/p>","protected":false},"featured_media":315302,"template":"","meta":[],"product_brand":[2188],"product_cat":[1721,1629],"product_tag":[],"class_list":{"0":"post-315305","1":"product","2":"type-product","3":"status-publish","4":"has-post-thumbnail","6":"product_brand-calvin-klein","7":"product_cat-geldboersen","8":"product_cat-maenner","10":"first","11":"instock","12":"sale","13":"taxable","14":"shipping-taxable","15":"purchasable","16":"product-type-simple"},"_links":{"self":[{"href":"https:\/\/tpmadalina42.supserv.cozmoslabs.com\/fi\/wp-json\/wp\/v2\/product\/315305","targetHints":{"allow":["GET"]}}],"collection":[{"href":"https:\/\/tpmadalina42.supserv.cozmoslabs.com\/fi\/wp-json\/wp\/v2\/product"}],"about":[{"href":"https:\/\/tpmadalina42.supserv.cozmoslabs.com\/fi\/wp-json\/wp\/v2\/types\/product"}],"wp:featuredmedia":[{"embeddable":true,"href":"https:\/\/tpmadalina42.supserv.cozmoslabs.com\/fi\/wp-json\/wp\/v2\/media\/315302"}],"wp:attachment":[{"href":"https:\/\/tpmadalina42.supserv.cozmoslabs.com\/fi\/wp-json\/wp\/v2\/media?parent=315305"}],"wp:term":[{"taxonomy":"product_brand","embeddable":true,"href":"https:\/\/tpmadalina42.supserv.cozmoslabs.com\/fi\/wp-json\/wp\/v2\/product_brand?post=315305"},{"taxonomy":"product_cat","embeddable":true,"href":"https:\/\/tpmadalina42.supserv.cozmoslabs.com\/fi\/wp-json\/wp\/v2\/product_cat?post=315305"},{"taxonomy":"product_tag","embeddable":true,"href":"https:\/\/tpmadalina42.supserv.cozmoslabs.com\/fi\/wp-json\/wp\/v2\/product_tag?post=315305"}],"curies":[{"name":"wp","href":"https:\/\/api.w.org\/{rel}","templated":true}]}}