{"id":315375,"date":"2024-11-22T16:46:07","date_gmt":"2024-11-22T15:46:07","guid":{"rendered":"https:\/\/glandine.com\/product\/levis-blau-baumwolle-maenner-t-shirt-2\/"},"modified":"2024-11-30T02:34:57","modified_gmt":"2024-11-30T01:34:57","slug":"levis-blau-baumwolle-maenner-t-shirt-2","status":"publish","type":"product","link":"https:\/\/tpmadalina42.supserv.cozmoslabs.com\/fi\/tuote-2\/levis-blau-baumwolle-maenner-t-shirt-2\/","title":{"rendered":"Levi&#8217;s Blau Baumwolle M\u00e4nner T-Shirt"},"content":{"rendered":"<p>Entdecken Sie den zeitlosen amerikanischen Stil mit diesem Levi&#8217;s-T-Shirt im Vintage-Stil, das l\u00e4ssige Raffinesse verk\u00f6rpert. Kurze \u00c4rmel und ein klassischer Rundhalsausschnitt sorgen f\u00fcr eine l\u00e4ssige Ausstrahlung, w\u00e4hrend das kultige Levi&#8217;s-Logo, das dezent aufgestickt ist, Ihre Vorliebe f\u00fcr ein authentisches Modeerbe verdeutlicht. Dies ist nicht einfach nur ein T-Shirt, sondern ein Statement f\u00fcr m\u00fchelose Coolness.<\/p>\n<p>Materiaali: 100% puuvilla<br \/>\nHerkunftsland: PK<br \/>\nV\u00e4ri: Sininen<\/p>","protected":false},"excerpt":{"rendered":"<p>Entdecken Sie den zeitlosen amerikanischen Stil mit diesem Levi&#8217;s-T-Shirt im Vintage-Stil, das l\u00e4ssige Raffinesse verk\u00f6rpert. Kurze \u00c4rmel und ein klassischer Rundhalsausschnitt sorgen f\u00fcr eine l\u00e4ssige Ausstrahlung, w\u00e4hrend das kultige Levi&#8217;s-Logo, das dezent aufgestickt ist, Ihre Vorliebe f\u00fcr ein authentisches Modeerbe verdeutlicht. Dies ist nicht einfach nur ein T-Shirt, sondern ein Statement f\u00fcr m\u00fchelose Coolness. Material: [&hellip;]<\/p>","protected":false},"featured_media":315373,"template":"","meta":[],"product_brand":[2319],"product_cat":[1633,1623,1710],"product_tag":[],"class_list":{"0":"post-315375","1":"product","2":"type-product","3":"status-publish","4":"has-post-thumbnail","6":"product_brand-levis","7":"product_cat-maenner-kleidung","8":"product_cat-kleidung","9":"product_cat-t-shirts","11":"first","12":"instock","13":"sale","14":"taxable","15":"shipping-taxable","16":"purchasable","17":"product-type-variable"},"_links":{"self":[{"href":"https:\/\/tpmadalina42.supserv.cozmoslabs.com\/fi\/wp-json\/wp\/v2\/product\/315375","targetHints":{"allow":["GET"]}}],"collection":[{"href":"https:\/\/tpmadalina42.supserv.cozmoslabs.com\/fi\/wp-json\/wp\/v2\/product"}],"about":[{"href":"https:\/\/tpmadalina42.supserv.cozmoslabs.com\/fi\/wp-json\/wp\/v2\/types\/product"}],"wp:featuredmedia":[{"embeddable":true,"href":"https:\/\/tpmadalina42.supserv.cozmoslabs.com\/fi\/wp-json\/wp\/v2\/media\/315373"}],"wp:attachment":[{"href":"https:\/\/tpmadalina42.supserv.cozmoslabs.com\/fi\/wp-json\/wp\/v2\/media?parent=315375"}],"wp:term":[{"taxonomy":"product_brand","embeddable":true,"href":"https:\/\/tpmadalina42.supserv.cozmoslabs.com\/fi\/wp-json\/wp\/v2\/product_brand?post=315375"},{"taxonomy":"product_cat","embeddable":true,"href":"https:\/\/tpmadalina42.supserv.cozmoslabs.com\/fi\/wp-json\/wp\/v2\/product_cat?post=315375"},{"taxonomy":"product_tag","embeddable":true,"href":"https:\/\/tpmadalina42.supserv.cozmoslabs.com\/fi\/wp-json\/wp\/v2\/product_tag?post=315375"}],"curies":[{"name":"wp","href":"https:\/\/api.w.org\/{rel}","templated":true}]}}