{"id":316227,"date":"2024-11-22T17:34:21","date_gmt":"2024-11-22T16:34:21","guid":{"rendered":"https:\/\/glandine.com\/product\/calvin-klein-schwarze-polyethylen-maenner-umhaengetasche\/"},"modified":"2024-12-12T02:49:15","modified_gmt":"2024-12-12T01:49:15","slug":"calvin-klein-schwarze-polyethylen-maenner-umhaengetasche","status":"publish","type":"product","link":"https:\/\/tpmadalina42.supserv.cozmoslabs.com\/fi\/tuote-2\/calvin-klein-schwarze-polyethylen-maenner-umhaengetasche\/","title":{"rendered":"Calvin Klein Schwarze Polyethylen M\u00e4nner Umh\u00e4ngetasche"},"content":{"rendered":"<p>Peppen Sie Ihr Accessoire mit dieser eleganten Calvin Klein Umh\u00e4ngetasche auf. Diese Tasche wurde f\u00fcr den modernen Mann entworfen und ist ein Zeugnis f\u00fcr Stil und Funktionalit\u00e4t. Sie ist aus einem robusten Materialmix gefertigt und unterst\u00fctzt mit ihren recycelten Elementen Ihren umweltbewussten Lebensstil. Sie ist der perfekte Begleiter f\u00fcr all Ihre urbanen Abenteuer, mit einem Rei\u00dfverschluss, um Ihre Essentials zu sichern, und sowohl Au\u00dfen- als auch Innentaschen, um Ihre Gegenst\u00e4nde zu organisieren. Das auff\u00e4llige Logo unterstreicht ihre trendige Pr\u00e4senz und macht sie zu einem subtilen, aber starken Statement.<\/p>\n<p>Material: 10% Polyester, 90% Polyethylen<br \/>\nAlkuper\u00e4maa: CN<br \/>\nV\u00e4ri: Musta<\/p>","protected":false},"excerpt":{"rendered":"<p>Peppen Sie Ihr Accessoire mit dieser eleganten Calvin Klein Umh\u00e4ngetasche auf. Diese Tasche wurde f\u00fcr den modernen Mann entworfen und ist ein Zeugnis f\u00fcr Stil und Funktionalit\u00e4t. Sie ist aus einem robusten Materialmix gefertigt und unterst\u00fctzt mit ihren recycelten Elementen Ihren umweltbewussten Lebensstil. Sie ist der perfekte Begleiter f\u00fcr all Ihre urbanen Abenteuer, mit einem [&hellip;]<\/p>","protected":false},"featured_media":316224,"template":"","meta":[],"product_brand":[2188],"product_cat":[1629,1744],"product_tag":[],"class_list":{"0":"post-316227","1":"product","2":"type-product","3":"status-publish","4":"has-post-thumbnail","6":"product_brand-calvin-klein","7":"product_cat-maenner","8":"product_cat-umhaengetaschen","10":"first","11":"instock","12":"sale","13":"taxable","14":"shipping-taxable","15":"purchasable","16":"product-type-simple"},"_links":{"self":[{"href":"https:\/\/tpmadalina42.supserv.cozmoslabs.com\/fi\/wp-json\/wp\/v2\/product\/316227","targetHints":{"allow":["GET"]}}],"collection":[{"href":"https:\/\/tpmadalina42.supserv.cozmoslabs.com\/fi\/wp-json\/wp\/v2\/product"}],"about":[{"href":"https:\/\/tpmadalina42.supserv.cozmoslabs.com\/fi\/wp-json\/wp\/v2\/types\/product"}],"wp:featuredmedia":[{"embeddable":true,"href":"https:\/\/tpmadalina42.supserv.cozmoslabs.com\/fi\/wp-json\/wp\/v2\/media\/316224"}],"wp:attachment":[{"href":"https:\/\/tpmadalina42.supserv.cozmoslabs.com\/fi\/wp-json\/wp\/v2\/media?parent=316227"}],"wp:term":[{"taxonomy":"product_brand","embeddable":true,"href":"https:\/\/tpmadalina42.supserv.cozmoslabs.com\/fi\/wp-json\/wp\/v2\/product_brand?post=316227"},{"taxonomy":"product_cat","embeddable":true,"href":"https:\/\/tpmadalina42.supserv.cozmoslabs.com\/fi\/wp-json\/wp\/v2\/product_cat?post=316227"},{"taxonomy":"product_tag","embeddable":true,"href":"https:\/\/tpmadalina42.supserv.cozmoslabs.com\/fi\/wp-json\/wp\/v2\/product_tag?post=316227"}],"curies":[{"name":"wp","href":"https:\/\/api.w.org\/{rel}","templated":true}]}}